{"id":71305,"date":"2024-02-26T16:03:46","date_gmt":"2024-02-26T16:03:46","guid":{"rendered":"https:\/\/onlinehardwareshop.de\/index.php\/produkt\/logitech-z533-2-1-pc-lautsprecher-2\/"},"modified":"2025-05-13T23:47:03","modified_gmt":"2025-05-13T23:47:03","slug":"logitech-z533-2-1-pc-lautsprecher","status":"publish","type":"product","link":"https:\/\/onlinehardwareshop.de\/index.php\/produkt\/logitech-z533-2-1-pc-lautsprecher\/","title":{"rendered":"Logitech Z533 2.1 PC-Lautsprecher"},"content":{"rendered":"<p>Gib den Sound deiner Spiele, Filme oder Musik \u00fcber das Logitech Z533 2.1 Lautsprechersystem wieder. Diese Subwoofer-Lautsprecher verteilen den Klang gleichm\u00e4\u00dfig im ganzen Raum. Verbinde ihn \u00fcber die RCA-Buchse oder den 3,5-mm-Anschluss mit deinem Laptop, Desktop, Tablet oder Fernseher. Du kannst die Lautst\u00e4rke ganz einfach mit dem kabelgebundenen Lautst\u00e4rkeregler regeln.<\/p>\n","protected":false},"excerpt":{"rendered":"<p>Gib den Sound deiner Spiele, Filme oder Musik \u00fcber das Logitech Z533 2.1 Lautsprechersystem wieder. Diese Subwoofer-Lautsprecher verteilen den Klang gleichm\u00e4\u00dfig im ganzen Raum. Verbinde ihn \u00fcber die RCA-Buchse oder den 3,5-mm-Anschluss mit deinem Laptop, Desktop, Tablet oder Fernseher. Du kannst die Lautst\u00e4rke ganz einfach mit dem kabelgebundenen Lautst\u00e4rkeregler regeln.<\/p>\n","protected":false},"featured_media":0,"comment_status":"closed","ping_status":"open","template":"","meta":{"_acf_changed":false},"brand":[32],"product_brand":[],"product_cat":[47],"product_tag":[48],"class_list":{"0":"post-71305","1":"product","2":"type-product","3":"status-publish","5":"brand-logitech","6":"product_cat-pc-lautsprecher","7":"product_tag-pc-speakers","8":"pa_condition-new","9":"pa_coolblue-de-verzending-morgen-gratis-geliefert","10":"pa_ean-1743","11":"pa_mpn-980-001054","13":"first","14":"instock","15":"product-type-external"},"acf":[],"_links":{"self":[{"href":"https:\/\/onlinehardwareshop.de\/index.php\/wp-json\/wp\/v2\/product\/71305","targetHints":{"allow":["GET"]}}],"collection":[{"href":"https:\/\/onlinehardwareshop.de\/index.php\/wp-json\/wp\/v2\/product"}],"about":[{"href":"https:\/\/onlinehardwareshop.de\/index.php\/wp-json\/wp\/v2\/types\/product"}],"replies":[{"embeddable":true,"href":"https:\/\/onlinehardwareshop.de\/index.php\/wp-json\/wp\/v2\/comments?post=71305"}],"wp:attachment":[{"href":"https:\/\/onlinehardwareshop.de\/index.php\/wp-json\/wp\/v2\/media?parent=71305"}],"wp:term":[{"taxonomy":"brand","embeddable":true,"href":"https:\/\/onlinehardwareshop.de\/index.php\/wp-json\/wp\/v2\/brand?post=71305"},{"taxonomy":"product_brand","embeddable":true,"href":"https:\/\/onlinehardwareshop.de\/index.php\/wp-json\/wp\/v2\/product_brand?post=71305"},{"taxonomy":"product_cat","embeddable":true,"href":"https:\/\/onlinehardwareshop.de\/index.php\/wp-json\/wp\/v2\/product_cat?post=71305"},{"taxonomy":"product_tag","embeddable":true,"href":"https:\/\/onlinehardwareshop.de\/index.php\/wp-json\/wp\/v2\/product_tag?post=71305"}],"curies":[{"name":"wp","href":"https:\/\/api.w.org\/{rel}","templated":true}]}}