{"id":71289,"date":"2024-06-10T05:24:30","date_gmt":"2024-06-10T05:24:30","guid":{"rendered":"https:\/\/onlinehardwareshop.de\/index.php\/produkt\/marmitek-boomboom-460-2\/"},"modified":"2025-05-13T23:45:33","modified_gmt":"2025-05-13T23:45:33","slug":"marmitek-boomboom-460","status":"publish","type":"product","link":"https:\/\/onlinehardwareshop.de\/index.php\/produkt\/marmitek-boomboom-460\/","title":{"rendered":"Marmitek BoomBoom 460"},"content":{"rendered":"<p>Mit dem Musikempf\u00e4nger Marmitek BoomBoom 460 kannst du jedes Paar Stereolautsprecher in Bluetooth-Streamer verwandeln. Dieser Verst\u00e4rker ist ideal f\u00fcr R\u00e4ume, in denen du keinen Platz f\u00fcr ein Lautsprechersystem hast, aber trotzdem HiFi-Tonqualit\u00e4t genie\u00dfen m\u00f6chtest. Verbinde ihn \u00fcber Bluetooth mit deinem Smartphone oder Tablet. Der Verst\u00e4rker sendet dann Musik \u00fcber ein Kabel an die Lautsprecher. Dank der aptX-Unterst\u00fctzung wird Musik ohne Datenverlust gestreamt. So kannst du eine hohe Qualit\u00e4t genie\u00dfen, die mit dem Klang einer CD vergleichbar ist.<\/p>\n","protected":false},"excerpt":{"rendered":"<p>Mit dem Musikempf\u00e4nger Marmitek BoomBoom 460 kannst du jedes Paar Stereolautsprecher in Bluetooth-Streamer verwandeln. Dieser Verst\u00e4rker ist ideal f\u00fcr R\u00e4ume, in denen du keinen Platz f\u00fcr ein Lautsprechersystem hast, aber trotzdem HiFi-Tonqualit\u00e4t genie\u00dfen m\u00f6chtest. Verbinde ihn \u00fcber Bluetooth mit deinem Smartphone oder Tablet. Der Verst\u00e4rker sendet dann Musik \u00fcber ein Kabel an die Lautsprecher. Dank der aptX-Unterst\u00fctzung wird Musik ohne Datenverlust gestreamt. So kannst du eine hohe Qualit\u00e4t genie\u00dfen, die mit dem Klang einer CD vergleichbar ist.<\/p>\n","protected":false},"featured_media":0,"comment_status":"closed","ping_status":"open","template":"","meta":{"_acf_changed":false},"brand":[691],"product_brand":[],"product_cat":[1250],"product_tag":[1251],"class_list":{"0":"post-71289","1":"product","2":"type-product","3":"status-publish","5":"brand-marmitek","6":"product_cat-audio-streamer","7":"product_tag-audiostreamers-receivers","8":"pa_condition-new","9":"pa_coolblue-de-verzending-morgen-gratis-geliefert","10":"pa_ean-1702","11":"pa_mpn-1703","13":"first","14":"instock","15":"product-type-external"},"acf":[],"_links":{"self":[{"href":"https:\/\/onlinehardwareshop.de\/index.php\/wp-json\/wp\/v2\/product\/71289","targetHints":{"allow":["GET"]}}],"collection":[{"href":"https:\/\/onlinehardwareshop.de\/index.php\/wp-json\/wp\/v2\/product"}],"about":[{"href":"https:\/\/onlinehardwareshop.de\/index.php\/wp-json\/wp\/v2\/types\/product"}],"replies":[{"embeddable":true,"href":"https:\/\/onlinehardwareshop.de\/index.php\/wp-json\/wp\/v2\/comments?post=71289"}],"wp:attachment":[{"href":"https:\/\/onlinehardwareshop.de\/index.php\/wp-json\/wp\/v2\/media?parent=71289"}],"wp:term":[{"taxonomy":"brand","embeddable":true,"href":"https:\/\/onlinehardwareshop.de\/index.php\/wp-json\/wp\/v2\/brand?post=71289"},{"taxonomy":"product_brand","embeddable":true,"href":"https:\/\/onlinehardwareshop.de\/index.php\/wp-json\/wp\/v2\/product_brand?post=71289"},{"taxonomy":"product_cat","embeddable":true,"href":"https:\/\/onlinehardwareshop.de\/index.php\/wp-json\/wp\/v2\/product_cat?post=71289"},{"taxonomy":"product_tag","embeddable":true,"href":"https:\/\/onlinehardwareshop.de\/index.php\/wp-json\/wp\/v2\/product_tag?post=71289"}],"curies":[{"name":"wp","href":"https:\/\/api.w.org\/{rel}","templated":true}]}}