{"id":71271,"date":"2024-03-07T16:38:22","date_gmt":"2024-03-07T16:38:22","guid":{"rendered":"https:\/\/onlinehardwareshop.de\/index.php\/produkt\/canon-ef-50mm-f-1-8-stm-2\/"},"modified":"2025-05-13T23:43:58","modified_gmt":"2025-05-13T23:43:58","slug":"canon-ef-50mm-f-1-8-stm","status":"publish","type":"product","link":"https:\/\/onlinehardwareshop.de\/index.php\/produkt\/canon-ef-50mm-f-1-8-stm\/","title":{"rendered":"Canon EF 50mm f\/1.8 STM"},"content":{"rendered":"<p>Das Canon EF 50mm f\/1.8 STM ist ein lichtstarkes Objektiv f\u00fcr Canon Spiegelreflexkameras mit EF-Bajonett. Dank der gro\u00dfen maximalen Blende von f\/1,8 kannst du Fotos mit Hintergrundunsch\u00e4rfe aufnehmen und die Aufmerksamkeit auf dein Motiv lenken. So machst du wundersch\u00f6ne Portr\u00e4tfotos. Aufgrund des Schrittmotors (STM) eignet sich das Objektiv nicht nur f\u00fcr die Fotografie, sondern auch f\u00fcr Videoaufnahmen. Mit diesem Fokusantrieb kannst du sanft und leise auf dein Motiv fokussieren. Dadurch enthalten deine Videos keine st\u00f6renden Ger\u00e4usche.<\/p>\n","protected":false},"excerpt":{"rendered":"<p>Das Canon EF 50mm f\/1.8 STM ist ein lichtstarkes Objektiv f\u00fcr Canon Spiegelreflexkameras mit EF-Bajonett. Dank der gro\u00dfen maximalen Blende von f\/1,8 kannst du Fotos mit Hintergrundunsch\u00e4rfe aufnehmen und die Aufmerksamkeit auf dein Motiv lenken. So machst du wundersch\u00f6ne Portr\u00e4tfotos. Aufgrund des Schrittmotors (STM) eignet sich das Objektiv nicht nur f\u00fcr die Fotografie, sondern auch f\u00fcr Videoaufnahmen. Mit diesem Fokusantrieb kannst du sanft und leise auf dein Motiv fokussieren. Dadurch enthalten deine Videos keine st\u00f6renden Ger\u00e4usche.<\/p>\n","protected":false},"featured_media":0,"comment_status":"closed","ping_status":"open","template":"","meta":{"_acf_changed":false},"brand":[61],"product_brand":[],"product_cat":[187],"product_tag":[188],"class_list":{"0":"post-71271","1":"product","2":"type-product","3":"status-publish","5":"brand-canon","6":"product_cat-kameraobjektive","7":"product_tag-lenzen-voor-slr-cameras","8":"pa_condition-new","9":"pa_coolblue-de-verzending-morgen-gratis-geliefert","10":"pa_ean-1660","11":"pa_mpn-0570c005","13":"first","14":"instock","15":"product-type-external"},"acf":[],"_links":{"self":[{"href":"https:\/\/onlinehardwareshop.de\/index.php\/wp-json\/wp\/v2\/product\/71271","targetHints":{"allow":["GET"]}}],"collection":[{"href":"https:\/\/onlinehardwareshop.de\/index.php\/wp-json\/wp\/v2\/product"}],"about":[{"href":"https:\/\/onlinehardwareshop.de\/index.php\/wp-json\/wp\/v2\/types\/product"}],"replies":[{"embeddable":true,"href":"https:\/\/onlinehardwareshop.de\/index.php\/wp-json\/wp\/v2\/comments?post=71271"}],"wp:attachment":[{"href":"https:\/\/onlinehardwareshop.de\/index.php\/wp-json\/wp\/v2\/media?parent=71271"}],"wp:term":[{"taxonomy":"brand","embeddable":true,"href":"https:\/\/onlinehardwareshop.de\/index.php\/wp-json\/wp\/v2\/brand?post=71271"},{"taxonomy":"product_brand","embeddable":true,"href":"https:\/\/onlinehardwareshop.de\/index.php\/wp-json\/wp\/v2\/product_brand?post=71271"},{"taxonomy":"product_cat","embeddable":true,"href":"https:\/\/onlinehardwareshop.de\/index.php\/wp-json\/wp\/v2\/product_cat?post=71271"},{"taxonomy":"product_tag","embeddable":true,"href":"https:\/\/onlinehardwareshop.de\/index.php\/wp-json\/wp\/v2\/product_tag?post=71271"}],"curies":[{"name":"wp","href":"https:\/\/api.w.org\/{rel}","templated":true}]}}