{"id":71257,"date":"2024-11-14T13:41:27","date_gmt":"2024-11-14T13:41:27","guid":{"rendered":"https:\/\/onlinehardwareshop.de\/index.php\/produkt\/heos-link-2\/"},"modified":"2025-05-13T23:43:02","modified_gmt":"2025-05-13T23:43:02","slug":"heos-link","status":"publish","type":"product","link":"https:\/\/onlinehardwareshop.de\/index.php\/produkt\/heos-link\/","title":{"rendered":"HEOS Link"},"content":{"rendered":"<p>Der kompakte HEOS Link verwandelt deine gute alte Stereoanlage in ein modernes WLAN-Soundsystem. Kombiniere das Ger\u00e4t mit anderen HEOS-Lautsprechern f\u00fcr ein Multiroom-Setting und spiele sofort \u00fcberall im Haus Musik ab. Streame drahtlos Musik von Spotify, Internetradio und deinem eigenen Computernetzwerk. Verwende hierf\u00fcr die benutzerfreundliche HEOS-App. So hast du immer Zugriff auf deine Musiksammlung. Mit einem HEOS Multiroom-Setting kannst du jeden Tag Partystimmung erzeugen.<\/p>\n","protected":false},"excerpt":{"rendered":"<p>Der kompakte HEOS Link verwandelt deine gute alte Stereoanlage in ein modernes WLAN-Soundsystem. Kombiniere das Ger\u00e4t mit anderen HEOS-Lautsprechern f\u00fcr ein Multiroom-Setting und spiele sofort \u00fcberall im Haus Musik ab. Streame drahtlos Musik von Spotify, Internetradio und deinem eigenen Computernetzwerk. Verwende hierf\u00fcr die benutzerfreundliche HEOS-App. So hast du immer Zugriff auf deine Musiksammlung. Mit einem HEOS Multiroom-Setting kannst du jeden Tag Partystimmung erzeugen.<\/p>\n","protected":false},"featured_media":0,"comment_status":"closed","ping_status":"open","template":"","meta":{"_acf_changed":false},"brand":[943],"product_brand":[],"product_cat":[1250],"product_tag":[1251],"class_list":{"0":"post-71257","1":"product","2":"type-product","3":"status-publish","5":"brand-denon","6":"product_cat-audio-streamer","7":"product_tag-audiostreamers-receivers","8":"pa_condition-new","9":"pa_coolblue-de-verzending-morgen-gratis-geliefert","10":"pa_ean-1615","11":"pa_mpn-heoslinkhs2sre2","13":"first","14":"instock","15":"product-type-external"},"acf":[],"_links":{"self":[{"href":"https:\/\/onlinehardwareshop.de\/index.php\/wp-json\/wp\/v2\/product\/71257","targetHints":{"allow":["GET"]}}],"collection":[{"href":"https:\/\/onlinehardwareshop.de\/index.php\/wp-json\/wp\/v2\/product"}],"about":[{"href":"https:\/\/onlinehardwareshop.de\/index.php\/wp-json\/wp\/v2\/types\/product"}],"replies":[{"embeddable":true,"href":"https:\/\/onlinehardwareshop.de\/index.php\/wp-json\/wp\/v2\/comments?post=71257"}],"wp:attachment":[{"href":"https:\/\/onlinehardwareshop.de\/index.php\/wp-json\/wp\/v2\/media?parent=71257"}],"wp:term":[{"taxonomy":"brand","embeddable":true,"href":"https:\/\/onlinehardwareshop.de\/index.php\/wp-json\/wp\/v2\/brand?post=71257"},{"taxonomy":"product_brand","embeddable":true,"href":"https:\/\/onlinehardwareshop.de\/index.php\/wp-json\/wp\/v2\/product_brand?post=71257"},{"taxonomy":"product_cat","embeddable":true,"href":"https:\/\/onlinehardwareshop.de\/index.php\/wp-json\/wp\/v2\/product_cat?post=71257"},{"taxonomy":"product_tag","embeddable":true,"href":"https:\/\/onlinehardwareshop.de\/index.php\/wp-json\/wp\/v2\/product_tag?post=71257"}],"curies":[{"name":"wp","href":"https:\/\/api.w.org\/{rel}","templated":true}]}}