{"id":71255,"date":"2024-02-14T09:52:31","date_gmt":"2024-02-14T09:52:31","guid":{"rendered":"https:\/\/onlinehardwareshop.de\/index.php\/produkt\/targus-classic-15-schwarz-2\/"},"modified":"2025-05-13T23:42:52","modified_gmt":"2025-05-13T23:42:52","slug":"targus-classic-15-schwarz","status":"publish","type":"product","link":"https:\/\/onlinehardwareshop.de\/index.php\/produkt\/targus-classic-15-schwarz\/","title":{"rendered":"Targus Classic 15&#8220; Schwarz"},"content":{"rendered":"<p>In der Targus Classic 15,6 Zoll Laptoptasche kannst du einen Laptop und dessen Zubeh\u00f6r einfach und sicher mitnehmen. Das gepolsterte Laptopfach sch\u00fctzt deinen Laptop vor Schmutz, Kratzern und St\u00f6\u00dfen. Dinge, auf die du schnell zugreifen musst, werden im Vorderfach mit Rei\u00dfverschluss untergebracht. Du kannst die Tasche einfach \u00fcber der Schulter oder an den stabilen Griffen tragen.  Bitte beachte, dass die Gr\u00f6\u00dfe deines Laptops, wie z. B. 15 Zoll oder 17,3 Zoll, die Gr\u00f6\u00dfe des Bildschirms angibt, nicht die Gr\u00f6\u00dfe des ganzen Laptops. Wenn der Rand um deinen Bildschirm herum breit ist, w\u00e4hle zur Sicherheit ein Laptopfach eine Nummer gr\u00f6\u00dfer. So kannst du sicher sein, dass dein Laptop hineinpasst.<\/p>\n","protected":false},"excerpt":{"rendered":"<p>In der Targus Classic 15,6 Zoll Laptoptasche kannst du einen Laptop und dessen Zubeh\u00f6r einfach und sicher mitnehmen. Das gepolsterte Laptopfach sch\u00fctzt deinen Laptop vor Schmutz, Kratzern und St\u00f6\u00dfen. Dinge, auf die du schnell zugreifen musst, werden im Vorderfach mit Rei\u00dfverschluss untergebracht. Du kannst die Tasche einfach \u00fcber der Schulter oder an den stabilen Griffen tragen.  Bitte beachte, dass die Gr\u00f6\u00dfe deines Laptops, wie z. B. 15 Zoll oder 17,3 Zoll, die Gr\u00f6\u00dfe des Bildschirms angibt, nicht die Gr\u00f6\u00dfe des ganzen Laptops. Wenn der Rand um deinen Bildschirm herum breit ist, w\u00e4hle zur Sicherheit ein Laptopfach eine Nummer gr\u00f6\u00dfer. So kannst du sicher sein, dass dein Laptop hineinpasst.<\/p>\n","protected":false},"featured_media":0,"comment_status":"closed","ping_status":"open","template":"","meta":{"_acf_changed":false},"brand":[1610],"product_brand":[],"product_cat":[431],"product_tag":[432],"class_list":{"0":"post-71255","1":"product","2":"type-product","3":"status-publish","5":"brand-targus","6":"product_cat-umhngetaschen","7":"product_tag-niet-leren-schoudertassen","8":"pa_condition-new","9":"pa_coolblue-de-verzending-morgen-gratis-geliefert","10":"pa_ean-1608","11":"pa_mpn-cn415eu","13":"first","14":"instock","15":"product-type-external"},"acf":[],"_links":{"self":[{"href":"https:\/\/onlinehardwareshop.de\/index.php\/wp-json\/wp\/v2\/product\/71255","targetHints":{"allow":["GET"]}}],"collection":[{"href":"https:\/\/onlinehardwareshop.de\/index.php\/wp-json\/wp\/v2\/product"}],"about":[{"href":"https:\/\/onlinehardwareshop.de\/index.php\/wp-json\/wp\/v2\/types\/product"}],"replies":[{"embeddable":true,"href":"https:\/\/onlinehardwareshop.de\/index.php\/wp-json\/wp\/v2\/comments?post=71255"}],"wp:attachment":[{"href":"https:\/\/onlinehardwareshop.de\/index.php\/wp-json\/wp\/v2\/media?parent=71255"}],"wp:term":[{"taxonomy":"brand","embeddable":true,"href":"https:\/\/onlinehardwareshop.de\/index.php\/wp-json\/wp\/v2\/brand?post=71255"},{"taxonomy":"product_brand","embeddable":true,"href":"https:\/\/onlinehardwareshop.de\/index.php\/wp-json\/wp\/v2\/product_brand?post=71255"},{"taxonomy":"product_cat","embeddable":true,"href":"https:\/\/onlinehardwareshop.de\/index.php\/wp-json\/wp\/v2\/product_cat?post=71255"},{"taxonomy":"product_tag","embeddable":true,"href":"https:\/\/onlinehardwareshop.de\/index.php\/wp-json\/wp\/v2\/product_tag?post=71255"}],"curies":[{"name":"wp","href":"https:\/\/api.w.org\/{rel}","templated":true}]}}