{"id":71252,"date":"2024-04-03T08:43:47","date_gmt":"2024-04-03T08:43:47","guid":{"rendered":"https:\/\/onlinehardwareshop.de\/index.php\/produkt\/russell-hobbs-glass-2\/"},"modified":"2025-05-13T23:42:33","modified_gmt":"2025-05-13T23:42:33","slug":"russell-hobbs-glass","status":"publish","type":"product","link":"https:\/\/onlinehardwareshop.de\/index.php\/produkt\/russell-hobbs-glass\/","title":{"rendered":"Russell Hobbs Glass"},"content":{"rendered":"<p>Der Russell Hobbs Glass hat eine eingebaute Beleuchtung, die den Wasserkocher beim Kochen blau f\u00e4rbt. In Kombination mit dem Glasgeh\u00e4use ergibt dies einen sch\u00f6nen Effekt in deiner K\u00fcche. Der Wasserkocher hat eine Schnellkochfunktion f\u00fcr eine Tasse. Dazu f\u00fcllst du die Kanne bis zur angegebenen 1-Tassen-Markierung. Mit einem gro\u00dfen Fassungsverm\u00f6gen von 1,7\u00a0Litern ist der Wasserkocher auch f\u00fcr Teepartys mit Freunden geeignet. Du kannst damit Wasser f\u00fcr sieben Tassen Tee kochen.  Hinweis: Durch das transparente Glasgeh\u00e4use sind Kalkablagerungen eher sichtbar.<\/p>\n","protected":false},"excerpt":{"rendered":"<p>Der Russell Hobbs Glass hat eine eingebaute Beleuchtung, die den Wasserkocher beim Kochen blau f\u00e4rbt. In Kombination mit dem Glasgeh\u00e4use ergibt dies einen sch\u00f6nen Effekt in deiner K\u00fcche. Der Wasserkocher hat eine Schnellkochfunktion f\u00fcr eine Tasse. Dazu f\u00fcllst du die Kanne bis zur angegebenen 1-Tassen-Markierung. Mit einem gro\u00dfen Fassungsverm\u00f6gen von 1,7\u00a0Litern ist der Wasserkocher auch f\u00fcr Teepartys mit Freunden geeignet. Du kannst damit Wasser f\u00fcr sieben Tassen Tee kochen.  Hinweis: Durch das transparente Glasgeh\u00e4use sind Kalkablagerungen eher sichtbar.<\/p>\n","protected":false},"featured_media":0,"comment_status":"closed","ping_status":"open","template":"","meta":{"_acf_changed":false},"brand":[734],"product_brand":[],"product_cat":[716],"product_tag":[717],"class_list":{"0":"post-71252","1":"product","2":"type-product","3":"status-publish","5":"brand-russell-hobbs","6":"product_cat-wasserkocher","7":"product_tag-waterkokers","8":"pa_condition-new","9":"pa_coolblue-de-verzending-morgen-gratis-geliefert","10":"pa_ean-1591","11":"pa_mpn-21600-57","13":"first","14":"instock","15":"product-type-external"},"acf":[],"_links":{"self":[{"href":"https:\/\/onlinehardwareshop.de\/index.php\/wp-json\/wp\/v2\/product\/71252","targetHints":{"allow":["GET"]}}],"collection":[{"href":"https:\/\/onlinehardwareshop.de\/index.php\/wp-json\/wp\/v2\/product"}],"about":[{"href":"https:\/\/onlinehardwareshop.de\/index.php\/wp-json\/wp\/v2\/types\/product"}],"replies":[{"embeddable":true,"href":"https:\/\/onlinehardwareshop.de\/index.php\/wp-json\/wp\/v2\/comments?post=71252"}],"wp:attachment":[{"href":"https:\/\/onlinehardwareshop.de\/index.php\/wp-json\/wp\/v2\/media?parent=71252"}],"wp:term":[{"taxonomy":"brand","embeddable":true,"href":"https:\/\/onlinehardwareshop.de\/index.php\/wp-json\/wp\/v2\/brand?post=71252"},{"taxonomy":"product_brand","embeddable":true,"href":"https:\/\/onlinehardwareshop.de\/index.php\/wp-json\/wp\/v2\/product_brand?post=71252"},{"taxonomy":"product_cat","embeddable":true,"href":"https:\/\/onlinehardwareshop.de\/index.php\/wp-json\/wp\/v2\/product_cat?post=71252"},{"taxonomy":"product_tag","embeddable":true,"href":"https:\/\/onlinehardwareshop.de\/index.php\/wp-json\/wp\/v2\/product_tag?post=71252"}],"curies":[{"name":"wp","href":"https:\/\/api.w.org\/{rel}","templated":true}]}}