{"id":71238,"date":"2025-02-15T16:37:11","date_gmt":"2025-02-15T16:37:11","guid":{"rendered":"https:\/\/onlinehardwareshop.de\/index.php\/produkt\/canon-et-60-fr-canon-ef-75-300mm-2\/"},"modified":"2025-05-13T23:41:04","modified_gmt":"2025-05-13T23:41:04","slug":"canon-et-60-fr-canon-ef-75-300mm","status":"publish","type":"product","link":"https:\/\/onlinehardwareshop.de\/index.php\/produkt\/canon-et-60-fr-canon-ef-75-300mm\/","title":{"rendered":"Canon ET-60 f&#xFC;r Canon EF 75-300&#xA0;mm"},"content":{"rendered":"<p>Scheint die Sonne oder Licht einer anderen Quelle direkt ins Objektiv, kann unerw\u00fcnschter Lichteinfall auftreten. Schirme darum dein Objektiv mit einer Gegenlichtblende ab. Die Gegenlichtblende sorgt zugleich daf\u00fcr, dass St\u00f6\u00dfe nicht das Glas des Objektivs treffen. Geeignet f\u00fcr:  Canon EF 75-300mm f\/4-5.6 III USM Canon EF 75-300mm f\/4-5.6 III<\/p>\n","protected":false},"excerpt":{"rendered":"<p>Scheint die Sonne oder Licht einer anderen Quelle direkt ins Objektiv, kann unerw\u00fcnschter Lichteinfall auftreten. Schirme darum dein Objektiv mit einer Gegenlichtblende ab. Die Gegenlichtblende sorgt zugleich daf\u00fcr, dass St\u00f6\u00dfe nicht das Glas des Objektivs treffen. Geeignet f\u00fcr:  Canon EF 75-300mm f\/4-5.6 III USM Canon EF 75-300mm f\/4-5.6 III<\/p>\n","protected":false},"featured_media":0,"comment_status":"closed","ping_status":"open","template":"","meta":{"_acf_changed":false},"brand":[61],"product_brand":[],"product_cat":[1532],"product_tag":[1533],"class_list":{"0":"post-71238","1":"product","2":"type-product","3":"status-publish","5":"brand-canon","6":"product_cat-gegenlichtblenden","7":"product_tag-zonnekappen","8":"pa_condition-new","9":"pa_coolblue-de-verzending-morgen-gratis-geliefert","10":"pa_ean-1530","11":"pa_mpn-2637a001","13":"first","14":"instock","15":"product-type-external"},"acf":[],"_links":{"self":[{"href":"https:\/\/onlinehardwareshop.de\/index.php\/wp-json\/wp\/v2\/product\/71238","targetHints":{"allow":["GET"]}}],"collection":[{"href":"https:\/\/onlinehardwareshop.de\/index.php\/wp-json\/wp\/v2\/product"}],"about":[{"href":"https:\/\/onlinehardwareshop.de\/index.php\/wp-json\/wp\/v2\/types\/product"}],"replies":[{"embeddable":true,"href":"https:\/\/onlinehardwareshop.de\/index.php\/wp-json\/wp\/v2\/comments?post=71238"}],"wp:attachment":[{"href":"https:\/\/onlinehardwareshop.de\/index.php\/wp-json\/wp\/v2\/media?parent=71238"}],"wp:term":[{"taxonomy":"brand","embeddable":true,"href":"https:\/\/onlinehardwareshop.de\/index.php\/wp-json\/wp\/v2\/brand?post=71238"},{"taxonomy":"product_brand","embeddable":true,"href":"https:\/\/onlinehardwareshop.de\/index.php\/wp-json\/wp\/v2\/product_brand?post=71238"},{"taxonomy":"product_cat","embeddable":true,"href":"https:\/\/onlinehardwareshop.de\/index.php\/wp-json\/wp\/v2\/product_cat?post=71238"},{"taxonomy":"product_tag","embeddable":true,"href":"https:\/\/onlinehardwareshop.de\/index.php\/wp-json\/wp\/v2\/product_tag?post=71238"}],"curies":[{"name":"wp","href":"https:\/\/api.w.org\/{rel}","templated":true}]}}