{"id":71235,"date":"2025-04-17T21:53:54","date_gmt":"2025-04-17T21:53:54","guid":{"rendered":"https:\/\/onlinehardwareshop.de\/index.php\/produkt\/edifier-studio-r1280t-2-0-pc-lautsprecher-pro-paar-2\/"},"modified":"2025-05-13T23:40:50","modified_gmt":"2025-05-13T23:40:50","slug":"edifier-studio-r1280t-2-0-pc-lautsprecher-pro-paar","status":"publish","type":"product","link":"https:\/\/onlinehardwareshop.de\/index.php\/produkt\/edifier-studio-r1280t-2-0-pc-lautsprecher-pro-paar\/","title":{"rendered":"Edifier Studio R1280T 2.0 PC-Lautsprecher (pro Paar)"},"content":{"rendered":"<p>Das Edifier R1280T 2.0 Lautsprecherset ist ein hochwertiges Soundsystem mit 42 Watt Leistung. Das Lautsprecherset ist aktiv, das hei\u00dft, es hat einen eingebauten Verst\u00e4rker. Dieser R1280T hat zwei unabh\u00e4ngige RCA-Eing\u00e4nge, sodass du die Lautsprecher an mehrere Audioquellen anschlie\u00dfen kannst. Mit einer Fernbedienung kannst du die Lautst\u00e4rke einstellen. Au\u00dferdem stellst du die Lautst\u00e4rke, H\u00f6hen und B\u00e4sse an der Seite des Lautsprechers ein.<\/p>\n","protected":false},"excerpt":{"rendered":"<p>Das Edifier R1280T 2.0 Lautsprecherset ist ein hochwertiges Soundsystem mit 42 Watt Leistung. Das Lautsprecherset ist aktiv, das hei\u00dft, es hat einen eingebauten Verst\u00e4rker. Dieser R1280T hat zwei unabh\u00e4ngige RCA-Eing\u00e4nge, sodass du die Lautsprecher an mehrere Audioquellen anschlie\u00dfen kannst. Mit einer Fernbedienung kannst du die Lautst\u00e4rke einstellen. Au\u00dferdem stellst du die Lautst\u00e4rke, H\u00f6hen und B\u00e4sse an der Seite des Lautsprechers ein.<\/p>\n","protected":false},"featured_media":0,"comment_status":"closed","ping_status":"open","template":"","meta":{"_acf_changed":false},"brand":[1525],"product_brand":[],"product_cat":[47],"product_tag":[48],"class_list":{"0":"post-71235","1":"product","2":"type-product","3":"status-publish","5":"brand-edifier","6":"product_cat-pc-lautsprecher","7":"product_tag-pc-speakers","8":"pa_condition-new","9":"pa_coolblue-de-verzending-morgen-gratis-geliefert","10":"pa_ean-1523","11":"pa_mpn-r1280t","13":"first","14":"instock","15":"product-type-external"},"acf":[],"_links":{"self":[{"href":"https:\/\/onlinehardwareshop.de\/index.php\/wp-json\/wp\/v2\/product\/71235","targetHints":{"allow":["GET"]}}],"collection":[{"href":"https:\/\/onlinehardwareshop.de\/index.php\/wp-json\/wp\/v2\/product"}],"about":[{"href":"https:\/\/onlinehardwareshop.de\/index.php\/wp-json\/wp\/v2\/types\/product"}],"replies":[{"embeddable":true,"href":"https:\/\/onlinehardwareshop.de\/index.php\/wp-json\/wp\/v2\/comments?post=71235"}],"wp:attachment":[{"href":"https:\/\/onlinehardwareshop.de\/index.php\/wp-json\/wp\/v2\/media?parent=71235"}],"wp:term":[{"taxonomy":"brand","embeddable":true,"href":"https:\/\/onlinehardwareshop.de\/index.php\/wp-json\/wp\/v2\/brand?post=71235"},{"taxonomy":"product_brand","embeddable":true,"href":"https:\/\/onlinehardwareshop.de\/index.php\/wp-json\/wp\/v2\/product_brand?post=71235"},{"taxonomy":"product_cat","embeddable":true,"href":"https:\/\/onlinehardwareshop.de\/index.php\/wp-json\/wp\/v2\/product_cat?post=71235"},{"taxonomy":"product_tag","embeddable":true,"href":"https:\/\/onlinehardwareshop.de\/index.php\/wp-json\/wp\/v2\/product_tag?post=71235"}],"curies":[{"name":"wp","href":"https:\/\/api.w.org\/{rel}","templated":true}]}}