{"id":71231,"date":"2024-08-18T08:58:57","date_gmt":"2024-08-18T08:58:57","guid":{"rendered":"https:\/\/onlinehardwareshop.de\/index.php\/produkt\/krcher-staubsaugerbeutel-fr-wd-4-5-6-4x-2\/"},"modified":"2025-05-13T23:40:17","modified_gmt":"2025-05-13T23:40:17","slug":"krcher-staubsaugerbeutel-fr-wd-4-5-6-4x","status":"publish","type":"product","link":"https:\/\/onlinehardwareshop.de\/index.php\/produkt\/krcher-staubsaugerbeutel-fr-wd-4-5-6-4x\/","title":{"rendered":"K&#xE4;rcher Staubsaugerbeutel f&#xFC;r WD 4\/5\/6 (4x)"},"content":{"rendered":"<p>Diese vier Vliesfilterbeutel von K\u00e4rcher sind rei\u00dffester als Papierfilterbeutel und haben einen hohen Feinstaubr\u00fcckhaltegrad. Auch beim Wechseln dieser Staubsaugerbeutel wird dank des praktischen Verschlusssystems kein Dreck freigesetzt.   Geeignet f\u00fcr die K\u00e4rcher WD 4, K\u00e4rcher WD 5 und K\u00e4rcher WD 6 Serie.<\/p>\n","protected":false},"excerpt":{"rendered":"<p>Diese vier Vliesfilterbeutel von K\u00e4rcher sind rei\u00dffester als Papierfilterbeutel und haben einen hohen Feinstaubr\u00fcckhaltegrad. Auch beim Wechseln dieser Staubsaugerbeutel wird dank des praktischen Verschlusssystems kein Dreck freigesetzt.   Geeignet f\u00fcr die K\u00e4rcher WD 4, K\u00e4rcher WD 5 und K\u00e4rcher WD 6 Serie.<\/p>\n","protected":false},"featured_media":0,"comment_status":"closed","ping_status":"open","template":"","meta":{"_acf_changed":false},"brand":[294],"product_brand":[],"product_cat":[129],"product_tag":[130],"class_list":{"0":"post-71231","1":"product","2":"type-product","3":"status-publish","5":"brand-karcher","6":"product_cat-staubsaugerbeutel","7":"product_tag-stofzuigerzakken","8":"pa_condition-new","9":"pa_coolblue-de-verzending-morgen-gratis-geliefert","10":"pa_ean-1511","11":"pa_mpn-2-863-006-0","13":"first","14":"instock","15":"product-type-external"},"acf":[],"_links":{"self":[{"href":"https:\/\/onlinehardwareshop.de\/index.php\/wp-json\/wp\/v2\/product\/71231","targetHints":{"allow":["GET"]}}],"collection":[{"href":"https:\/\/onlinehardwareshop.de\/index.php\/wp-json\/wp\/v2\/product"}],"about":[{"href":"https:\/\/onlinehardwareshop.de\/index.php\/wp-json\/wp\/v2\/types\/product"}],"replies":[{"embeddable":true,"href":"https:\/\/onlinehardwareshop.de\/index.php\/wp-json\/wp\/v2\/comments?post=71231"}],"wp:attachment":[{"href":"https:\/\/onlinehardwareshop.de\/index.php\/wp-json\/wp\/v2\/media?parent=71231"}],"wp:term":[{"taxonomy":"brand","embeddable":true,"href":"https:\/\/onlinehardwareshop.de\/index.php\/wp-json\/wp\/v2\/brand?post=71231"},{"taxonomy":"product_brand","embeddable":true,"href":"https:\/\/onlinehardwareshop.de\/index.php\/wp-json\/wp\/v2\/product_brand?post=71231"},{"taxonomy":"product_cat","embeddable":true,"href":"https:\/\/onlinehardwareshop.de\/index.php\/wp-json\/wp\/v2\/product_cat?post=71231"},{"taxonomy":"product_tag","embeddable":true,"href":"https:\/\/onlinehardwareshop.de\/index.php\/wp-json\/wp\/v2\/product_tag?post=71231"}],"curies":[{"name":"wp","href":"https:\/\/api.w.org\/{rel}","templated":true}]}}