{"id":71229,"date":"2024-02-14T05:47:34","date_gmt":"2024-02-14T05:47:34","guid":{"rendered":"https:\/\/onlinehardwareshop.de\/index.php\/produkt\/venta-hygienemittel-500-ml-2\/"},"modified":"2025-05-13T23:40:07","modified_gmt":"2025-05-13T23:40:07","slug":"venta-hygienemittel-500-ml","status":"publish","type":"product","link":"https:\/\/onlinehardwareshop.de\/index.php\/produkt\/venta-hygienemittel-500-ml\/","title":{"rendered":"Venta Hygienemittel 500 ml"},"content":{"rendered":"<p>Das Venta Hygienemittel wird dem Wasser in deinem Venta Luftw\u00e4scher alle 10 bis 14 Tage zugesetzt. Das Produkt sorgt daf\u00fcr, dass die Scheiben des Luftw\u00e4schers gleichm\u00e4\u00dfig mit Feuchtigkeit versorgt werden. Es verhindert auch eine \u00fcberm\u00e4\u00dfige Verkalkung im Ger\u00e4t. Das Mittel verdunstet nicht und bleibt daher im Wassertank. Es zieht Kalk und Schmutz an, den du bei der Reinigung des Reservoirs leicht wegsp\u00fclen kannst.<\/p>\n","protected":false},"excerpt":{"rendered":"<p>Das Venta Hygienemittel wird dem Wasser in deinem Venta Luftw\u00e4scher alle 10 bis 14 Tage zugesetzt. Das Produkt sorgt daf\u00fcr, dass die Scheiben des Luftw\u00e4schers gleichm\u00e4\u00dfig mit Feuchtigkeit versorgt werden. Es verhindert auch eine \u00fcberm\u00e4\u00dfige Verkalkung im Ger\u00e4t. Das Mittel verdunstet nicht und bleibt daher im Wassertank. Es zieht Kalk und Schmutz an, den du bei der Reinigung des Reservoirs leicht wegsp\u00fclen kannst.<\/p>\n","protected":false},"featured_media":0,"comment_status":"closed","ping_status":"open","template":"","meta":{"_acf_changed":false},"brand":[1062],"product_brand":[],"product_cat":[1017],"product_tag":[1018],"class_list":{"0":"post-71229","1":"product","2":"type-product","3":"status-publish","5":"brand-venta","6":"product_cat-reinigungsmittel-fr-luftbefeuchter","7":"product_tag-schoonmaakmiddel-voor-luchtbevochtigers","8":"pa_condition-new","9":"pa_coolblue-de-verzending-morgen-gratis-geliefert","10":"pa_ean-1504","11":"pa_mpn-1505","13":"first","14":"instock","15":"product-type-external"},"acf":[],"_links":{"self":[{"href":"https:\/\/onlinehardwareshop.de\/index.php\/wp-json\/wp\/v2\/product\/71229","targetHints":{"allow":["GET"]}}],"collection":[{"href":"https:\/\/onlinehardwareshop.de\/index.php\/wp-json\/wp\/v2\/product"}],"about":[{"href":"https:\/\/onlinehardwareshop.de\/index.php\/wp-json\/wp\/v2\/types\/product"}],"replies":[{"embeddable":true,"href":"https:\/\/onlinehardwareshop.de\/index.php\/wp-json\/wp\/v2\/comments?post=71229"}],"wp:attachment":[{"href":"https:\/\/onlinehardwareshop.de\/index.php\/wp-json\/wp\/v2\/media?parent=71229"}],"wp:term":[{"taxonomy":"brand","embeddable":true,"href":"https:\/\/onlinehardwareshop.de\/index.php\/wp-json\/wp\/v2\/brand?post=71229"},{"taxonomy":"product_brand","embeddable":true,"href":"https:\/\/onlinehardwareshop.de\/index.php\/wp-json\/wp\/v2\/product_brand?post=71229"},{"taxonomy":"product_cat","embeddable":true,"href":"https:\/\/onlinehardwareshop.de\/index.php\/wp-json\/wp\/v2\/product_cat?post=71229"},{"taxonomy":"product_tag","embeddable":true,"href":"https:\/\/onlinehardwareshop.de\/index.php\/wp-json\/wp\/v2\/product_tag?post=71229"}],"curies":[{"name":"wp","href":"https:\/\/api.w.org\/{rel}","templated":true}]}}