{"id":71202,"date":"2024-04-04T16:30:31","date_gmt":"2024-04-04T16:30:31","guid":{"rendered":"https:\/\/onlinehardwareshop.de\/index.php\/produkt\/trust-remo-2-0-pc-lautsprecher-set-2\/"},"modified":"2025-05-13T23:38:18","modified_gmt":"2025-05-13T23:38:18","slug":"trust-remo-2-0-pc-lautsprecher-set","status":"publish","type":"product","link":"https:\/\/onlinehardwareshop.de\/index.php\/produkt\/trust-remo-2-0-pc-lautsprecher-set\/","title":{"rendered":"Trust Remo 2.0 PC-Lautsprecher-Set"},"content":{"rendered":"<p>Das Trust Remo 2.0 PC-Lautsprecherset ist ein einfaches Soundsystem, das sich zum Anschluss an deinen PC eignet. Du schlie\u00dft das System einfach \u00fcber USB und das mitgelieferte Audiokabel an. Der Trust Remo ist mit dem gro\u00dfen Lautst\u00e4rkeregler auf der Vorderseite einfach zu bedienen. Dreh ihn ganz runter und das Set geht aus.<\/p>\n","protected":false},"excerpt":{"rendered":"<p>Das Trust Remo 2.0 PC-Lautsprecherset ist ein einfaches Soundsystem, das sich zum Anschluss an deinen PC eignet. Du schlie\u00dft das System einfach \u00fcber USB und das mitgelieferte Audiokabel an. Der Trust Remo ist mit dem gro\u00dfen Lautst\u00e4rkeregler auf der Vorderseite einfach zu bedienen. Dreh ihn ganz runter und das Set geht aus.<\/p>\n","protected":false},"featured_media":0,"comment_status":"closed","ping_status":"open","template":"","meta":{"_acf_changed":false},"brand":[596],"product_brand":[],"product_cat":[47],"product_tag":[48],"class_list":{"0":"post-71202","1":"product","2":"type-product","3":"status-publish","5":"brand-trust","6":"product_cat-pc-lautsprecher","7":"product_tag-pc-speakers","8":"pa_condition-new","9":"pa_coolblue-de-verzending-morgen-gratis-geliefert","10":"pa_ean-1462","11":"pa_mpn-1463","13":"first","14":"instock","15":"product-type-external"},"acf":[],"_links":{"self":[{"href":"https:\/\/onlinehardwareshop.de\/index.php\/wp-json\/wp\/v2\/product\/71202","targetHints":{"allow":["GET"]}}],"collection":[{"href":"https:\/\/onlinehardwareshop.de\/index.php\/wp-json\/wp\/v2\/product"}],"about":[{"href":"https:\/\/onlinehardwareshop.de\/index.php\/wp-json\/wp\/v2\/types\/product"}],"replies":[{"embeddable":true,"href":"https:\/\/onlinehardwareshop.de\/index.php\/wp-json\/wp\/v2\/comments?post=71202"}],"wp:attachment":[{"href":"https:\/\/onlinehardwareshop.de\/index.php\/wp-json\/wp\/v2\/media?parent=71202"}],"wp:term":[{"taxonomy":"brand","embeddable":true,"href":"https:\/\/onlinehardwareshop.de\/index.php\/wp-json\/wp\/v2\/brand?post=71202"},{"taxonomy":"product_brand","embeddable":true,"href":"https:\/\/onlinehardwareshop.de\/index.php\/wp-json\/wp\/v2\/product_brand?post=71202"},{"taxonomy":"product_cat","embeddable":true,"href":"https:\/\/onlinehardwareshop.de\/index.php\/wp-json\/wp\/v2\/product_cat?post=71202"},{"taxonomy":"product_tag","embeddable":true,"href":"https:\/\/onlinehardwareshop.de\/index.php\/wp-json\/wp\/v2\/product_tag?post=71202"}],"curies":[{"name":"wp","href":"https:\/\/api.w.org\/{rel}","templated":true}]}}