{"id":71198,"date":"2024-11-22T11:06:52","date_gmt":"2024-11-22T11:06:52","guid":{"rendered":"https:\/\/onlinehardwareshop.de\/index.php\/produkt\/nilfisk-buddy-ii-12-2\/"},"modified":"2025-05-13T23:38:04","modified_gmt":"2025-05-13T23:38:04","slug":"nilfisk-buddy-ii-12","status":"publish","type":"product","link":"https:\/\/onlinehardwareshop.de\/index.php\/produkt\/nilfisk-buddy-ii-12\/","title":{"rendered":"Nilfisk Buddy II 12"},"content":{"rendered":"<p>Der Nilfisk Buddy 12 ist ein kompakter und leichter Allzweckstaubsauger. Dank seines leistungsstarken Motors setzt du ihn f\u00fcr alle m\u00f6glichen Arbeiten im und ums Haus ein. Der Allzweckstaubsauger nimmt sowohl Nasses als auch Trockenes auf. So saugst du im Handumdrehen eine Pf\u00fctze auf, aber auch Hunde- und Katzenhaare, die sich im ganzen Haus verteilt haben. Beim Saugen von trockenem Schmutz legst du allerdings immer einen Staubbeutel ein, um den Motor nicht zu besch\u00e4digen. M\u00f6chtest du auch schwer erreichbare Ecken und Ritzen sauber bekommen? Dann verwende das mitgelieferte Zubeh\u00f6r. Oder aktiviere die Blasfunktion des Nilfisk Buddy, um auch schwer zug\u00e4ngliche Stellen vom Staub zu befreien. Nilfisk bietet eine lebenslange Garantie auf seine Produkte. So bist du beim Kauf immer abgesichert.<\/p>\n","protected":false},"excerpt":{"rendered":"<p>Der Nilfisk Buddy 12 ist ein kompakter und leichter Allzweckstaubsauger. Dank seines leistungsstarken Motors setzt du ihn f\u00fcr alle m\u00f6glichen Arbeiten im und ums Haus ein. Der Allzweckstaubsauger nimmt sowohl Nasses als auch Trockenes auf. So saugst du im Handumdrehen eine Pf\u00fctze auf, aber auch Hunde- und Katzenhaare, die sich im ganzen Haus verteilt haben. Beim Saugen von trockenem Schmutz legst du allerdings immer einen Staubbeutel ein, um den Motor nicht zu besch\u00e4digen. M\u00f6chtest du auch schwer erreichbare Ecken und Ritzen sauber bekommen? Dann verwende das mitgelieferte Zubeh\u00f6r. Oder aktiviere die Blasfunktion des Nilfisk Buddy, um auch schwer zug\u00e4ngliche Stellen vom Staub zu befreien. Nilfisk bietet eine lebenslange Garantie auf seine Produkte. So bist du beim Kauf immer abgesichert.<\/p>\n","protected":false},"featured_media":0,"comment_status":"closed","ping_status":"open","template":"","meta":{"_acf_changed":false},"brand":[289],"product_brand":[],"product_cat":[1449],"product_tag":[1450],"class_list":{"0":"post-71198","1":"product","2":"type-product","3":"status-publish","5":"brand-nilfisk","6":"product_cat-industriestaubsauger","7":"product_tag-netstroom-bouwstofzuigers","8":"pa_condition-new","9":"pa_coolblue-de-verzending-morgen-gratis-geliefert","10":"pa_ean-1447","11":"pa_mpn-1448","13":"first","14":"instock","15":"product-type-external"},"acf":[],"_links":{"self":[{"href":"https:\/\/onlinehardwareshop.de\/index.php\/wp-json\/wp\/v2\/product\/71198","targetHints":{"allow":["GET"]}}],"collection":[{"href":"https:\/\/onlinehardwareshop.de\/index.php\/wp-json\/wp\/v2\/product"}],"about":[{"href":"https:\/\/onlinehardwareshop.de\/index.php\/wp-json\/wp\/v2\/types\/product"}],"replies":[{"embeddable":true,"href":"https:\/\/onlinehardwareshop.de\/index.php\/wp-json\/wp\/v2\/comments?post=71198"}],"wp:attachment":[{"href":"https:\/\/onlinehardwareshop.de\/index.php\/wp-json\/wp\/v2\/media?parent=71198"}],"wp:term":[{"taxonomy":"brand","embeddable":true,"href":"https:\/\/onlinehardwareshop.de\/index.php\/wp-json\/wp\/v2\/brand?post=71198"},{"taxonomy":"product_brand","embeddable":true,"href":"https:\/\/onlinehardwareshop.de\/index.php\/wp-json\/wp\/v2\/product_brand?post=71198"},{"taxonomy":"product_cat","embeddable":true,"href":"https:\/\/onlinehardwareshop.de\/index.php\/wp-json\/wp\/v2\/product_cat?post=71198"},{"taxonomy":"product_tag","embeddable":true,"href":"https:\/\/onlinehardwareshop.de\/index.php\/wp-json\/wp\/v2\/product_tag?post=71198"}],"curies":[{"name":"wp","href":"https:\/\/api.w.org\/{rel}","templated":true}]}}