{"id":71150,"date":"2024-08-31T12:48:57","date_gmt":"2024-08-31T12:48:57","guid":{"rendered":"https:\/\/onlinehardwareshop.de\/index.php\/produkt\/nikon-prostaff-5-12x50-2\/"},"modified":"2025-05-13T23:34:11","modified_gmt":"2025-05-13T23:34:11","slug":"nikon-prostaff-5-12x50","status":"publish","type":"product","link":"https:\/\/onlinehardwareshop.de\/index.php\/produkt\/nikon-prostaff-5-12x50\/","title":{"rendered":"Nikon Prostaff 5 12&#215;50"},"content":{"rendered":"<p>Das Nikon Prostaff 5 12&#215;50 bietet eine bis zu 12-fache Vergr\u00f6\u00dferung. Mit diesem Fernglas kann man m\u00fchelos Tiere in der Ferne beobachten, zum Beispiel V\u00f6gel im Flug. Spezielle Beschichtungen der Linsen verhindern Reflexionen. Somit ist das Bild klar. Anhand des Dioptrienreglers l\u00e4sst sich die Sch\u00e4rfe auf deine Sehst\u00e4rke einstellen, wenn du eine Sehschw\u00e4che hast. Dank des langen Augenabstands eignet sich das Fernglas auch f\u00fcr Brillentr\u00e4ger. Ferner l\u00e4sst sich das Fernglas dank der wasserdichten Konstruktion an regnerischen Tagen problemlos verwenden. Das ist angenehm, wenn man zum Beispiel exotische Tiere in den Tropen beobachtet. Da das Fernglas eine gummierte Oberfl\u00e4che hat, ist es sehr griffig. So rutscht es dir nicht schnell aus der Hand.<\/p>\n","protected":false},"excerpt":{"rendered":"<p>Das Nikon Prostaff 5 12&#215;50 bietet eine bis zu 12-fache Vergr\u00f6\u00dferung. Mit diesem Fernglas kann man m\u00fchelos Tiere in der Ferne beobachten, zum Beispiel V\u00f6gel im Flug. Spezielle Beschichtungen der Linsen verhindern Reflexionen. Somit ist das Bild klar. Anhand des Dioptrienreglers l\u00e4sst sich die Sch\u00e4rfe auf deine Sehst\u00e4rke einstellen, wenn du eine Sehschw\u00e4che hast. Dank des langen Augenabstands eignet sich das Fernglas auch f\u00fcr Brillentr\u00e4ger. Ferner l\u00e4sst sich das Fernglas dank der wasserdichten Konstruktion an regnerischen Tagen problemlos verwenden. Das ist angenehm, wenn man zum Beispiel exotische Tiere in den Tropen beobachtet. Da das Fernglas eine gummierte Oberfl\u00e4che hat, ist es sehr griffig. So rutscht es dir nicht schnell aus der Hand.<\/p>\n","protected":false},"featured_media":0,"comment_status":"closed","ping_status":"open","template":"","meta":{"_acf_changed":false},"brand":[133],"product_brand":[],"product_cat":[448],"product_tag":[1304],"class_list":{"0":"post-71150","1":"product","2":"type-product","3":"status-publish","5":"brand-nikon","6":"product_cat-fernglser","7":"product_tag-dakkant-verrekijkers","8":"pa_condition-new","9":"pa_coolblue-de-verzending-morgen-gratis-geliefert","10":"pa_ean-33666","11":"pa_mpn-baa823sa","13":"first","14":"instock","15":"product-type-external"},"acf":[],"_links":{"self":[{"href":"https:\/\/onlinehardwareshop.de\/index.php\/wp-json\/wp\/v2\/product\/71150","targetHints":{"allow":["GET"]}}],"collection":[{"href":"https:\/\/onlinehardwareshop.de\/index.php\/wp-json\/wp\/v2\/product"}],"about":[{"href":"https:\/\/onlinehardwareshop.de\/index.php\/wp-json\/wp\/v2\/types\/product"}],"replies":[{"embeddable":true,"href":"https:\/\/onlinehardwareshop.de\/index.php\/wp-json\/wp\/v2\/comments?post=71150"}],"wp:attachment":[{"href":"https:\/\/onlinehardwareshop.de\/index.php\/wp-json\/wp\/v2\/media?parent=71150"}],"wp:term":[{"taxonomy":"brand","embeddable":true,"href":"https:\/\/onlinehardwareshop.de\/index.php\/wp-json\/wp\/v2\/brand?post=71150"},{"taxonomy":"product_brand","embeddable":true,"href":"https:\/\/onlinehardwareshop.de\/index.php\/wp-json\/wp\/v2\/product_brand?post=71150"},{"taxonomy":"product_cat","embeddable":true,"href":"https:\/\/onlinehardwareshop.de\/index.php\/wp-json\/wp\/v2\/product_cat?post=71150"},{"taxonomy":"product_tag","embeddable":true,"href":"https:\/\/onlinehardwareshop.de\/index.php\/wp-json\/wp\/v2\/product_tag?post=71150"}],"curies":[{"name":"wp","href":"https:\/\/api.w.org\/{rel}","templated":true}]}}