{"id":71124,"date":"2024-07-20T22:55:15","date_gmt":"2024-07-20T22:55:15","guid":{"rendered":"https:\/\/onlinehardwareshop.de\/index.php\/produkt\/vogels-tms-1030-tablet-flex-pack-2\/"},"modified":"2025-05-13T23:31:52","modified_gmt":"2025-05-13T23:31:52","slug":"vogels-tms-1030-tablet-flex-pack","status":"publish","type":"product","link":"https:\/\/onlinehardwareshop.de\/index.php\/produkt\/vogels-tms-1030-tablet-flex-pack\/","title":{"rendered":"Vogel&#8217;s TMS 1030 Tablet Flex Pack"},"content":{"rendered":"<p>Wir wissen aus Erfahrung, dass die Zubereitung eines 6-G\u00e4nge-Men\u00fcs mit einem Tablet in der Hand genauso schwierig ist wie die Bedienung eines Tablets mit einem 6-G\u00e4nge-Men\u00fc in der Hand. Zum Gl\u00fcck bietet das TMS 1030 Tablet Flex Pack von Vogel&#8217;s eine perfekte L\u00f6sung. Diese flexible Wandhalterung ist ideal in der K\u00fcche oder an jedem anderen Ort im Haus. Die Halterung ist f\u00fcr Tablets mit einem Bildschirm zwischen 7 und 13 Zoll geeignet.<\/p>\n","protected":false},"excerpt":{"rendered":"<p>Wir wissen aus Erfahrung, dass die Zubereitung eines 6-G\u00e4nge-Men\u00fcs mit einem Tablet in der Hand genauso schwierig ist wie die Bedienung eines Tablets mit einem 6-G\u00e4nge-Men\u00fc in der Hand. Zum Gl\u00fcck bietet das TMS 1030 Tablet Flex Pack von Vogel&#8217;s eine perfekte L\u00f6sung. Diese flexible Wandhalterung ist ideal in der K\u00fcche oder an jedem anderen Ort im Haus. Die Halterung ist f\u00fcr Tablets mit einem Bildschirm zwischen 7 und 13 Zoll geeignet.<\/p>\n","protected":false},"featured_media":0,"comment_status":"closed","ping_status":"open","template":"","meta":{"_acf_changed":false},"brand":[1237],"product_brand":[],"product_cat":[1238],"product_tag":[1239],"class_list":{"0":"post-71124","1":"product","2":"type-product","3":"status-publish","5":"brand-vogels","6":"product_cat-halterungen-fr-tablets","7":"product_tag-houders-voor-tablets","8":"pa_condition-new","9":"pa_coolblue-de-verzending-morgen-gratis-geliefert","10":"pa_ean-1242","11":"pa_mpn-1243","13":"first","14":"instock","15":"product-type-external"},"acf":[],"_links":{"self":[{"href":"https:\/\/onlinehardwareshop.de\/index.php\/wp-json\/wp\/v2\/product\/71124","targetHints":{"allow":["GET"]}}],"collection":[{"href":"https:\/\/onlinehardwareshop.de\/index.php\/wp-json\/wp\/v2\/product"}],"about":[{"href":"https:\/\/onlinehardwareshop.de\/index.php\/wp-json\/wp\/v2\/types\/product"}],"replies":[{"embeddable":true,"href":"https:\/\/onlinehardwareshop.de\/index.php\/wp-json\/wp\/v2\/comments?post=71124"}],"wp:attachment":[{"href":"https:\/\/onlinehardwareshop.de\/index.php\/wp-json\/wp\/v2\/media?parent=71124"}],"wp:term":[{"taxonomy":"brand","embeddable":true,"href":"https:\/\/onlinehardwareshop.de\/index.php\/wp-json\/wp\/v2\/brand?post=71124"},{"taxonomy":"product_brand","embeddable":true,"href":"https:\/\/onlinehardwareshop.de\/index.php\/wp-json\/wp\/v2\/product_brand?post=71124"},{"taxonomy":"product_cat","embeddable":true,"href":"https:\/\/onlinehardwareshop.de\/index.php\/wp-json\/wp\/v2\/product_cat?post=71124"},{"taxonomy":"product_tag","embeddable":true,"href":"https:\/\/onlinehardwareshop.de\/index.php\/wp-json\/wp\/v2\/product_tag?post=71124"}],"curies":[{"name":"wp","href":"https:\/\/api.w.org\/{rel}","templated":true}]}}