{"id":71118,"date":"2024-09-29T22:29:53","date_gmt":"2024-09-29T22:29:53","guid":{"rendered":"https:\/\/onlinehardwareshop.de\/index.php\/produkt\/canon-ef-s-10-18mm-f-4-5-5-6-2\/"},"modified":"2025-05-13T23:31:14","modified_gmt":"2025-05-13T23:31:14","slug":"canon-ef-s-10-18mm-f-4-5-5-6","status":"publish","type":"product","link":"https:\/\/onlinehardwareshop.de\/index.php\/produkt\/canon-ef-s-10-18mm-f-4-5-5-6\/","title":{"rendered":"Canon EF-S 10-18mm f\/4.5-5.6"},"content":{"rendered":"<p>Das Canon EF-S 10-18mm f\/4,5-5,6 IS STM ist ein extremes Weitwinkelobjektiv f\u00fcr Canon APS-C-Spiegelreflexkameras mit einem EF-S-Bajonett. Mit einem Bildwinkel von 107 Grad kannst du m\u00fchelos gro\u00dfe Geb\u00e4ude und weitl\u00e4ufige Landschaften aufnehmen. Dank der Bildstabilisierung kannst du auch bei l\u00e4ngeren Verschlusszeiten weiter aus der Hand fotografieren. Das Objektiv ist mit speziellen Beschichtungen und Glaselementen ausgestattet, die f\u00fcr ausgepr\u00e4gte Farben und Kontraste auf deinen Fotos sorgen und gleichzeitig Objektivfehler verhindern.<\/p>\n","protected":false},"excerpt":{"rendered":"<p>Das Canon EF-S 10-18mm f\/4,5-5,6 IS STM ist ein extremes Weitwinkelobjektiv f\u00fcr Canon APS-C-Spiegelreflexkameras mit einem EF-S-Bajonett. Mit einem Bildwinkel von 107 Grad kannst du m\u00fchelos gro\u00dfe Geb\u00e4ude und weitl\u00e4ufige Landschaften aufnehmen. Dank der Bildstabilisierung kannst du auch bei l\u00e4ngeren Verschlusszeiten weiter aus der Hand fotografieren. Das Objektiv ist mit speziellen Beschichtungen und Glaselementen ausgestattet, die f\u00fcr ausgepr\u00e4gte Farben und Kontraste auf deinen Fotos sorgen und gleichzeitig Objektivfehler verhindern.<\/p>\n","protected":false},"featured_media":0,"comment_status":"closed","ping_status":"open","template":"","meta":{"_acf_changed":false},"brand":[61],"product_brand":[],"product_cat":[187],"product_tag":[188],"class_list":{"0":"post-71118","1":"product","2":"type-product","3":"status-publish","5":"brand-canon","6":"product_cat-kameraobjektive","7":"product_tag-lenzen-voor-slr-cameras","8":"pa_condition-new","9":"pa_coolblue-de-verzending-morgen-gratis-geliefert","10":"pa_ean-1222","11":"pa_mpn-9519b005","13":"first","14":"instock","15":"product-type-external"},"acf":[],"_links":{"self":[{"href":"https:\/\/onlinehardwareshop.de\/index.php\/wp-json\/wp\/v2\/product\/71118","targetHints":{"allow":["GET"]}}],"collection":[{"href":"https:\/\/onlinehardwareshop.de\/index.php\/wp-json\/wp\/v2\/product"}],"about":[{"href":"https:\/\/onlinehardwareshop.de\/index.php\/wp-json\/wp\/v2\/types\/product"}],"replies":[{"embeddable":true,"href":"https:\/\/onlinehardwareshop.de\/index.php\/wp-json\/wp\/v2\/comments?post=71118"}],"wp:attachment":[{"href":"https:\/\/onlinehardwareshop.de\/index.php\/wp-json\/wp\/v2\/media?parent=71118"}],"wp:term":[{"taxonomy":"brand","embeddable":true,"href":"https:\/\/onlinehardwareshop.de\/index.php\/wp-json\/wp\/v2\/brand?post=71118"},{"taxonomy":"product_brand","embeddable":true,"href":"https:\/\/onlinehardwareshop.de\/index.php\/wp-json\/wp\/v2\/product_brand?post=71118"},{"taxonomy":"product_cat","embeddable":true,"href":"https:\/\/onlinehardwareshop.de\/index.php\/wp-json\/wp\/v2\/product_cat?post=71118"},{"taxonomy":"product_tag","embeddable":true,"href":"https:\/\/onlinehardwareshop.de\/index.php\/wp-json\/wp\/v2\/product_tag?post=71118"}],"curies":[{"name":"wp","href":"https:\/\/api.w.org\/{rel}","templated":true}]}}