{"id":71115,"date":"2024-10-14T03:04:21","date_gmt":"2024-10-14T03:04:21","guid":{"rendered":"https:\/\/onlinehardwareshop.de\/index.php\/produkt\/sharp-r922stwe-2\/"},"modified":"2025-05-13T23:30:57","modified_gmt":"2025-05-13T23:30:57","slug":"sharp-r922stwe","status":"publish","type":"product","link":"https:\/\/onlinehardwareshop.de\/index.php\/produkt\/sharp-r922stwe\/","title":{"rendered":"Sharp R922STWE"},"content":{"rendered":"<p>Die Sharp R922STWE verf\u00fcgt \u00fcber eine Mikrowellen-, Backofen- und Grillfunktion f\u00fcr die Zubereitung jeder Mahlzeit. So w\u00e4rmst du mit einer der f\u00fcnf Leistungsstufen nicht nur einfach eine Suppe auf, sondern b\u00e4ckst auch einen Kuchen oder bereitest einen Auflauf zu. Durch die Kombination des Backofens mit der Grillfunktion erh\u00e4lt deine Lasagne auch noch eine knusprige K\u00e4seschicht. Um die Zubereitung noch einfacher zu gestalten, hast du die Wahl zwischen zehn automatischen Programmen. Dabei musst du nur angeben, was du zubereitest, sodass die Einstellungen automatisch festgelegt werden. An das Auftauen von Speisen wurde auch gedacht: Wenn deine Hamburger-Patties tiefgek\u00fchlt aus dem Gefrierschrank kommen, k\u00f6nnen sie dank der Auftaufunktion doch noch rechtzeitig gebraten werden.<\/p>\n","protected":false},"excerpt":{"rendered":"<p>Die Sharp R922STWE verf\u00fcgt \u00fcber eine Mikrowellen-, Backofen- und Grillfunktion f\u00fcr die Zubereitung jeder Mahlzeit. So w\u00e4rmst du mit einer der f\u00fcnf Leistungsstufen nicht nur einfach eine Suppe auf, sondern b\u00e4ckst auch einen Kuchen oder bereitest einen Auflauf zu. Durch die Kombination des Backofens mit der Grillfunktion erh\u00e4lt deine Lasagne auch noch eine knusprige K\u00e4seschicht. Um die Zubereitung noch einfacher zu gestalten, hast du die Wahl zwischen zehn automatischen Programmen. Dabei musst du nur angeben, was du zubereitest, sodass die Einstellungen automatisch festgelegt werden. An das Auftauen von Speisen wurde auch gedacht: Wenn deine Hamburger-Patties tiefgek\u00fchlt aus dem Gefrierschrank kommen, k\u00f6nnen sie dank der Auftaufunktion doch noch rechtzeitig gebraten werden.<\/p>\n","protected":false},"featured_media":0,"comment_status":"closed","ping_status":"open","template":"","meta":{"_acf_changed":false},"brand":[926],"product_brand":[],"product_cat":[927],"product_tag":[928],"class_list":{"0":"post-71115","1":"product","2":"type-product","3":"status-publish","5":"brand-sharp","6":"product_cat-mikrowellen","7":"product_tag-vrijstaande-combimagnetrons","8":"pa_condition-new","9":"pa_coolblue-de-verzending-morgen-gratis-geliefert","10":"pa_ean-32531","11":"pa_mpn-r922stwe","13":"first","14":"instock","15":"product-type-external"},"acf":[],"_links":{"self":[{"href":"https:\/\/onlinehardwareshop.de\/index.php\/wp-json\/wp\/v2\/product\/71115","targetHints":{"allow":["GET"]}}],"collection":[{"href":"https:\/\/onlinehardwareshop.de\/index.php\/wp-json\/wp\/v2\/product"}],"about":[{"href":"https:\/\/onlinehardwareshop.de\/index.php\/wp-json\/wp\/v2\/types\/product"}],"replies":[{"embeddable":true,"href":"https:\/\/onlinehardwareshop.de\/index.php\/wp-json\/wp\/v2\/comments?post=71115"}],"wp:attachment":[{"href":"https:\/\/onlinehardwareshop.de\/index.php\/wp-json\/wp\/v2\/media?parent=71115"}],"wp:term":[{"taxonomy":"brand","embeddable":true,"href":"https:\/\/onlinehardwareshop.de\/index.php\/wp-json\/wp\/v2\/brand?post=71115"},{"taxonomy":"product_brand","embeddable":true,"href":"https:\/\/onlinehardwareshop.de\/index.php\/wp-json\/wp\/v2\/product_brand?post=71115"},{"taxonomy":"product_cat","embeddable":true,"href":"https:\/\/onlinehardwareshop.de\/index.php\/wp-json\/wp\/v2\/product_cat?post=71115"},{"taxonomy":"product_tag","embeddable":true,"href":"https:\/\/onlinehardwareshop.de\/index.php\/wp-json\/wp\/v2\/product_tag?post=71115"}],"curies":[{"name":"wp","href":"https:\/\/api.w.org\/{rel}","templated":true}]}}