{"id":71104,"date":"2024-09-08T14:16:25","date_gmt":"2024-09-08T14:16:25","guid":{"rendered":"https:\/\/onlinehardwareshop.de\/index.php\/produkt\/sony-mdr-zx310ap-schwarz-2\/"},"modified":"2025-05-13T23:30:09","modified_gmt":"2025-05-13T23:30:09","slug":"sony-mdr-zx310ap-schwarz","status":"publish","type":"product","link":"https:\/\/onlinehardwareshop.de\/index.php\/produkt\/sony-mdr-zx310ap-schwarz\/","title":{"rendered":"Sony MDR-ZX310AP Schwarz"},"content":{"rendered":"<p>Mit dem Sony MDR-ZX310 kannst du deine Lieblingsmusik h\u00f6ren. Der Klang ist dank des Frequenzbereichs von 10 bis 24.000 Hertz recht detailliert. Die Bedienelemente sind f\u00fcr Android optimiert, sodass du mit einem Android-Ger\u00e4t \u00fcber den Kopfh\u00f6rer telefonieren kannst. \u00dcber das Mikrofon kannst du beim Telefonieren freisprechen. Brauchst du den Kopfh\u00f6rer gerade nicht? Dann kannst du den Kopfh\u00f6rer dank der klappbaren Konstruktion einfach verstauen.<\/p>\n","protected":false},"excerpt":{"rendered":"<p>Mit dem Sony MDR-ZX310 kannst du deine Lieblingsmusik h\u00f6ren. Der Klang ist dank des Frequenzbereichs von 10 bis 24.000 Hertz recht detailliert. Die Bedienelemente sind f\u00fcr Android optimiert, sodass du mit einem Android-Ger\u00e4t \u00fcber den Kopfh\u00f6rer telefonieren kannst. \u00dcber das Mikrofon kannst du beim Telefonieren freisprechen. Brauchst du den Kopfh\u00f6rer gerade nicht? Dann kannst du den Kopfh\u00f6rer dank der klappbaren Konstruktion einfach verstauen.<\/p>\n","protected":false},"featured_media":0,"comment_status":"closed","ping_status":"open","template":"","meta":{"_acf_changed":false},"brand":[56],"product_brand":[],"product_cat":[1182],"product_tag":[1183],"class_list":{"0":"post-71104","1":"product","2":"type-product","3":"status-publish","5":"brand-sony","6":"product_cat-kopfhrer","7":"product_tag-hoofdtelefoons-zonder-noisecancelling","8":"pa_condition-new","9":"pa_coolblue-de-verzending-morgen-gratis-geliefert","10":"pa_ean-1180","11":"pa_mpn-mdrzx310apb-ce7","13":"first","14":"instock","15":"product-type-external"},"acf":[],"_links":{"self":[{"href":"https:\/\/onlinehardwareshop.de\/index.php\/wp-json\/wp\/v2\/product\/71104","targetHints":{"allow":["GET"]}}],"collection":[{"href":"https:\/\/onlinehardwareshop.de\/index.php\/wp-json\/wp\/v2\/product"}],"about":[{"href":"https:\/\/onlinehardwareshop.de\/index.php\/wp-json\/wp\/v2\/types\/product"}],"replies":[{"embeddable":true,"href":"https:\/\/onlinehardwareshop.de\/index.php\/wp-json\/wp\/v2\/comments?post=71104"}],"wp:attachment":[{"href":"https:\/\/onlinehardwareshop.de\/index.php\/wp-json\/wp\/v2\/media?parent=71104"}],"wp:term":[{"taxonomy":"brand","embeddable":true,"href":"https:\/\/onlinehardwareshop.de\/index.php\/wp-json\/wp\/v2\/brand?post=71104"},{"taxonomy":"product_brand","embeddable":true,"href":"https:\/\/onlinehardwareshop.de\/index.php\/wp-json\/wp\/v2\/product_brand?post=71104"},{"taxonomy":"product_cat","embeddable":true,"href":"https:\/\/onlinehardwareshop.de\/index.php\/wp-json\/wp\/v2\/product_cat?post=71104"},{"taxonomy":"product_tag","embeddable":true,"href":"https:\/\/onlinehardwareshop.de\/index.php\/wp-json\/wp\/v2\/product_tag?post=71104"}],"curies":[{"name":"wp","href":"https:\/\/api.w.org\/{rel}","templated":true}]}}