{"id":71095,"date":"2024-04-25T03:35:43","date_gmt":"2024-04-25T03:35:43","guid":{"rendered":"https:\/\/onlinehardwareshop.de\/index.php\/produkt\/samsung-mc28h5015ak-2\/"},"modified":"2025-05-13T23:29:17","modified_gmt":"2025-05-13T23:29:17","slug":"samsung-mc28h5015ak","status":"publish","type":"product","link":"https:\/\/onlinehardwareshop.de\/index.php\/produkt\/samsung-mc28h5015ak\/","title":{"rendered":"Samsung MC28H5015AK"},"content":{"rendered":"<p>Mit der Samsung-Mikrowelle MC28H5015AK bereitest du einfach herrliche Gerichte zu. Die Kombi-Mikrowelle mit ihren 35 Kochprogrammen ist eine gro\u00dfe Hilfe in der K\u00fcche. W\u00e4hle mit einem Druck auf die Taste ein Programm und die Mikrowelle macht den Rest der Arbeit. Durch Einschalten der Grillfunktion gibst du Gerichten eine knusprige Kruste. Und mit der Backofenfunktion w\u00e4rmst du Mahlzeiten auf traditionelle Weise auf. Der Drehteller l\u00e4sst sich ausschalten. Das ist praktisch, wenn deine Mahlzeiten auf Tellern oder in Sch\u00fcsseln mit ungew\u00f6hnlicher Form aufw\u00e4rmen willst. Die keramische Innenseite der Samsung MC28H5015AK ist dar\u00fcber hinaus besonders kratzfest und mit einem Wischen zu reinigen.<\/p>\n","protected":false},"excerpt":{"rendered":"<p>Mit der Samsung-Mikrowelle MC28H5015AK bereitest du einfach herrliche Gerichte zu. Die Kombi-Mikrowelle mit ihren 35 Kochprogrammen ist eine gro\u00dfe Hilfe in der K\u00fcche. W\u00e4hle mit einem Druck auf die Taste ein Programm und die Mikrowelle macht den Rest der Arbeit. Durch Einschalten der Grillfunktion gibst du Gerichten eine knusprige Kruste. Und mit der Backofenfunktion w\u00e4rmst du Mahlzeiten auf traditionelle Weise auf. Der Drehteller l\u00e4sst sich ausschalten. Das ist praktisch, wenn deine Mahlzeiten auf Tellern oder in Sch\u00fcsseln mit ungew\u00f6hnlicher Form aufw\u00e4rmen willst. Die keramische Innenseite der Samsung MC28H5015AK ist dar\u00fcber hinaus besonders kratzfest und mit einem Wischen zu reinigen.<\/p>\n","protected":false},"featured_media":0,"comment_status":"closed","ping_status":"open","template":"","meta":{"_acf_changed":false},"brand":[1165],"product_brand":[],"product_cat":[927],"product_tag":[928],"class_list":{"0":"post-71095","1":"product","2":"type-product","3":"status-publish","5":"brand-samsung","6":"product_cat-mikrowellen","7":"product_tag-vrijstaande-combimagnetrons","8":"pa_condition-new","9":"pa_coolblue-de-verzending-morgen-gratis-geliefert","10":"pa_ean-1166","11":"pa_mpn-mc28h5015ak-ef","13":"first","14":"instock","15":"product-type-external"},"acf":[],"_links":{"self":[{"href":"https:\/\/onlinehardwareshop.de\/index.php\/wp-json\/wp\/v2\/product\/71095","targetHints":{"allow":["GET"]}}],"collection":[{"href":"https:\/\/onlinehardwareshop.de\/index.php\/wp-json\/wp\/v2\/product"}],"about":[{"href":"https:\/\/onlinehardwareshop.de\/index.php\/wp-json\/wp\/v2\/types\/product"}],"replies":[{"embeddable":true,"href":"https:\/\/onlinehardwareshop.de\/index.php\/wp-json\/wp\/v2\/comments?post=71095"}],"wp:attachment":[{"href":"https:\/\/onlinehardwareshop.de\/index.php\/wp-json\/wp\/v2\/media?parent=71095"}],"wp:term":[{"taxonomy":"brand","embeddable":true,"href":"https:\/\/onlinehardwareshop.de\/index.php\/wp-json\/wp\/v2\/brand?post=71095"},{"taxonomy":"product_brand","embeddable":true,"href":"https:\/\/onlinehardwareshop.de\/index.php\/wp-json\/wp\/v2\/product_brand?post=71095"},{"taxonomy":"product_cat","embeddable":true,"href":"https:\/\/onlinehardwareshop.de\/index.php\/wp-json\/wp\/v2\/product_cat?post=71095"},{"taxonomy":"product_tag","embeddable":true,"href":"https:\/\/onlinehardwareshop.de\/index.php\/wp-json\/wp\/v2\/product_tag?post=71095"}],"curies":[{"name":"wp","href":"https:\/\/api.w.org\/{rel}","templated":true}]}}