{"id":71070,"date":"2024-08-13T06:04:13","date_gmt":"2024-08-13T06:04:13","guid":{"rendered":"https:\/\/onlinehardwareshop.de\/index.php\/produkt\/weber-bar-b-kettle-57cm-schwarz-2\/"},"modified":"2025-05-17T03:12:31","modified_gmt":"2025-05-17T03:12:31","slug":"weber-bar-b-kettle-57cm-schwarz","status":"publish","type":"product","link":"https:\/\/onlinehardwareshop.de\/index.php\/produkt\/weber-bar-b-kettle-57cm-schwarz\/","title":{"rendered":"Weber Bar-B Kettle 57&#xA0;cm Schwarz"},"content":{"rendered":"<p>Mit dem Weber Bar-B Kettle 57\u00a0cm Schwarz zauberst du jeden Abend ein anderes Gericht auf den Tisch. Du grillst sowohl direkt als auch indirekt und bereitest so verschiedene Gerichte zu. Dank der gro\u00dfen Grillfl\u00e4che grillst du problemlos f\u00fcr bis zu zw\u00f6lf Personen, praktisch f\u00fcr einen gem\u00fctlichen Abend mit Freunden. Das clevere One-Touch-System l\u00e4sst die Asche auf Knopfdruck in den Aschetopf fallen. Das macht die Reinigung schnell und einfach. Mit den L\u00fcftungsgittern kontrollierst du die Temperatur selbst. Das Thermometer im Deckel hilft dir bei der Temperaturkontrolle. Dank der stabilen R\u00e4der bewegst du den Grill m\u00fchelos. Mit diesem Grill wird jeder Abend gem\u00fctlich und lecker.<\/p>\n","protected":false},"excerpt":{"rendered":"<p>Mit dem Weber Bar-B Kettle 57\u00a0cm Schwarz zauberst du jeden Abend ein anderes Gericht auf den Tisch. Du grillst sowohl direkt als auch indirekt und bereitest so verschiedene Gerichte zu. Dank der gro\u00dfen Grillfl\u00e4che grillst du problemlos f\u00fcr bis zu zw\u00f6lf Personen, praktisch f\u00fcr einen gem\u00fctlichen Abend mit Freunden. Das clevere One-Touch-System l\u00e4sst die Asche auf Knopfdruck in den Aschetopf fallen. Das macht die Reinigung schnell und einfach. Mit den L\u00fcftungsgittern kontrollierst du die Temperatur selbst. Das Thermometer im Deckel hilft dir bei der Temperaturkontrolle. Dank der stabilen R\u00e4der bewegst du den Grill m\u00fchelos. Mit diesem Grill wird jeder Abend gem\u00fctlich und lecker.<\/p>\n","protected":false},"featured_media":0,"comment_status":"closed","ping_status":"open","template":"","meta":{"_acf_changed":false},"brand":[698],"product_brand":[],"product_cat":[699],"product_tag":[700],"class_list":{"0":"post-71070","1":"product","2":"type-product","3":"status-publish","5":"brand-weber","6":"product_cat-grills","7":"product_tag-houtskool-barbecues","8":"pa_condition-new","9":"pa_coolblue-de-verzending-morgen-gratis-geliefert","10":"pa_ean-29173","11":"pa_mpn-29174","13":"first","14":"instock","15":"product-type-external"},"acf":[],"_links":{"self":[{"href":"https:\/\/onlinehardwareshop.de\/index.php\/wp-json\/wp\/v2\/product\/71070","targetHints":{"allow":["GET"]}}],"collection":[{"href":"https:\/\/onlinehardwareshop.de\/index.php\/wp-json\/wp\/v2\/product"}],"about":[{"href":"https:\/\/onlinehardwareshop.de\/index.php\/wp-json\/wp\/v2\/types\/product"}],"replies":[{"embeddable":true,"href":"https:\/\/onlinehardwareshop.de\/index.php\/wp-json\/wp\/v2\/comments?post=71070"}],"wp:attachment":[{"href":"https:\/\/onlinehardwareshop.de\/index.php\/wp-json\/wp\/v2\/media?parent=71070"}],"wp:term":[{"taxonomy":"brand","embeddable":true,"href":"https:\/\/onlinehardwareshop.de\/index.php\/wp-json\/wp\/v2\/brand?post=71070"},{"taxonomy":"product_brand","embeddable":true,"href":"https:\/\/onlinehardwareshop.de\/index.php\/wp-json\/wp\/v2\/product_brand?post=71070"},{"taxonomy":"product_cat","embeddable":true,"href":"https:\/\/onlinehardwareshop.de\/index.php\/wp-json\/wp\/v2\/product_cat?post=71070"},{"taxonomy":"product_tag","embeddable":true,"href":"https:\/\/onlinehardwareshop.de\/index.php\/wp-json\/wp\/v2\/product_tag?post=71070"}],"curies":[{"name":"wp","href":"https:\/\/api.w.org\/{rel}","templated":true}]}}