{"id":71069,"date":"2024-10-10T00:03:09","date_gmt":"2024-10-10T00:03:09","guid":{"rendered":"https:\/\/onlinehardwareshop.de\/index.php\/produkt\/weber-bar-b-kettle-47-zentimeter-schwarz-2\/"},"modified":"2025-05-17T03:12:27","modified_gmt":"2025-05-17T03:12:27","slug":"weber-bar-b-kettle-47-zentimeter-schwarz","status":"publish","type":"product","link":"https:\/\/onlinehardwareshop.de\/index.php\/produkt\/weber-bar-b-kettle-47-zentimeter-schwarz\/","title":{"rendered":"Weber Bar-B Kettle 47 Zentimeter Schwarz"},"content":{"rendered":"<p>Mit dem Weber Bar-B Kettle 47 Zentimeter Schwarz machst du einen herrlichen Sommertag perfekt. Auf diesem Grill grillst du f\u00fcr acht Personen gleichzeitig, praktisch f\u00fcr Familie und Freunde. Du grillst direkt und indirekt und bereitest so verschiedene Gerichte zu. Das praktische One-Touch-System sorgt daf\u00fcr, dass die Asche auf Knopfdruck schnell in den Aschetopf f\u00e4llt. Das spart Zeit und Reinigungsarbeit. Mit den L\u00fcftungsgittern kontrollierst du die Temperatur selbst. So bekommst du immer perfekt gegartes Grillgut. Dank der R\u00e4der bewegst du den Grill leicht an einen anderen Ort. Dieser Grill ist einfach zu bedienen und macht jeden Grillabend zu einem gem\u00fctlichen und leckeren Erlebnis f\u00fcr alle.<\/p>\n","protected":false},"excerpt":{"rendered":"<p>Mit dem Weber Bar-B Kettle 47 Zentimeter Schwarz machst du einen herrlichen Sommertag perfekt. Auf diesem Grill grillst du f\u00fcr acht Personen gleichzeitig, praktisch f\u00fcr Familie und Freunde. Du grillst direkt und indirekt und bereitest so verschiedene Gerichte zu. Das praktische One-Touch-System sorgt daf\u00fcr, dass die Asche auf Knopfdruck schnell in den Aschetopf f\u00e4llt. Das spart Zeit und Reinigungsarbeit. Mit den L\u00fcftungsgittern kontrollierst du die Temperatur selbst. So bekommst du immer perfekt gegartes Grillgut. Dank der R\u00e4der bewegst du den Grill leicht an einen anderen Ort. Dieser Grill ist einfach zu bedienen und macht jeden Grillabend zu einem gem\u00fctlichen und leckeren Erlebnis f\u00fcr alle.<\/p>\n","protected":false},"featured_media":0,"comment_status":"closed","ping_status":"open","template":"","meta":{"_acf_changed":false},"brand":[698],"product_brand":[],"product_cat":[699],"product_tag":[700],"class_list":{"0":"post-71069","1":"product","2":"type-product","3":"status-publish","5":"brand-weber","6":"product_cat-grills","7":"product_tag-houtskool-barbecues","8":"pa_condition-new","9":"pa_coolblue-de-verzending-morgen-gratis-geliefert","10":"pa_ean-28368","11":"pa_mpn-28369","13":"first","14":"instock","15":"product-type-external"},"acf":[],"_links":{"self":[{"href":"https:\/\/onlinehardwareshop.de\/index.php\/wp-json\/wp\/v2\/product\/71069","targetHints":{"allow":["GET"]}}],"collection":[{"href":"https:\/\/onlinehardwareshop.de\/index.php\/wp-json\/wp\/v2\/product"}],"about":[{"href":"https:\/\/onlinehardwareshop.de\/index.php\/wp-json\/wp\/v2\/types\/product"}],"replies":[{"embeddable":true,"href":"https:\/\/onlinehardwareshop.de\/index.php\/wp-json\/wp\/v2\/comments?post=71069"}],"wp:attachment":[{"href":"https:\/\/onlinehardwareshop.de\/index.php\/wp-json\/wp\/v2\/media?parent=71069"}],"wp:term":[{"taxonomy":"brand","embeddable":true,"href":"https:\/\/onlinehardwareshop.de\/index.php\/wp-json\/wp\/v2\/brand?post=71069"},{"taxonomy":"product_brand","embeddable":true,"href":"https:\/\/onlinehardwareshop.de\/index.php\/wp-json\/wp\/v2\/product_brand?post=71069"},{"taxonomy":"product_cat","embeddable":true,"href":"https:\/\/onlinehardwareshop.de\/index.php\/wp-json\/wp\/v2\/product_cat?post=71069"},{"taxonomy":"product_tag","embeddable":true,"href":"https:\/\/onlinehardwareshop.de\/index.php\/wp-json\/wp\/v2\/product_tag?post=71069"}],"curies":[{"name":"wp","href":"https:\/\/api.w.org\/{rel}","templated":true}]}}