{"id":71068,"date":"2024-06-16T16:28:53","date_gmt":"2024-06-16T16:28:53","guid":{"rendered":"https:\/\/onlinehardwareshop.de\/index.php\/produkt\/weber-go-anywhere-2\/"},"modified":"2025-05-17T03:02:20","modified_gmt":"2025-05-17T03:02:20","slug":"weber-go-anywhere","status":"publish","type":"product","link":"https:\/\/onlinehardwareshop.de\/index.php\/produkt\/weber-go-anywhere\/","title":{"rendered":"Weber Go-Anywhere"},"content":{"rendered":"<p>Mit dem Weber Go-Anywhere grillst du \u00fcberall. Dank des geringen Gewichts, der kompakten Gr\u00f6\u00dfe und der einklappbaren F\u00fc\u00dfe nimmst du den Grill problemlos mit. Auf der Grillfl\u00e4che bereitest du leckere Gerichte f\u00fcr bis zu f\u00fcnf Personen zu. Die Briketts legst du einfach auf den Aluminium-Unterrost. Ist der Grill in Betrieb? Dann regulierst du die Luftzufuhr mit den beiden verstellbaren L\u00fcftungsgittern. Mit dem Deckel erzeugst du einen Backofeneffekt und grillst indirekt. So gart das Fleisch langsam.<\/p>\n","protected":false},"excerpt":{"rendered":"<p>Mit dem Weber Go-Anywhere grillst du \u00fcberall. Dank des geringen Gewichts, der kompakten Gr\u00f6\u00dfe und der einklappbaren F\u00fc\u00dfe nimmst du den Grill problemlos mit. Auf der Grillfl\u00e4che bereitest du leckere Gerichte f\u00fcr bis zu f\u00fcnf Personen zu. Die Briketts legst du einfach auf den Aluminium-Unterrost. Ist der Grill in Betrieb? Dann regulierst du die Luftzufuhr mit den beiden verstellbaren L\u00fcftungsgittern. Mit dem Deckel erzeugst du einen Backofeneffekt und grillst indirekt. So gart das Fleisch langsam.<\/p>\n","protected":false},"featured_media":0,"comment_status":"closed","ping_status":"open","template":"","meta":{"_acf_changed":false},"brand":[698],"product_brand":[],"product_cat":[699],"product_tag":[700],"class_list":{"0":"post-71068","1":"product","2":"type-product","3":"status-publish","5":"brand-weber","6":"product_cat-grills","7":"product_tag-houtskool-barbecues","8":"pa_condition-new","9":"pa_coolblue-de-verzending-morgen-gratis-geliefert","10":"pa_ean-1085","11":"pa_mpn-1086","13":"first","14":"instock","15":"product-type-external"},"acf":[],"_links":{"self":[{"href":"https:\/\/onlinehardwareshop.de\/index.php\/wp-json\/wp\/v2\/product\/71068","targetHints":{"allow":["GET"]}}],"collection":[{"href":"https:\/\/onlinehardwareshop.de\/index.php\/wp-json\/wp\/v2\/product"}],"about":[{"href":"https:\/\/onlinehardwareshop.de\/index.php\/wp-json\/wp\/v2\/types\/product"}],"replies":[{"embeddable":true,"href":"https:\/\/onlinehardwareshop.de\/index.php\/wp-json\/wp\/v2\/comments?post=71068"}],"wp:attachment":[{"href":"https:\/\/onlinehardwareshop.de\/index.php\/wp-json\/wp\/v2\/media?parent=71068"}],"wp:term":[{"taxonomy":"brand","embeddable":true,"href":"https:\/\/onlinehardwareshop.de\/index.php\/wp-json\/wp\/v2\/brand?post=71068"},{"taxonomy":"product_brand","embeddable":true,"href":"https:\/\/onlinehardwareshop.de\/index.php\/wp-json\/wp\/v2\/product_brand?post=71068"},{"taxonomy":"product_cat","embeddable":true,"href":"https:\/\/onlinehardwareshop.de\/index.php\/wp-json\/wp\/v2\/product_cat?post=71068"},{"taxonomy":"product_tag","embeddable":true,"href":"https:\/\/onlinehardwareshop.de\/index.php\/wp-json\/wp\/v2\/product_tag?post=71068"}],"curies":[{"name":"wp","href":"https:\/\/api.w.org\/{rel}","templated":true}]}}