{"id":71067,"date":"2025-03-06T20:45:07","date_gmt":"2025-03-06T20:45:07","guid":{"rendered":"https:\/\/onlinehardwareshop.de\/index.php\/produkt\/nikon-af-s-35mm-f-1-8g-ed-2\/"},"modified":"2025-05-17T03:02:16","modified_gmt":"2025-05-17T03:02:16","slug":"nikon-af-s-35mm-f-1-8g-ed","status":"publish","type":"product","link":"https:\/\/onlinehardwareshop.de\/index.php\/produkt\/nikon-af-s-35mm-f-1-8g-ed\/","title":{"rendered":"Nikon AF-S 35mm f\/1.8G ED"},"content":{"rendered":"<p>Das Nikon AF-S 35 mm f\/1.8G ED ist ein mittleres Weitwinkelobjektiv f\u00fcr Nikon Spiegelreflexkameras. Es hat eine gro\u00dfe maximale Blenden\u00f6ffnung. Das Objektiv ist f\u00fcr die Verwendung mit Vollformatkameras konzipiert, kann jedoch auch f\u00fcr DX-Kameras verwendet werden. Das Objektiv verwendet einen Silent-Wave-Motor, um schnell und leise zu fokussieren. F\u00fcr eine optimale Bildqualit\u00e4t verf\u00fcgt das Nikon AF-S 35 mm f\/1,8 G ED \u00fcber spezielle Beschichtungen und Glaselemente. Die Naheinstellgrenze des Objektivs betr\u00e4gt 25 Zentimeter.<\/p>\n","protected":false},"excerpt":{"rendered":"<p>Das Nikon AF-S 35 mm f\/1.8G ED ist ein mittleres Weitwinkelobjektiv f\u00fcr Nikon Spiegelreflexkameras. Es hat eine gro\u00dfe maximale Blenden\u00f6ffnung. Das Objektiv ist f\u00fcr die Verwendung mit Vollformatkameras konzipiert, kann jedoch auch f\u00fcr DX-Kameras verwendet werden. Das Objektiv verwendet einen Silent-Wave-Motor, um schnell und leise zu fokussieren. F\u00fcr eine optimale Bildqualit\u00e4t verf\u00fcgt das Nikon AF-S 35 mm f\/1,8 G ED \u00fcber spezielle Beschichtungen und Glaselemente. Die Naheinstellgrenze des Objektivs betr\u00e4gt 25 Zentimeter.<\/p>\n","protected":false},"featured_media":0,"comment_status":"closed","ping_status":"open","template":"","meta":{"_acf_changed":false},"brand":[133],"product_brand":[],"product_cat":[187],"product_tag":[188],"class_list":{"0":"post-71067","1":"product","2":"type-product","3":"status-publish","5":"brand-nikon","6":"product_cat-kameraobjektive","7":"product_tag-lenzen-voor-slr-cameras","8":"pa_condition-new","9":"pa_coolblue-de-verzending-morgen-gratis-geliefert","10":"pa_ean-1075","11":"pa_mpn-jaa137da","13":"first","14":"instock","15":"product-type-external"},"acf":[],"_links":{"self":[{"href":"https:\/\/onlinehardwareshop.de\/index.php\/wp-json\/wp\/v2\/product\/71067","targetHints":{"allow":["GET"]}}],"collection":[{"href":"https:\/\/onlinehardwareshop.de\/index.php\/wp-json\/wp\/v2\/product"}],"about":[{"href":"https:\/\/onlinehardwareshop.de\/index.php\/wp-json\/wp\/v2\/types\/product"}],"replies":[{"embeddable":true,"href":"https:\/\/onlinehardwareshop.de\/index.php\/wp-json\/wp\/v2\/comments?post=71067"}],"wp:attachment":[{"href":"https:\/\/onlinehardwareshop.de\/index.php\/wp-json\/wp\/v2\/media?parent=71067"}],"wp:term":[{"taxonomy":"brand","embeddable":true,"href":"https:\/\/onlinehardwareshop.de\/index.php\/wp-json\/wp\/v2\/brand?post=71067"},{"taxonomy":"product_brand","embeddable":true,"href":"https:\/\/onlinehardwareshop.de\/index.php\/wp-json\/wp\/v2\/product_brand?post=71067"},{"taxonomy":"product_cat","embeddable":true,"href":"https:\/\/onlinehardwareshop.de\/index.php\/wp-json\/wp\/v2\/product_cat?post=71067"},{"taxonomy":"product_tag","embeddable":true,"href":"https:\/\/onlinehardwareshop.de\/index.php\/wp-json\/wp\/v2\/product_tag?post=71067"}],"curies":[{"name":"wp","href":"https:\/\/api.w.org\/{rel}","templated":true}]}}