{"id":71049,"date":"2024-04-28T11:15:03","date_gmt":"2024-04-28T11:15:03","guid":{"rendered":"https:\/\/onlinehardwareshop.de\/index.php\/produkt\/domo-do2309i-2\/"},"modified":"2025-05-16T14:52:35","modified_gmt":"2025-05-16T14:52:35","slug":"domo-do2309i","status":"publish","type":"product","link":"https:\/\/onlinehardwareshop.de\/index.php\/produkt\/domo-do2309i\/","title":{"rendered":"DOMO DO2309I"},"content":{"rendered":"<p>Mit der Eismaschine DOMO DO2309I kannst du jeden Tag Sahneeis genie\u00dfen. Die Gefriersch\u00fcssel ist herausnehmbar und du kannst einen Liter Eis darin zubereiten. Wenn alle Zutaten in der Sch\u00fcssel sind, schaltest du die Eismaschine mit einem Knopfdruck ein. Durch den durchsichtigen Deckel kannst du die Zubereitung problemlos im Auge behalten. Und durch die F\u00fcll\u00f6ffnung kannst du einfach einige zus\u00e4tzliche Zutaten wie Schokolade oder N\u00fcsse hinzuf\u00fcgen. Im Rezeptbuch findest du zus\u00e4tzliche Inspiration.<\/p>\n","protected":false},"excerpt":{"rendered":"<p>Mit der Eismaschine DOMO DO2309I kannst du jeden Tag Sahneeis genie\u00dfen. Die Gefriersch\u00fcssel ist herausnehmbar und du kannst einen Liter Eis darin zubereiten. Wenn alle Zutaten in der Sch\u00fcssel sind, schaltest du die Eismaschine mit einem Knopfdruck ein. Durch den durchsichtigen Deckel kannst du die Zubereitung problemlos im Auge behalten. Und durch die F\u00fcll\u00f6ffnung kannst du einfach einige zus\u00e4tzliche Zutaten wie Schokolade oder N\u00fcsse hinzuf\u00fcgen. Im Rezeptbuch findest du zus\u00e4tzliche Inspiration.<\/p>\n","protected":false},"featured_media":0,"comment_status":"closed","ping_status":"open","template":"","meta":{"_acf_changed":false},"brand":[270],"product_brand":[],"product_cat":[340],"product_tag":[341],"class_list":{"0":"post-71049","1":"product","2":"type-product","3":"status-publish","5":"brand-domo","6":"product_cat-eismaschinen","7":"product_tag-ijsmachines","8":"pa_condition-new","9":"pa_coolblue-de-verzending-morgen-gratis-geliefert","10":"pa_ean-1021","11":"pa_mpn-do2309i","13":"first","14":"instock","15":"product-type-external"},"acf":[],"_links":{"self":[{"href":"https:\/\/onlinehardwareshop.de\/index.php\/wp-json\/wp\/v2\/product\/71049","targetHints":{"allow":["GET"]}}],"collection":[{"href":"https:\/\/onlinehardwareshop.de\/index.php\/wp-json\/wp\/v2\/product"}],"about":[{"href":"https:\/\/onlinehardwareshop.de\/index.php\/wp-json\/wp\/v2\/types\/product"}],"replies":[{"embeddable":true,"href":"https:\/\/onlinehardwareshop.de\/index.php\/wp-json\/wp\/v2\/comments?post=71049"}],"wp:attachment":[{"href":"https:\/\/onlinehardwareshop.de\/index.php\/wp-json\/wp\/v2\/media?parent=71049"}],"wp:term":[{"taxonomy":"brand","embeddable":true,"href":"https:\/\/onlinehardwareshop.de\/index.php\/wp-json\/wp\/v2\/brand?post=71049"},{"taxonomy":"product_brand","embeddable":true,"href":"https:\/\/onlinehardwareshop.de\/index.php\/wp-json\/wp\/v2\/product_brand?post=71049"},{"taxonomy":"product_cat","embeddable":true,"href":"https:\/\/onlinehardwareshop.de\/index.php\/wp-json\/wp\/v2\/product_cat?post=71049"},{"taxonomy":"product_tag","embeddable":true,"href":"https:\/\/onlinehardwareshop.de\/index.php\/wp-json\/wp\/v2\/product_tag?post=71049"}],"curies":[{"name":"wp","href":"https:\/\/api.w.org\/{rel}","templated":true}]}}