{"id":70990,"date":"2024-06-13T11:57:45","date_gmt":"2024-06-13T11:57:45","guid":{"rendered":"https:\/\/onlinehardwareshop.de\/index.php\/produkt\/jabra-speak-510-ms-2\/"},"modified":"2025-05-16T03:22:03","modified_gmt":"2025-05-16T03:22:03","slug":"jabra-speak-510-ms","status":"publish","type":"product","link":"https:\/\/onlinehardwareshop.de\/index.php\/produkt\/jabra-speak-510-ms\/","title":{"rendered":"Jabra Speak 510 MS"},"content":{"rendered":"<p>Die Jabra Speak 510 ist eine Freisprecheinrichtung, die du dank des kompakten Designs und der mitgelieferten Tragetasche \u00fcberallhin mitnehmen kannst. So kannst du schnell ein Konferenzgespr\u00e4ch beginnen, wo du auch bist. Durch die intelligente Anordnung des Mikrofons und den Lautsprecher mit 360\u00b0-Abdeckung brauchst du dir keine Gedanken dar\u00fcber zu machen, wo du die Freisprecheinrichtung hinstellst. Au\u00dferdem wird dank DSP etwaiges Rauschen unterdr\u00fcckt, so dass du immer einen guten Ton genie\u00dft. Die Jabra Speak 510 hat eine Gespr\u00e4chsdauer von 15 Stunden und gibt dir automatisch einen Hinweis, wenn sie geladen werden muss. Mit der Anruffernbedienung kannst du auch dann Anrufe entgegennehmen und beenden, wenn du nicht im B\u00fcro bist. So bleibst du \u00fcberall gut erreichbar. Weil du bis zu acht Ger\u00e4te an die Freisprecheinrichtung koppeln kannst, gen\u00fcgt die Jabra Speak 510, um all deine Kontakte zu pflegen.<\/p>\n","protected":false},"excerpt":{"rendered":"<p>Die Jabra Speak 510 ist eine Freisprecheinrichtung, die du dank des kompakten Designs und der mitgelieferten Tragetasche \u00fcberallhin mitnehmen kannst. So kannst du schnell ein Konferenzgespr\u00e4ch beginnen, wo du auch bist. Durch die intelligente Anordnung des Mikrofons und den Lautsprecher mit 360\u00b0-Abdeckung brauchst du dir keine Gedanken dar\u00fcber zu machen, wo du die Freisprecheinrichtung hinstellst. Au\u00dferdem wird dank DSP etwaiges Rauschen unterdr\u00fcckt, so dass du immer einen guten Ton genie\u00dft. Die Jabra Speak 510 hat eine Gespr\u00e4chsdauer von 15 Stunden und gibt dir automatisch einen Hinweis, wenn sie geladen werden muss. Mit der Anruffernbedienung kannst du auch dann Anrufe entgegennehmen und beenden, wenn du nicht im B\u00fcro bist. So bleibst du \u00fcberall gut erreichbar. Weil du bis zu acht Ger\u00e4te an die Freisprecheinrichtung koppeln kannst, gen\u00fcgt die Jabra Speak 510, um all deine Kontakte zu pflegen.<\/p>\n","protected":false},"featured_media":0,"comment_status":"closed","ping_status":"open","template":"","meta":{"_acf_changed":false},"brand":[815],"product_brand":[],"product_cat":[816],"product_tag":[817],"class_list":{"0":"post-70990","1":"product","2":"type-product","3":"status-publish","5":"brand-jabra","6":"product_cat-konferenzmikrofone","7":"product_tag-vergadermicrofoons","8":"pa_condition-new","9":"pa_coolblue-de-verzending-morgen-gratis-geliefert","10":"pa_ean-813","11":"pa_mpn-7510-109","13":"first","14":"instock","15":"product-type-external"},"acf":[],"_links":{"self":[{"href":"https:\/\/onlinehardwareshop.de\/index.php\/wp-json\/wp\/v2\/product\/70990","targetHints":{"allow":["GET"]}}],"collection":[{"href":"https:\/\/onlinehardwareshop.de\/index.php\/wp-json\/wp\/v2\/product"}],"about":[{"href":"https:\/\/onlinehardwareshop.de\/index.php\/wp-json\/wp\/v2\/types\/product"}],"replies":[{"embeddable":true,"href":"https:\/\/onlinehardwareshop.de\/index.php\/wp-json\/wp\/v2\/comments?post=70990"}],"wp:attachment":[{"href":"https:\/\/onlinehardwareshop.de\/index.php\/wp-json\/wp\/v2\/media?parent=70990"}],"wp:term":[{"taxonomy":"brand","embeddable":true,"href":"https:\/\/onlinehardwareshop.de\/index.php\/wp-json\/wp\/v2\/brand?post=70990"},{"taxonomy":"product_brand","embeddable":true,"href":"https:\/\/onlinehardwareshop.de\/index.php\/wp-json\/wp\/v2\/product_brand?post=70990"},{"taxonomy":"product_cat","embeddable":true,"href":"https:\/\/onlinehardwareshop.de\/index.php\/wp-json\/wp\/v2\/product_cat?post=70990"},{"taxonomy":"product_tag","embeddable":true,"href":"https:\/\/onlinehardwareshop.de\/index.php\/wp-json\/wp\/v2\/product_tag?post=70990"}],"curies":[{"name":"wp","href":"https:\/\/api.w.org\/{rel}","templated":true}]}}