{"id":70987,"date":"2024-04-25T07:58:09","date_gmt":"2024-04-25T07:58:09","guid":{"rendered":"https:\/\/onlinehardwareshop.de\/index.php\/produkt\/bk-conical-deluxe-bratpfanne-24cm-2\/"},"modified":"2025-05-16T03:12:41","modified_gmt":"2025-05-16T03:12:41","slug":"bk-conical-deluxe-bratpfanne-24cm","status":"publish","type":"product","link":"https:\/\/onlinehardwareshop.de\/index.php\/produkt\/bk-conical-deluxe-bratpfanne-24cm\/","title":{"rendered":"BK Conical Deluxe Bratpfanne 24&#xA0;cm"},"content":{"rendered":"<p>Mit der BK Conical Deluxe Bratpfanne 24\u00a0cm bereitest du leckere Steaks PFAS-frei zu, da die Pfanne nachhaltig produziert ist. Die Pfanne eignet sich f\u00fcr alle W\u00e4rmequellen, einschlie\u00dflich Induktion und zur Verwendung im Backofen bei bis zu 230 Grad. So garst du ein zartes H\u00e4hnchen komplett, nachdem du es zun\u00e4chst in derselben Pfanne scharf angebraten hast. Dank der Antihaftbeschichtung aus Edelstahl br\u00e4tst du Steaks lecker mit einer knusprigen Schicht.<\/p>\n","protected":false},"excerpt":{"rendered":"<p>Mit der BK Conical Deluxe Bratpfanne 24\u00a0cm bereitest du leckere Steaks PFAS-frei zu, da die Pfanne nachhaltig produziert ist. Die Pfanne eignet sich f\u00fcr alle W\u00e4rmequellen, einschlie\u00dflich Induktion und zur Verwendung im Backofen bei bis zu 230 Grad. So garst du ein zartes H\u00e4hnchen komplett, nachdem du es zun\u00e4chst in derselben Pfanne scharf angebraten hast. Dank der Antihaftbeschichtung aus Edelstahl br\u00e4tst du Steaks lecker mit einer knusprigen Schicht.<\/p>\n","protected":false},"featured_media":0,"comment_status":"closed","ping_status":"open","template":"","meta":{"_acf_changed":false},"brand":[397],"product_brand":[],"product_cat":[372],"product_tag":[384],"class_list":{"0":"post-70987","1":"product","2":"type-product","3":"status-publish","5":"brand-bk","6":"product_cat-tpfe-und-pfannen","7":"product_tag-koekenpannen","8":"pa_condition-new","9":"pa_coolblue-de-verzending-morgen-gratis-geliefert","10":"pa_ean-807","11":"pa_mpn-b4395-744","13":"first","14":"instock","15":"product-type-external"},"acf":[],"_links":{"self":[{"href":"https:\/\/onlinehardwareshop.de\/index.php\/wp-json\/wp\/v2\/product\/70987","targetHints":{"allow":["GET"]}}],"collection":[{"href":"https:\/\/onlinehardwareshop.de\/index.php\/wp-json\/wp\/v2\/product"}],"about":[{"href":"https:\/\/onlinehardwareshop.de\/index.php\/wp-json\/wp\/v2\/types\/product"}],"replies":[{"embeddable":true,"href":"https:\/\/onlinehardwareshop.de\/index.php\/wp-json\/wp\/v2\/comments?post=70987"}],"wp:attachment":[{"href":"https:\/\/onlinehardwareshop.de\/index.php\/wp-json\/wp\/v2\/media?parent=70987"}],"wp:term":[{"taxonomy":"brand","embeddable":true,"href":"https:\/\/onlinehardwareshop.de\/index.php\/wp-json\/wp\/v2\/brand?post=70987"},{"taxonomy":"product_brand","embeddable":true,"href":"https:\/\/onlinehardwareshop.de\/index.php\/wp-json\/wp\/v2\/product_brand?post=70987"},{"taxonomy":"product_cat","embeddable":true,"href":"https:\/\/onlinehardwareshop.de\/index.php\/wp-json\/wp\/v2\/product_cat?post=70987"},{"taxonomy":"product_tag","embeddable":true,"href":"https:\/\/onlinehardwareshop.de\/index.php\/wp-json\/wp\/v2\/product_tag?post=70987"}],"curies":[{"name":"wp","href":"https:\/\/api.w.org\/{rel}","templated":true}]}}