{"id":70961,"date":"2024-07-07T13:22:58","date_gmt":"2024-07-07T13:22:58","guid":{"rendered":"https:\/\/onlinehardwareshop.de\/index.php\/produkt\/marmitek-ir-control-10-xtra-2\/"},"modified":"2025-05-16T03:01:34","modified_gmt":"2025-05-16T03:01:34","slug":"marmitek-ir-control-10-xtra","status":"publish","type":"product","link":"https:\/\/onlinehardwareshop.de\/index.php\/produkt\/marmitek-ir-control-10-xtra\/","title":{"rendered":"Marmitek IR Control 10 XTRA"},"content":{"rendered":"<p>Der Marmitek IR Control 10 XTRA l\u00e4sst dich Ger\u00e4te bedienen, die hinter geschlossenen T\u00fcren im Schrank stehen. So hat Staub keine Chance und ist die Apparatur vor zum Beispiel Haustieren und Kleinkindern sicher. Stelle einfach das kleine IR-Modul an eine Stelle, die deine Fernbedienung erreicht, und plaziere den Sensor der Verl\u00e4ngerungskabel am Empf\u00e4nger des zu bedienenden Ger\u00e4tes. \u00dcberdies verf\u00fcgt der Marmitek IR Control 10 XTRA \u00fcber eine neue, St\u00f6rungen unterdr\u00fcckende Technik. Der Empf\u00e4nger arbeitet mit Netzstrom. Mit dem Marmitek IR Control 10 XTRA bedienst du bis zu zehn der Sicht entzogene Ger\u00e4te.<\/p>\n","protected":false},"excerpt":{"rendered":"<p>Der Marmitek IR Control 10 XTRA l\u00e4sst dich Ger\u00e4te bedienen, die hinter geschlossenen T\u00fcren im Schrank stehen. So hat Staub keine Chance und ist die Apparatur vor zum Beispiel Haustieren und Kleinkindern sicher. Stelle einfach das kleine IR-Modul an eine Stelle, die deine Fernbedienung erreicht, und plaziere den Sensor der Verl\u00e4ngerungskabel am Empf\u00e4nger des zu bedienenden Ger\u00e4tes. \u00dcberdies verf\u00fcgt der Marmitek IR Control 10 XTRA \u00fcber eine neue, St\u00f6rungen unterdr\u00fcckende Technik. Der Empf\u00e4nger arbeitet mit Netzstrom. Mit dem Marmitek IR Control 10 XTRA bedienst du bis zu zehn der Sicht entzogene Ger\u00e4te.<\/p>\n","protected":false},"featured_media":0,"comment_status":"closed","ping_status":"open","template":"","meta":{"_acf_changed":false},"brand":[691],"product_brand":[],"product_cat":[692],"product_tag":[693],"class_list":{"0":"post-70961","1":"product","2":"type-product","3":"status-publish","5":"brand-marmitek","6":"product_cat-extender","7":"product_tag-extenders","8":"pa_condition-new","9":"pa_coolblue-de-verzending-morgen-gratis-geliefert","10":"pa_ean-720","11":"pa_mpn-721","13":"first","14":"instock","15":"product-type-external"},"acf":[],"_links":{"self":[{"href":"https:\/\/onlinehardwareshop.de\/index.php\/wp-json\/wp\/v2\/product\/70961","targetHints":{"allow":["GET"]}}],"collection":[{"href":"https:\/\/onlinehardwareshop.de\/index.php\/wp-json\/wp\/v2\/product"}],"about":[{"href":"https:\/\/onlinehardwareshop.de\/index.php\/wp-json\/wp\/v2\/types\/product"}],"replies":[{"embeddable":true,"href":"https:\/\/onlinehardwareshop.de\/index.php\/wp-json\/wp\/v2\/comments?post=70961"}],"wp:attachment":[{"href":"https:\/\/onlinehardwareshop.de\/index.php\/wp-json\/wp\/v2\/media?parent=70961"}],"wp:term":[{"taxonomy":"brand","embeddable":true,"href":"https:\/\/onlinehardwareshop.de\/index.php\/wp-json\/wp\/v2\/brand?post=70961"},{"taxonomy":"product_brand","embeddable":true,"href":"https:\/\/onlinehardwareshop.de\/index.php\/wp-json\/wp\/v2\/product_brand?post=70961"},{"taxonomy":"product_cat","embeddable":true,"href":"https:\/\/onlinehardwareshop.de\/index.php\/wp-json\/wp\/v2\/product_cat?post=70961"},{"taxonomy":"product_tag","embeddable":true,"href":"https:\/\/onlinehardwareshop.de\/index.php\/wp-json\/wp\/v2\/product_tag?post=70961"}],"curies":[{"name":"wp","href":"https:\/\/api.w.org\/{rel}","templated":true}]}}