{"id":70956,"date":"2024-11-15T05:47:14","date_gmt":"2024-11-15T05:47:14","guid":{"rendered":"https:\/\/onlinehardwareshop.de\/index.php\/produkt\/marmitek-invisible-control-6-xtra-remote-extender-2\/"},"modified":"2025-05-15T23:24:45","modified_gmt":"2025-05-15T23:24:45","slug":"marmitek-invisible-control-6-xtra-remote-extender","status":"publish","type":"product","link":"https:\/\/onlinehardwareshop.de\/index.php\/produkt\/marmitek-invisible-control-6-xtra-remote-extender\/","title":{"rendered":"Marmitek Invisible Control 6 XTRA Remote Extender"},"content":{"rendered":"<p>Mit dem Marmitek Invisible Control bedienst du mit einer Fernbedienung bis zu acht Ger\u00e4te in zwei unterschiedlichen Schr\u00e4nken oder F\u00e4chern. Dadurch lassen sich die Ger\u00e4te auch mit geschlossener Schrankt\u00fcr steuern. Stelle das kleine IR-Modul an eine Stelle, die von der Fernbedienung erreicht wird, und stelle den IR-Blaster in dein M\u00f6belst\u00fcck. Durch die gro\u00dfe Reichweite des IR Blaster brauchst du nicht mehr an jedes einzelne Ger\u00e4t einen Sender zu kleben. Der Extender funktioniert mit praktisch allen Modellen und verf\u00fcgt \u00fcber neue Infrarot-Codeformate wie RC-MM. Diese Formate findest du in vielen neuen HD-Ger\u00e4ten und digitalen TV-Decodern. Durch fortschrittliche Filtertechniken verwendest du den Extender problemlos in der N\u00e4he von Flachbildfernsehern und indirektem Sonnenlicht.<\/p>\n","protected":false},"excerpt":{"rendered":"<p>Mit dem Marmitek Invisible Control bedienst du mit einer Fernbedienung bis zu acht Ger\u00e4te in zwei unterschiedlichen Schr\u00e4nken oder F\u00e4chern. Dadurch lassen sich die Ger\u00e4te auch mit geschlossener Schrankt\u00fcr steuern. Stelle das kleine IR-Modul an eine Stelle, die von der Fernbedienung erreicht wird, und stelle den IR-Blaster in dein M\u00f6belst\u00fcck. Durch die gro\u00dfe Reichweite des IR Blaster brauchst du nicht mehr an jedes einzelne Ger\u00e4t einen Sender zu kleben. Der Extender funktioniert mit praktisch allen Modellen und verf\u00fcgt \u00fcber neue Infrarot-Codeformate wie RC-MM. Diese Formate findest du in vielen neuen HD-Ger\u00e4ten und digitalen TV-Decodern. Durch fortschrittliche Filtertechniken verwendest du den Extender problemlos in der N\u00e4he von Flachbildfernsehern und indirektem Sonnenlicht.<\/p>\n","protected":false},"featured_media":0,"comment_status":"closed","ping_status":"open","template":"","meta":{"_acf_changed":false},"brand":[691],"product_brand":[],"product_cat":[692],"product_tag":[693],"class_list":{"0":"post-70956","1":"product","2":"type-product","3":"status-publish","5":"brand-marmitek","6":"product_cat-extender","7":"product_tag-extenders","8":"pa_condition-new","9":"pa_coolblue-de-verzending-morgen-gratis-geliefert","10":"pa_ean-689","11":"pa_mpn-690","13":"first","14":"instock","15":"product-type-external"},"acf":[],"_links":{"self":[{"href":"https:\/\/onlinehardwareshop.de\/index.php\/wp-json\/wp\/v2\/product\/70956","targetHints":{"allow":["GET"]}}],"collection":[{"href":"https:\/\/onlinehardwareshop.de\/index.php\/wp-json\/wp\/v2\/product"}],"about":[{"href":"https:\/\/onlinehardwareshop.de\/index.php\/wp-json\/wp\/v2\/types\/product"}],"replies":[{"embeddable":true,"href":"https:\/\/onlinehardwareshop.de\/index.php\/wp-json\/wp\/v2\/comments?post=70956"}],"wp:attachment":[{"href":"https:\/\/onlinehardwareshop.de\/index.php\/wp-json\/wp\/v2\/media?parent=70956"}],"wp:term":[{"taxonomy":"brand","embeddable":true,"href":"https:\/\/onlinehardwareshop.de\/index.php\/wp-json\/wp\/v2\/brand?post=70956"},{"taxonomy":"product_brand","embeddable":true,"href":"https:\/\/onlinehardwareshop.de\/index.php\/wp-json\/wp\/v2\/product_brand?post=70956"},{"taxonomy":"product_cat","embeddable":true,"href":"https:\/\/onlinehardwareshop.de\/index.php\/wp-json\/wp\/v2\/product_cat?post=70956"},{"taxonomy":"product_tag","embeddable":true,"href":"https:\/\/onlinehardwareshop.de\/index.php\/wp-json\/wp\/v2\/product_tag?post=70956"}],"curies":[{"name":"wp","href":"https:\/\/api.w.org\/{rel}","templated":true}]}}