{"id":70951,"date":"2025-01-15T03:30:55","date_gmt":"2025-01-15T03:30:55","guid":{"rendered":"https:\/\/onlinehardwareshop.de\/index.php\/produkt\/weber-compact-kettle-47-cm-2\/"},"modified":"2025-05-15T23:24:21","modified_gmt":"2025-05-15T23:24:21","slug":"weber-compact-kettle-47-cm","status":"publish","type":"product","link":"https:\/\/onlinehardwareshop.de\/index.php\/produkt\/weber-compact-kettle-47-cm\/","title":{"rendered":"Weber Compact Kettle 47 cm"},"content":{"rendered":"<p>Mit dem Weber Compact Kettle 47 cm grillst du f\u00fcr Gruppen bis zu acht Personen. Dank des Untergestells steht der Grill stabil und du arbeitest in angenehmer H\u00f6he. Mit den beiden R\u00e4dern l\u00e4sst sich der Grill leicht in deinem Garten bewegen. M\u00f6chtest du die Asche entsorgen? Dreh den Rost an der Unterseite auf und die Asche f\u00e4llt in den herausnehmbaren Ascheauffangbeh\u00e4lter. Den Deckel h\u00e4ngst du einfach an den Grill, sodass du beim Grillen die H\u00e4nde frei hast. Die Temperatur im Grill regulierst du selbst mit dem L\u00fcftungsgitter. Mit dem mitgelieferten Brikett-Portionierer wei\u00dft du genau, wie viele Briketts du ben\u00f6tigst.<\/p>\n","protected":false},"excerpt":{"rendered":"<p>Mit dem Weber Compact Kettle 47 cm grillst du f\u00fcr Gruppen bis zu acht Personen. Dank des Untergestells steht der Grill stabil und du arbeitest in angenehmer H\u00f6he. Mit den beiden R\u00e4dern l\u00e4sst sich der Grill leicht in deinem Garten bewegen. M\u00f6chtest du die Asche entsorgen? Dreh den Rost an der Unterseite auf und die Asche f\u00e4llt in den herausnehmbaren Ascheauffangbeh\u00e4lter. Den Deckel h\u00e4ngst du einfach an den Grill, sodass du beim Grillen die H\u00e4nde frei hast. Die Temperatur im Grill regulierst du selbst mit dem L\u00fcftungsgitter. Mit dem mitgelieferten Brikett-Portionierer wei\u00dft du genau, wie viele Briketts du ben\u00f6tigst.<\/p>\n","protected":false},"featured_media":0,"comment_status":"closed","ping_status":"open","template":"","meta":{"_acf_changed":false},"brand":[698],"product_brand":[],"product_cat":[699],"product_tag":[700],"class_list":{"0":"post-70951","1":"product","2":"type-product","3":"status-publish","5":"brand-weber","6":"product_cat-grills","7":"product_tag-houtskool-barbecues","8":"pa_condition-new","9":"pa_coolblue-de-verzending-morgen-gratis-geliefert","10":"pa_ean-29171","11":"pa_mpn-29172","13":"first","14":"instock","15":"product-type-external"},"acf":[],"_links":{"self":[{"href":"https:\/\/onlinehardwareshop.de\/index.php\/wp-json\/wp\/v2\/product\/70951","targetHints":{"allow":["GET"]}}],"collection":[{"href":"https:\/\/onlinehardwareshop.de\/index.php\/wp-json\/wp\/v2\/product"}],"about":[{"href":"https:\/\/onlinehardwareshop.de\/index.php\/wp-json\/wp\/v2\/types\/product"}],"replies":[{"embeddable":true,"href":"https:\/\/onlinehardwareshop.de\/index.php\/wp-json\/wp\/v2\/comments?post=70951"}],"wp:attachment":[{"href":"https:\/\/onlinehardwareshop.de\/index.php\/wp-json\/wp\/v2\/media?parent=70951"}],"wp:term":[{"taxonomy":"brand","embeddable":true,"href":"https:\/\/onlinehardwareshop.de\/index.php\/wp-json\/wp\/v2\/brand?post=70951"},{"taxonomy":"product_brand","embeddable":true,"href":"https:\/\/onlinehardwareshop.de\/index.php\/wp-json\/wp\/v2\/product_brand?post=70951"},{"taxonomy":"product_cat","embeddable":true,"href":"https:\/\/onlinehardwareshop.de\/index.php\/wp-json\/wp\/v2\/product_cat?post=70951"},{"taxonomy":"product_tag","embeddable":true,"href":"https:\/\/onlinehardwareshop.de\/index.php\/wp-json\/wp\/v2\/product_tag?post=70951"}],"curies":[{"name":"wp","href":"https:\/\/api.w.org\/{rel}","templated":true}]}}