{"id":70950,"date":"2024-01-19T18:06:09","date_gmt":"2024-01-19T18:06:09","guid":{"rendered":"https:\/\/onlinehardwareshop.de\/index.php\/produkt\/weber-smokey-joe-premium-2\/"},"modified":"2025-05-15T23:24:17","modified_gmt":"2025-05-15T23:24:17","slug":"weber-smokey-joe-premium","status":"publish","type":"product","link":"https:\/\/onlinehardwareshop.de\/index.php\/produkt\/weber-smokey-joe-premium\/","title":{"rendered":"Weber Smokey Joe Premium"},"content":{"rendered":"<p>Mit dem Weber Smokey Joe Premium grillst du in deinem Garten, im Park oder auf dem Campingplatz. Durch die kompakte Gr\u00f6\u00dfe und das geringe Gewicht l\u00e4sst sich der Grill leicht transportieren. Der Grill steht stabil auf dem Untergestell. Auf der Grillfl\u00e4che grillst du f\u00fcr Gruppen von bis zu vier Personen. Dank des Tragegriffs bleibt der Deckel beim Transport sicher auf dem Grill. Du nutzt den Deckel auch als Windschutz, wenn du ihn am Tragegriff befestigst. Die Temperatur im Grill regulierst du \u00fcber das L\u00fcftungsgitter im Deckel. Mit dem mitgelieferten Brikett-Portionierer wei\u00dft du genau, wie viele Briketts du ben\u00f6tigst.<\/p>\n","protected":false},"excerpt":{"rendered":"<p>Mit dem Weber Smokey Joe Premium grillst du in deinem Garten, im Park oder auf dem Campingplatz. Durch die kompakte Gr\u00f6\u00dfe und das geringe Gewicht l\u00e4sst sich der Grill leicht transportieren. Der Grill steht stabil auf dem Untergestell. Auf der Grillfl\u00e4che grillst du f\u00fcr Gruppen von bis zu vier Personen. Dank des Tragegriffs bleibt der Deckel beim Transport sicher auf dem Grill. Du nutzt den Deckel auch als Windschutz, wenn du ihn am Tragegriff befestigst. Die Temperatur im Grill regulierst du \u00fcber das L\u00fcftungsgitter im Deckel. Mit dem mitgelieferten Brikett-Portionierer wei\u00dft du genau, wie viele Briketts du ben\u00f6tigst.<\/p>\n","protected":false},"featured_media":0,"comment_status":"closed","ping_status":"open","template":"","meta":{"_acf_changed":false},"brand":[698],"product_brand":[],"product_cat":[699],"product_tag":[700],"class_list":{"0":"post-70950","1":"product","2":"type-product","3":"status-publish","5":"brand-weber","6":"product_cat-grills","7":"product_tag-houtskool-barbecues","8":"pa_condition-new","9":"pa_coolblue-de-verzending-morgen-gratis-geliefert","10":"pa_ean-32009","11":"pa_mpn-32010","13":"first","14":"instock","15":"product-type-external"},"acf":[],"_links":{"self":[{"href":"https:\/\/onlinehardwareshop.de\/index.php\/wp-json\/wp\/v2\/product\/70950","targetHints":{"allow":["GET"]}}],"collection":[{"href":"https:\/\/onlinehardwareshop.de\/index.php\/wp-json\/wp\/v2\/product"}],"about":[{"href":"https:\/\/onlinehardwareshop.de\/index.php\/wp-json\/wp\/v2\/types\/product"}],"replies":[{"embeddable":true,"href":"https:\/\/onlinehardwareshop.de\/index.php\/wp-json\/wp\/v2\/comments?post=70950"}],"wp:attachment":[{"href":"https:\/\/onlinehardwareshop.de\/index.php\/wp-json\/wp\/v2\/media?parent=70950"}],"wp:term":[{"taxonomy":"brand","embeddable":true,"href":"https:\/\/onlinehardwareshop.de\/index.php\/wp-json\/wp\/v2\/brand?post=70950"},{"taxonomy":"product_brand","embeddable":true,"href":"https:\/\/onlinehardwareshop.de\/index.php\/wp-json\/wp\/v2\/product_brand?post=70950"},{"taxonomy":"product_cat","embeddable":true,"href":"https:\/\/onlinehardwareshop.de\/index.php\/wp-json\/wp\/v2\/product_cat?post=70950"},{"taxonomy":"product_tag","embeddable":true,"href":"https:\/\/onlinehardwareshop.de\/index.php\/wp-json\/wp\/v2\/product_tag?post=70950"}],"curies":[{"name":"wp","href":"https:\/\/api.w.org\/{rel}","templated":true}]}}