{"id":70935,"date":"2024-03-20T10:55:59","date_gmt":"2024-03-20T10:55:59","guid":{"rendered":"https:\/\/onlinehardwareshop.de\/index.php\/produkt\/nikon-af-d-50mm-f-1-8-2\/"},"modified":"2025-05-15T23:13:39","modified_gmt":"2025-05-15T23:13:39","slug":"nikon-af-d-50mm-f-1-8","status":"publish","type":"product","link":"https:\/\/onlinehardwareshop.de\/index.php\/produkt\/nikon-af-d-50mm-f-1-8\/","title":{"rendered":"Nikon AF-D 50mm f\/1.8"},"content":{"rendered":"<p>Das Nikon AF-D 50mm f\/1,8 ist ein Standardobjektiv, das f\u00fcr Nikon Spiegelreflexkameras geeignet ist. Mit diesem Objektiv fotografierst du Portr\u00e4ts und Produkte. Das Objektiv hat eine gro\u00dfe maximale Blenden\u00f6ffnung von f\/1,8, wodurch du eine gro\u00dfe Tiefensch\u00e4rfe in deinen Fotos erzeugen kannst. Der Fokus liegt daher auf deinem Motiv, das sich vollst\u00e4ndig vom Hintergrund l\u00f6st. Die Beschichtung der Linse verhindert Reflexionen und Bildschatten. Das erzeugt mehr Farbkontrast in deinen Fotos. Das Objektiv ist kompakt und wiegt nur 230\u00a0Gramm, sodass du es problemlos in deiner Kameratasche mitnehmen kannst.<\/p>\n","protected":false},"excerpt":{"rendered":"<p>Das Nikon AF-D 50mm f\/1,8 ist ein Standardobjektiv, das f\u00fcr Nikon Spiegelreflexkameras geeignet ist. Mit diesem Objektiv fotografierst du Portr\u00e4ts und Produkte. Das Objektiv hat eine gro\u00dfe maximale Blenden\u00f6ffnung von f\/1,8, wodurch du eine gro\u00dfe Tiefensch\u00e4rfe in deinen Fotos erzeugen kannst. Der Fokus liegt daher auf deinem Motiv, das sich vollst\u00e4ndig vom Hintergrund l\u00f6st. Die Beschichtung der Linse verhindert Reflexionen und Bildschatten. Das erzeugt mehr Farbkontrast in deinen Fotos. Das Objektiv ist kompakt und wiegt nur 230\u00a0Gramm, sodass du es problemlos in deiner Kameratasche mitnehmen kannst.<\/p>\n","protected":false},"featured_media":0,"comment_status":"closed","ping_status":"open","template":"","meta":{"_acf_changed":false},"brand":[133],"product_brand":[],"product_cat":[187],"product_tag":[188],"class_list":{"0":"post-70935","1":"product","2":"type-product","3":"status-publish","5":"brand-nikon","6":"product_cat-kameraobjektive","7":"product_tag-lenzen-voor-slr-cameras","8":"pa_condition-new","9":"pa_coolblue-de-verzending-morgen-gratis-geliefert","10":"pa_ean-623","11":"pa_mpn-jaa013da","13":"first","14":"instock","15":"product-type-external"},"acf":[],"_links":{"self":[{"href":"https:\/\/onlinehardwareshop.de\/index.php\/wp-json\/wp\/v2\/product\/70935","targetHints":{"allow":["GET"]}}],"collection":[{"href":"https:\/\/onlinehardwareshop.de\/index.php\/wp-json\/wp\/v2\/product"}],"about":[{"href":"https:\/\/onlinehardwareshop.de\/index.php\/wp-json\/wp\/v2\/types\/product"}],"replies":[{"embeddable":true,"href":"https:\/\/onlinehardwareshop.de\/index.php\/wp-json\/wp\/v2\/comments?post=70935"}],"wp:attachment":[{"href":"https:\/\/onlinehardwareshop.de\/index.php\/wp-json\/wp\/v2\/media?parent=70935"}],"wp:term":[{"taxonomy":"brand","embeddable":true,"href":"https:\/\/onlinehardwareshop.de\/index.php\/wp-json\/wp\/v2\/brand?post=70935"},{"taxonomy":"product_brand","embeddable":true,"href":"https:\/\/onlinehardwareshop.de\/index.php\/wp-json\/wp\/v2\/product_brand?post=70935"},{"taxonomy":"product_cat","embeddable":true,"href":"https:\/\/onlinehardwareshop.de\/index.php\/wp-json\/wp\/v2\/product_cat?post=70935"},{"taxonomy":"product_tag","embeddable":true,"href":"https:\/\/onlinehardwareshop.de\/index.php\/wp-json\/wp\/v2\/product_tag?post=70935"}],"curies":[{"name":"wp","href":"https:\/\/api.w.org\/{rel}","templated":true}]}}