{"id":70932,"date":"2024-02-12T21:59:04","date_gmt":"2024-02-12T21:59:04","guid":{"rendered":"https:\/\/onlinehardwareshop.de\/index.php\/produkt\/scanpart-kondensatablaufschlauch-15m-2\/"},"modified":"2025-05-15T23:13:24","modified_gmt":"2025-05-15T23:13:24","slug":"scanpart-kondensatablaufschlauch-15m","status":"publish","type":"product","link":"https:\/\/onlinehardwareshop.de\/index.php\/produkt\/scanpart-kondensatablaufschlauch-15m\/","title":{"rendered":"Scanpart Kondensatablaufschlauch (1,5&#xA0;m)"},"content":{"rendered":"<p>Der Scanpart Kondensatablaufschlauch ist 1,5 Meter lang und f\u00fcr Kondenstrockner und W\u00e4rmepumpentrockner geeignet. Wenn du den Kondensatablaufschlauch an den Wasserablauf anschlie\u00dft, wird die Feuchtigkeit aus deiner W\u00e4sche automatisch abgeleitet. Auf diese Weise brauchst du den Kondenswasserbeh\u00e4lter nicht mehr zu leeren. Der Kondensatablaufschlauch hat einen Durchmesser von 0,8 bis 1\u00a0cm.<\/p>\n","protected":false},"excerpt":{"rendered":"<p>Der Scanpart Kondensatablaufschlauch ist 1,5 Meter lang und f\u00fcr Kondenstrockner und W\u00e4rmepumpentrockner geeignet. Wenn du den Kondensatablaufschlauch an den Wasserablauf anschlie\u00dft, wird die Feuchtigkeit aus deiner W\u00e4sche automatisch abgeleitet. Auf diese Weise brauchst du den Kondenswasserbeh\u00e4lter nicht mehr zu leeren. Der Kondensatablaufschlauch hat einen Durchmesser von 0,8 bis 1\u00a0cm.<\/p>\n","protected":false},"featured_media":0,"comment_status":"closed","ping_status":"open","template":"","meta":{"_acf_changed":false},"brand":[76],"product_brand":[],"product_cat":[613],"product_tag":[614],"class_list":{"0":"post-70932","1":"product","2":"type-product","3":"status-publish","5":"brand-scanpart","6":"product_cat-kondensatablaufschluche","7":"product_tag-condensafvoerslangen","8":"pa_condition-new","9":"pa_coolblue-de-verzending-morgen-gratis-geliefert","10":"pa_ean-611","11":"pa_mpn-612","13":"first","14":"instock","15":"product-type-external"},"acf":[],"_links":{"self":[{"href":"https:\/\/onlinehardwareshop.de\/index.php\/wp-json\/wp\/v2\/product\/70932","targetHints":{"allow":["GET"]}}],"collection":[{"href":"https:\/\/onlinehardwareshop.de\/index.php\/wp-json\/wp\/v2\/product"}],"about":[{"href":"https:\/\/onlinehardwareshop.de\/index.php\/wp-json\/wp\/v2\/types\/product"}],"replies":[{"embeddable":true,"href":"https:\/\/onlinehardwareshop.de\/index.php\/wp-json\/wp\/v2\/comments?post=70932"}],"wp:attachment":[{"href":"https:\/\/onlinehardwareshop.de\/index.php\/wp-json\/wp\/v2\/media?parent=70932"}],"wp:term":[{"taxonomy":"brand","embeddable":true,"href":"https:\/\/onlinehardwareshop.de\/index.php\/wp-json\/wp\/v2\/brand?post=70932"},{"taxonomy":"product_brand","embeddable":true,"href":"https:\/\/onlinehardwareshop.de\/index.php\/wp-json\/wp\/v2\/product_brand?post=70932"},{"taxonomy":"product_cat","embeddable":true,"href":"https:\/\/onlinehardwareshop.de\/index.php\/wp-json\/wp\/v2\/product_cat?post=70932"},{"taxonomy":"product_tag","embeddable":true,"href":"https:\/\/onlinehardwareshop.de\/index.php\/wp-json\/wp\/v2\/product_tag?post=70932"}],"curies":[{"name":"wp","href":"https:\/\/api.w.org\/{rel}","templated":true}]}}