{"id":70930,"date":"2024-12-29T02:12:45","date_gmt":"2024-12-29T02:12:45","guid":{"rendered":"https:\/\/onlinehardwareshop.de\/index.php\/produkt\/canon-ef-75-300mm-f-4-0-5-6-2\/"},"modified":"2025-05-15T23:13:15","modified_gmt":"2025-05-15T23:13:15","slug":"canon-ef-75-300mm-f-4-0-5-6","status":"publish","type":"product","link":"https:\/\/onlinehardwareshop.de\/index.php\/produkt\/canon-ef-75-300mm-f-4-0-5-6\/","title":{"rendered":"Canon EF 75-300mm f\/4.0-5.6"},"content":{"rendered":"<p>Das Canon EF 75-300 mm f\/4,0-5,6 III-Objektiv ist dein Begleiter f\u00fcr beispielsweise Sport-, Portr\u00e4t- und Tierfotografie. Es ist f\u00fcr Canon Spiegelreflexkameras mit EF-Bajonett geeignet. Das Objektiv ist relativ kompakt und leicht f\u00fcr ein Telezoom. Erstelle mit dem Teleeffekt eine sch\u00f6ne Hintergrundunsch\u00e4rfe und mache ansprechende und qualitativ hochwertige Fotos. Das Objektiv eignet sich f\u00fcr Sonnenunterg\u00e4nge und Orte, an denen kein Stativ verwendet werden kann.<\/p>\n","protected":false},"excerpt":{"rendered":"<p>Das Canon EF 75-300 mm f\/4,0-5,6 III-Objektiv ist dein Begleiter f\u00fcr beispielsweise Sport-, Portr\u00e4t- und Tierfotografie. Es ist f\u00fcr Canon Spiegelreflexkameras mit EF-Bajonett geeignet. Das Objektiv ist relativ kompakt und leicht f\u00fcr ein Telezoom. Erstelle mit dem Teleeffekt eine sch\u00f6ne Hintergrundunsch\u00e4rfe und mache ansprechende und qualitativ hochwertige Fotos. Das Objektiv eignet sich f\u00fcr Sonnenunterg\u00e4nge und Orte, an denen kein Stativ verwendet werden kann.<\/p>\n","protected":false},"featured_media":0,"comment_status":"closed","ping_status":"open","template":"","meta":{"_acf_changed":false},"brand":[61],"product_brand":[],"product_cat":[187],"product_tag":[188],"class_list":{"0":"post-70930","1":"product","2":"type-product","3":"status-publish","5":"brand-canon","6":"product_cat-kameraobjektive","7":"product_tag-lenzen-voor-slr-cameras","8":"pa_condition-new","9":"pa_coolblue-de-verzending-morgen-gratis-geliefert","10":"pa_ean-599","11":"pa_mpn-6473a015aa","13":"first","14":"instock","15":"product-type-external"},"acf":[],"_links":{"self":[{"href":"https:\/\/onlinehardwareshop.de\/index.php\/wp-json\/wp\/v2\/product\/70930","targetHints":{"allow":["GET"]}}],"collection":[{"href":"https:\/\/onlinehardwareshop.de\/index.php\/wp-json\/wp\/v2\/product"}],"about":[{"href":"https:\/\/onlinehardwareshop.de\/index.php\/wp-json\/wp\/v2\/types\/product"}],"replies":[{"embeddable":true,"href":"https:\/\/onlinehardwareshop.de\/index.php\/wp-json\/wp\/v2\/comments?post=70930"}],"wp:attachment":[{"href":"https:\/\/onlinehardwareshop.de\/index.php\/wp-json\/wp\/v2\/media?parent=70930"}],"wp:term":[{"taxonomy":"brand","embeddable":true,"href":"https:\/\/onlinehardwareshop.de\/index.php\/wp-json\/wp\/v2\/brand?post=70930"},{"taxonomy":"product_brand","embeddable":true,"href":"https:\/\/onlinehardwareshop.de\/index.php\/wp-json\/wp\/v2\/product_brand?post=70930"},{"taxonomy":"product_cat","embeddable":true,"href":"https:\/\/onlinehardwareshop.de\/index.php\/wp-json\/wp\/v2\/product_cat?post=70930"},{"taxonomy":"product_tag","embeddable":true,"href":"https:\/\/onlinehardwareshop.de\/index.php\/wp-json\/wp\/v2\/product_tag?post=70930"}],"curies":[{"name":"wp","href":"https:\/\/api.w.org\/{rel}","templated":true}]}}