{"id":70904,"date":"2024-05-28T18:05:09","date_gmt":"2024-05-28T18:05:09","guid":{"rendered":"https:\/\/onlinehardwareshop.de\/index.php\/produkt\/tefal-minute-grill-gc2058-2\/"},"modified":"2025-05-15T14:52:54","modified_gmt":"2025-05-15T14:52:54","slug":"tefal-minute-grill-gc2058","status":"publish","type":"product","link":"https:\/\/onlinehardwareshop.de\/index.php\/produkt\/tefal-minute-grill-gc2058\/","title":{"rendered":"Tefal Minute Grill GC2058"},"content":{"rendered":"<p>Mit dem Tefal Minute Grill GC2058 kann man schnell und einfach Gerichte zubereiten. Hiermit lassen sich unter anderem Fisch, Fleisch und Gem\u00fcse grillen, aber auch Sandwichtoasts machen. Dank der Leistung von 1600 Watt ist der Grill schnell hei\u00df. Am regelbaren Thermostat stellt man die gew\u00fcnschte Temperatur entsprechend der zuzubereitenden Gerichte ein. Des Weiteren fungiert der Kontaktgrill bei Bedarf als Tischgrill. Die Grillplatten sind mit einer Antihaftbeschichtung versehen. So kannst du grillen, ohne Fett oder \u00d6l hinzuzuf\u00fcgen. Beim Grillen flie\u00dft das Fett und der Fleischsaft in die Fettauffangschale ab. So kochst du noch ges\u00fcnder. Das Ger\u00e4t ist leicht zu reinigen, da die Backplatten abnehmbar und sp\u00fclmaschinenfest sind.<\/p>\n","protected":false},"excerpt":{"rendered":"<p>Mit dem Tefal Minute Grill GC2058 kann man schnell und einfach Gerichte zubereiten. Hiermit lassen sich unter anderem Fisch, Fleisch und Gem\u00fcse grillen, aber auch Sandwichtoasts machen. Dank der Leistung von 1600 Watt ist der Grill schnell hei\u00df. Am regelbaren Thermostat stellt man die gew\u00fcnschte Temperatur entsprechend der zuzubereitenden Gerichte ein. Des Weiteren fungiert der Kontaktgrill bei Bedarf als Tischgrill. Die Grillplatten sind mit einer Antihaftbeschichtung versehen. So kannst du grillen, ohne Fett oder \u00d6l hinzuzuf\u00fcgen. Beim Grillen flie\u00dft das Fett und der Fleischsaft in die Fettauffangschale ab. So kochst du noch ges\u00fcnder. Das Ger\u00e4t ist leicht zu reinigen, da die Backplatten abnehmbar und sp\u00fclmaschinenfest sind.<\/p>\n","protected":false},"featured_media":0,"comment_status":"closed","ping_status":"open","template":"","meta":{"_acf_changed":false},"brand":[506],"product_brand":[],"product_cat":[300],"product_tag":[301],"class_list":{"0":"post-70904","1":"product","2":"type-product","3":"status-publish","5":"brand-tefal","6":"product_cat-kontaktgrills","7":"product_tag-contactgrills","8":"pa_condition-new","9":"pa_coolblue-de-verzending-morgen-gratis-geliefert","10":"pa_ean-504","11":"pa_mpn-gc205816","13":"first","14":"instock","15":"product-type-external"},"acf":[],"_links":{"self":[{"href":"https:\/\/onlinehardwareshop.de\/index.php\/wp-json\/wp\/v2\/product\/70904","targetHints":{"allow":["GET"]}}],"collection":[{"href":"https:\/\/onlinehardwareshop.de\/index.php\/wp-json\/wp\/v2\/product"}],"about":[{"href":"https:\/\/onlinehardwareshop.de\/index.php\/wp-json\/wp\/v2\/types\/product"}],"replies":[{"embeddable":true,"href":"https:\/\/onlinehardwareshop.de\/index.php\/wp-json\/wp\/v2\/comments?post=70904"}],"wp:attachment":[{"href":"https:\/\/onlinehardwareshop.de\/index.php\/wp-json\/wp\/v2\/media?parent=70904"}],"wp:term":[{"taxonomy":"brand","embeddable":true,"href":"https:\/\/onlinehardwareshop.de\/index.php\/wp-json\/wp\/v2\/brand?post=70904"},{"taxonomy":"product_brand","embeddable":true,"href":"https:\/\/onlinehardwareshop.de\/index.php\/wp-json\/wp\/v2\/product_brand?post=70904"},{"taxonomy":"product_cat","embeddable":true,"href":"https:\/\/onlinehardwareshop.de\/index.php\/wp-json\/wp\/v2\/product_cat?post=70904"},{"taxonomy":"product_tag","embeddable":true,"href":"https:\/\/onlinehardwareshop.de\/index.php\/wp-json\/wp\/v2\/product_tag?post=70904"}],"curies":[{"name":"wp","href":"https:\/\/api.w.org\/{rel}","templated":true}]}}