{"id":70881,"date":"2024-10-05T05:30:31","date_gmt":"2024-10-05T05:30:31","guid":{"rendered":"https:\/\/onlinehardwareshop.de\/index.php\/produkt\/case-logic-vnci-217-17-schwarz-2\/"},"modified":"2025-05-15T14:41:38","modified_gmt":"2025-05-15T14:41:38","slug":"case-logic-vnci-217-17-schwarz","status":"publish","type":"product","link":"https:\/\/onlinehardwareshop.de\/index.php\/produkt\/case-logic-vnci-217-17-schwarz\/","title":{"rendered":"Case Logic VNCi-217 17&#34; Schwarz"},"content":{"rendered":"<p>Die Case Logic Laptoptasche 17,3 Zoll VNCi-217 ist eine Tasche mit Business-Look und zus\u00e4tzlichem Schutz f\u00fcr den Laptop. Das Laptopfach hat um den Laptop herum ein Futter. Dies verhindert Dellen oder Kratzer. Auch dein Zubeh\u00f6r passt in die Case Logice Laptoptasche VNCi-217. Ein Ladeger\u00e4t, Maus, Festplatte und anderes Zubeh\u00f6r k\u00f6nnen in den daf\u00fcr vorgesehenen F\u00e4chern untergebracht werden, denn an Platz und Schutz mangelt es nicht. Diese Tasche ist f\u00fcr den t\u00e4glichen Gebrauch geeignet, ohne dass du dir Sorgen machen musst, deinen Laptop zu besch\u00e4digen. Bitte beachte, dass die Gr\u00f6\u00dfe deines Laptops, wie z. B. 15 Zoll oder 17,3 Zoll, die Gr\u00f6\u00dfe des Bildschirms angibt, nicht die Gr\u00f6\u00dfe des ganzen Laptops. Wenn der Rand um deinen Bildschirm herum breit ist, w\u00e4hle zur Sicherheit ein Laptopfach eine Nummer gr\u00f6\u00dfer. So kannst du sicher sein, dass dein Laptop hineinpasst.<\/p>\n","protected":false},"excerpt":{"rendered":"<p>Die Case Logic Laptoptasche 17,3 Zoll VNCi-217 ist eine Tasche mit Business-Look und zus\u00e4tzlichem Schutz f\u00fcr den Laptop. Das Laptopfach hat um den Laptop herum ein Futter. Dies verhindert Dellen oder Kratzer. Auch dein Zubeh\u00f6r passt in die Case Logice Laptoptasche VNCi-217. Ein Ladeger\u00e4t, Maus, Festplatte und anderes Zubeh\u00f6r k\u00f6nnen in den daf\u00fcr vorgesehenen F\u00e4chern untergebracht werden, denn an Platz und Schutz mangelt es nicht. Diese Tasche ist f\u00fcr den t\u00e4glichen Gebrauch geeignet, ohne dass du dir Sorgen machen musst, deinen Laptop zu besch\u00e4digen. Bitte beachte, dass die Gr\u00f6\u00dfe deines Laptops, wie z. B. 15 Zoll oder 17,3 Zoll, die Gr\u00f6\u00dfe des Bildschirms angibt, nicht die Gr\u00f6\u00dfe des ganzen Laptops. Wenn der Rand um deinen Bildschirm herum breit ist, w\u00e4hle zur Sicherheit ein Laptopfach eine Nummer gr\u00f6\u00dfer. So kannst du sicher sein, dass dein Laptop hineinpasst.<\/p>\n","protected":false},"featured_media":0,"comment_status":"closed","ping_status":"open","template":"","meta":{"_acf_changed":false},"brand":[197],"product_brand":[],"product_cat":[431],"product_tag":[432],"class_list":{"0":"post-70881","1":"product","2":"type-product","3":"status-publish","5":"brand-case-logic","6":"product_cat-umhngetaschen","7":"product_tag-niet-leren-schoudertassen","8":"pa_condition-new","9":"pa_coolblue-de-verzending-morgen-gratis-geliefert","10":"pa_ean-433","11":"pa_mpn-434","13":"first","14":"instock","15":"product-type-external"},"acf":[],"_links":{"self":[{"href":"https:\/\/onlinehardwareshop.de\/index.php\/wp-json\/wp\/v2\/product\/70881","targetHints":{"allow":["GET"]}}],"collection":[{"href":"https:\/\/onlinehardwareshop.de\/index.php\/wp-json\/wp\/v2\/product"}],"about":[{"href":"https:\/\/onlinehardwareshop.de\/index.php\/wp-json\/wp\/v2\/types\/product"}],"replies":[{"embeddable":true,"href":"https:\/\/onlinehardwareshop.de\/index.php\/wp-json\/wp\/v2\/comments?post=70881"}],"wp:attachment":[{"href":"https:\/\/onlinehardwareshop.de\/index.php\/wp-json\/wp\/v2\/media?parent=70881"}],"wp:term":[{"taxonomy":"brand","embeddable":true,"href":"https:\/\/onlinehardwareshop.de\/index.php\/wp-json\/wp\/v2\/brand?post=70881"},{"taxonomy":"product_brand","embeddable":true,"href":"https:\/\/onlinehardwareshop.de\/index.php\/wp-json\/wp\/v2\/product_brand?post=70881"},{"taxonomy":"product_cat","embeddable":true,"href":"https:\/\/onlinehardwareshop.de\/index.php\/wp-json\/wp\/v2\/product_cat?post=70881"},{"taxonomy":"product_tag","embeddable":true,"href":"https:\/\/onlinehardwareshop.de\/index.php\/wp-json\/wp\/v2\/product_tag?post=70881"}],"curies":[{"name":"wp","href":"https:\/\/api.w.org\/{rel}","templated":true}]}}