{"id":70870,"date":"2025-02-07T10:20:38","date_gmt":"2025-02-07T10:20:38","guid":{"rendered":"https:\/\/onlinehardwareshop.de\/index.php\/produkt\/bk-conical-deluxe-bratpfanne-28cm-2\/"},"modified":"2025-05-15T14:31:12","modified_gmt":"2025-05-15T14:31:12","slug":"bk-conical-deluxe-bratpfanne-28cm","status":"publish","type":"product","link":"https:\/\/onlinehardwareshop.de\/index.php\/produkt\/bk-conical-deluxe-bratpfanne-28cm\/","title":{"rendered":"BK Conical Deluxe Bratpfanne 28&#xA0;cm"},"content":{"rendered":"<p>In der BK Conical Deluxe Bratpfanne 28\u00a0cm br\u00e4tst du problemlos zwei zarte Steaks an. Die Pfanne hat einen dicken Edelstahlboden aus 3Ply, einer Kombination aus Aluminium und Edelstahl. Dies gew\u00e4hrleistet eine schnelle W\u00e4rmeaufnahme und eine gleichm\u00e4\u00dfige W\u00e4rmeverteilung. Dadurch br\u00e4tst du schnell und bei hoher Temperatur. Die Pfanne eignet sich f\u00fcr alle Herdarten, einschlie\u00dflich Induktion, und zur Verwendung im Backofen bei jeder Temperatur. Das ist praktisch, wenn du die Steaks langsam im Ofen garen m\u00f6chtest. Nach der Nutzung brauchst du die Pfanne nicht selbst zu sp\u00fclen, denn sie kann einfach in die Sp\u00fclmaschine.<\/p>\n","protected":false},"excerpt":{"rendered":"<p>In der BK Conical Deluxe Bratpfanne 28\u00a0cm br\u00e4tst du problemlos zwei zarte Steaks an. Die Pfanne hat einen dicken Edelstahlboden aus 3Ply, einer Kombination aus Aluminium und Edelstahl. Dies gew\u00e4hrleistet eine schnelle W\u00e4rmeaufnahme und eine gleichm\u00e4\u00dfige W\u00e4rmeverteilung. Dadurch br\u00e4tst du schnell und bei hoher Temperatur. Die Pfanne eignet sich f\u00fcr alle Herdarten, einschlie\u00dflich Induktion, und zur Verwendung im Backofen bei jeder Temperatur. Das ist praktisch, wenn du die Steaks langsam im Ofen garen m\u00f6chtest. Nach der Nutzung brauchst du die Pfanne nicht selbst zu sp\u00fclen, denn sie kann einfach in die Sp\u00fclmaschine.<\/p>\n","protected":false},"featured_media":0,"comment_status":"closed","ping_status":"open","template":"","meta":{"_acf_changed":false},"brand":[397],"product_brand":[],"product_cat":[372],"product_tag":[384],"class_list":{"0":"post-70870","1":"product","2":"type-product","3":"status-publish","5":"brand-bk","6":"product_cat-tpfe-und-pfannen","7":"product_tag-koekenpannen","8":"pa_condition-new","9":"pa_coolblue-de-verzending-morgen-gratis-geliefert","10":"pa_ean-395","11":"pa_mpn-b4395-748","13":"first","14":"instock","15":"product-type-external"},"acf":[],"_links":{"self":[{"href":"https:\/\/onlinehardwareshop.de\/index.php\/wp-json\/wp\/v2\/product\/70870","targetHints":{"allow":["GET"]}}],"collection":[{"href":"https:\/\/onlinehardwareshop.de\/index.php\/wp-json\/wp\/v2\/product"}],"about":[{"href":"https:\/\/onlinehardwareshop.de\/index.php\/wp-json\/wp\/v2\/types\/product"}],"replies":[{"embeddable":true,"href":"https:\/\/onlinehardwareshop.de\/index.php\/wp-json\/wp\/v2\/comments?post=70870"}],"wp:attachment":[{"href":"https:\/\/onlinehardwareshop.de\/index.php\/wp-json\/wp\/v2\/media?parent=70870"}],"wp:term":[{"taxonomy":"brand","embeddable":true,"href":"https:\/\/onlinehardwareshop.de\/index.php\/wp-json\/wp\/v2\/brand?post=70870"},{"taxonomy":"product_brand","embeddable":true,"href":"https:\/\/onlinehardwareshop.de\/index.php\/wp-json\/wp\/v2\/product_brand?post=70870"},{"taxonomy":"product_cat","embeddable":true,"href":"https:\/\/onlinehardwareshop.de\/index.php\/wp-json\/wp\/v2\/product_cat?post=70870"},{"taxonomy":"product_tag","embeddable":true,"href":"https:\/\/onlinehardwareshop.de\/index.php\/wp-json\/wp\/v2\/product_tag?post=70870"}],"curies":[{"name":"wp","href":"https:\/\/api.w.org\/{rel}","templated":true}]}}