{"id":70853,"date":"2024-09-19T11:39:45","date_gmt":"2024-09-19T11:39:45","guid":{"rendered":"https:\/\/onlinehardwareshop.de\/index.php\/produkt\/bosch-kreissgeblatt-optiline-wood-254x-30x-2mm-40t-2\/"},"modified":"2025-05-15T03:32:23","modified_gmt":"2025-05-15T03:32:23","slug":"bosch-kreissgeblatt-optiline-wood-254x-30x-2mm-40t","status":"publish","type":"product","link":"https:\/\/onlinehardwareshop.de\/index.php\/produkt\/bosch-kreissgeblatt-optiline-wood-254x-30x-2mm-40t\/","title":{"rendered":"Bosch Kreiss&#xE4;geblatt Optiline Wood 254&#xA0;x 30&#xA0;x 2&#xA0;mm 40&#xA0;T"},"content":{"rendered":"<p>Mit dem Bosch Kreiss\u00e4geblatt Optiline Wood 254\u00a0x 30\u00a0x 2\u00a0mm 40\u00a0T s\u00e4gst du die verschiedensten Holzarten. Dank der 40 Z\u00e4hne ist das Ergebnis immer sch\u00f6n und splitterfrei. Das S\u00e4geblatt hat einen Au\u00dfendurchmesser von 254\u00a0mm und eine Bohrung von 30\u00a0mm. \u00dcberpr\u00fcfe vorab genau, ob dieses Kreiss\u00e4geblatt Optiline Wood auf deine S\u00e4ge passt.<\/p>\n","protected":false},"excerpt":{"rendered":"<p>Mit dem Bosch Kreiss\u00e4geblatt Optiline Wood 254\u00a0x 30\u00a0x 2\u00a0mm 40\u00a0T s\u00e4gst du die verschiedensten Holzarten. Dank der 40 Z\u00e4hne ist das Ergebnis immer sch\u00f6n und splitterfrei. Das S\u00e4geblatt hat einen Au\u00dfendurchmesser von 254\u00a0mm und eine Bohrung von 30\u00a0mm. \u00dcberpr\u00fcfe vorab genau, ob dieses Kreiss\u00e4geblatt Optiline Wood auf deine S\u00e4ge passt.<\/p>\n","protected":false},"featured_media":0,"comment_status":"closed","ping_status":"open","template":"","meta":{"_acf_changed":false},"brand":[332],"product_brand":[],"product_cat":[333],"product_tag":[334],"class_list":{"0":"post-70853","1":"product","2":"type-product","3":"status-publish","5":"brand-bosch-professional","6":"product_cat-sgebltter","7":"product_tag-zaagbladen","8":"pa_condition-new","9":"pa_coolblue-de-verzending-morgen-gratis-geliefert","10":"pa_ean-330","11":"pa_mpn-331","13":"first","14":"instock","15":"product-type-external"},"acf":[],"_links":{"self":[{"href":"https:\/\/onlinehardwareshop.de\/index.php\/wp-json\/wp\/v2\/product\/70853","targetHints":{"allow":["GET"]}}],"collection":[{"href":"https:\/\/onlinehardwareshop.de\/index.php\/wp-json\/wp\/v2\/product"}],"about":[{"href":"https:\/\/onlinehardwareshop.de\/index.php\/wp-json\/wp\/v2\/types\/product"}],"replies":[{"embeddable":true,"href":"https:\/\/onlinehardwareshop.de\/index.php\/wp-json\/wp\/v2\/comments?post=70853"}],"wp:attachment":[{"href":"https:\/\/onlinehardwareshop.de\/index.php\/wp-json\/wp\/v2\/media?parent=70853"}],"wp:term":[{"taxonomy":"brand","embeddable":true,"href":"https:\/\/onlinehardwareshop.de\/index.php\/wp-json\/wp\/v2\/brand?post=70853"},{"taxonomy":"product_brand","embeddable":true,"href":"https:\/\/onlinehardwareshop.de\/index.php\/wp-json\/wp\/v2\/product_brand?post=70853"},{"taxonomy":"product_cat","embeddable":true,"href":"https:\/\/onlinehardwareshop.de\/index.php\/wp-json\/wp\/v2\/product_cat?post=70853"},{"taxonomy":"product_tag","embeddable":true,"href":"https:\/\/onlinehardwareshop.de\/index.php\/wp-json\/wp\/v2\/product_tag?post=70853"}],"curies":[{"name":"wp","href":"https:\/\/api.w.org\/{rel}","templated":true}]}}