{"id":70842,"date":"2024-05-13T03:22:18","date_gmt":"2024-05-13T03:22:18","guid":{"rendered":"https:\/\/onlinehardwareshop.de\/index.php\/produkt\/fritel-gr2275-2\/"},"modified":"2025-05-15T03:22:04","modified_gmt":"2025-05-15T03:22:04","slug":"fritel-gr2275","status":"publish","type":"product","link":"https:\/\/onlinehardwareshop.de\/index.php\/produkt\/fritel-gr2275\/","title":{"rendered":"Fritel GR2275"},"content":{"rendered":"<p>Du verwandelst den Fritel GR2275 Kontaktgrill dank der ausklappbaren Grillplatten in einen Tischgrill. Dadurch stellst du ihn auch auf den Esstisch, wenn du mit einer Gruppe Gem\u00fcse und Fleisch grillst. Auf der gro\u00dfen Backfl\u00e4che bereitest du ganz einfach zwei Paninis oder Sandwiches zu. Die Temperatur stellst du mit dem Drehknopf an der Vorderseite des Grills h\u00e4ndisch ein. Mit der Temperaturanzeige wei\u00dft du genau, wann du deine Paninis auf den Grill legen musst. Das L\u00e4mpchen leuchtet gr\u00fcn, sobald die Platten warm genug sind. Nach der Nutzung l\u00f6st du die Platten ganz einfach vom Grill und reinigst sie in der Sp\u00fclmaschine.<\/p>\n","protected":false},"excerpt":{"rendered":"<p>Du verwandelst den Fritel GR2275 Kontaktgrill dank der ausklappbaren Grillplatten in einen Tischgrill. Dadurch stellst du ihn auch auf den Esstisch, wenn du mit einer Gruppe Gem\u00fcse und Fleisch grillst. Auf der gro\u00dfen Backfl\u00e4che bereitest du ganz einfach zwei Paninis oder Sandwiches zu. Die Temperatur stellst du mit dem Drehknopf an der Vorderseite des Grills h\u00e4ndisch ein. Mit der Temperaturanzeige wei\u00dft du genau, wann du deine Paninis auf den Grill legen musst. Das L\u00e4mpchen leuchtet gr\u00fcn, sobald die Platten warm genug sind. Nach der Nutzung l\u00f6st du die Platten ganz einfach vom Grill und reinigst sie in der Sp\u00fclmaschine.<\/p>\n","protected":false},"featured_media":0,"comment_status":"closed","ping_status":"open","template":"","meta":{"_acf_changed":false},"brand":[299],"product_brand":[],"product_cat":[300],"product_tag":[301],"class_list":{"0":"post-70842","1":"product","2":"type-product","3":"status-publish","5":"brand-fritel","6":"product_cat-kontaktgrills","7":"product_tag-contactgrills","8":"pa_condition-new","9":"pa_coolblue-de-verzending-morgen-gratis-geliefert","10":"pa_ean-297","11":"pa_mpn-298","13":"first","14":"instock","15":"product-type-external"},"acf":[],"_links":{"self":[{"href":"https:\/\/onlinehardwareshop.de\/index.php\/wp-json\/wp\/v2\/product\/70842","targetHints":{"allow":["GET"]}}],"collection":[{"href":"https:\/\/onlinehardwareshop.de\/index.php\/wp-json\/wp\/v2\/product"}],"about":[{"href":"https:\/\/onlinehardwareshop.de\/index.php\/wp-json\/wp\/v2\/types\/product"}],"replies":[{"embeddable":true,"href":"https:\/\/onlinehardwareshop.de\/index.php\/wp-json\/wp\/v2\/comments?post=70842"}],"wp:attachment":[{"href":"https:\/\/onlinehardwareshop.de\/index.php\/wp-json\/wp\/v2\/media?parent=70842"}],"wp:term":[{"taxonomy":"brand","embeddable":true,"href":"https:\/\/onlinehardwareshop.de\/index.php\/wp-json\/wp\/v2\/brand?post=70842"},{"taxonomy":"product_brand","embeddable":true,"href":"https:\/\/onlinehardwareshop.de\/index.php\/wp-json\/wp\/v2\/product_brand?post=70842"},{"taxonomy":"product_cat","embeddable":true,"href":"https:\/\/onlinehardwareshop.de\/index.php\/wp-json\/wp\/v2\/product_cat?post=70842"},{"taxonomy":"product_tag","embeddable":true,"href":"https:\/\/onlinehardwareshop.de\/index.php\/wp-json\/wp\/v2\/product_tag?post=70842"}],"curies":[{"name":"wp","href":"https:\/\/api.w.org\/{rel}","templated":true}]}}