{"id":70831,"date":"2024-10-07T19:21:44","date_gmt":"2024-10-07T19:21:44","guid":{"rendered":"https:\/\/onlinehardwareshop.de\/index.php\/produkt\/logitech-h390-stereo-usb-a-headset-2\/"},"modified":"2025-05-15T03:12:01","modified_gmt":"2025-05-15T03:12:01","slug":"logitech-h390-stereo-usb-a-headset","status":"publish","type":"product","link":"https:\/\/onlinehardwareshop.de\/index.php\/produkt\/logitech-h390-stereo-usb-a-headset\/","title":{"rendered":"Logitech H390 Stereo USB-A Headset"},"content":{"rendered":"<p>F\u00fchre mit dem Logitech USB-Headset H390 mit gepolstertem Kopfb\u00fcgel und weichen Ohrpolstern komfortabel lange Gespr\u00e4che. Das Mikrofon unterdr\u00fcckt alle Hintergrundger\u00e4usche, sodass man deutlich zu h\u00f6ren ist. W\u00e4hrend eines Online-Gespr\u00e4chs kann man die Lautst\u00e4rke des Mikrofons schnell und einfach mit den Lautst\u00e4rkereglern am Kabel einstellen. Die USB-Plug-and-play-Funktion erm\u00f6glicht die sofortige Verwendung des Logitech USB-Headsets H390 nach dem Anschlie\u00dfen.<\/p>\n","protected":false},"excerpt":{"rendered":"<p>F\u00fchre mit dem Logitech USB-Headset H390 mit gepolstertem Kopfb\u00fcgel und weichen Ohrpolstern komfortabel lange Gespr\u00e4che. Das Mikrofon unterdr\u00fcckt alle Hintergrundger\u00e4usche, sodass man deutlich zu h\u00f6ren ist. W\u00e4hrend eines Online-Gespr\u00e4chs kann man die Lautst\u00e4rke des Mikrofons schnell und einfach mit den Lautst\u00e4rkereglern am Kabel einstellen. Die USB-Plug-and-play-Funktion erm\u00f6glicht die sofortige Verwendung des Logitech USB-Headsets H390 nach dem Anschlie\u00dfen.<\/p>\n","protected":false},"featured_media":0,"comment_status":"closed","ping_status":"open","template":"","meta":{"_acf_changed":false},"brand":[32],"product_brand":[],"product_cat":[257],"product_tag":[258],"class_list":{"0":"post-70831","1":"product","2":"type-product","3":"status-publish","5":"brand-logitech","6":"product_cat-office-headsets","7":"product_tag-headsets-office","8":"pa_condition-new","9":"pa_coolblue-de-verzending-morgen-gratis-geliefert","10":"pa_ean-255","11":"pa_mpn-981-000406","13":"first","14":"instock","15":"product-type-external"},"acf":[],"_links":{"self":[{"href":"https:\/\/onlinehardwareshop.de\/index.php\/wp-json\/wp\/v2\/product\/70831","targetHints":{"allow":["GET"]}}],"collection":[{"href":"https:\/\/onlinehardwareshop.de\/index.php\/wp-json\/wp\/v2\/product"}],"about":[{"href":"https:\/\/onlinehardwareshop.de\/index.php\/wp-json\/wp\/v2\/types\/product"}],"replies":[{"embeddable":true,"href":"https:\/\/onlinehardwareshop.de\/index.php\/wp-json\/wp\/v2\/comments?post=70831"}],"wp:attachment":[{"href":"https:\/\/onlinehardwareshop.de\/index.php\/wp-json\/wp\/v2\/media?parent=70831"}],"wp:term":[{"taxonomy":"brand","embeddable":true,"href":"https:\/\/onlinehardwareshop.de\/index.php\/wp-json\/wp\/v2\/brand?post=70831"},{"taxonomy":"product_brand","embeddable":true,"href":"https:\/\/onlinehardwareshop.de\/index.php\/wp-json\/wp\/v2\/product_brand?post=70831"},{"taxonomy":"product_cat","embeddable":true,"href":"https:\/\/onlinehardwareshop.de\/index.php\/wp-json\/wp\/v2\/product_cat?post=70831"},{"taxonomy":"product_tag","embeddable":true,"href":"https:\/\/onlinehardwareshop.de\/index.php\/wp-json\/wp\/v2\/product_tag?post=70831"}],"curies":[{"name":"wp","href":"https:\/\/api.w.org\/{rel}","templated":true}]}}