{"id":70825,"date":"2024-10-28T12:02:04","date_gmt":"2024-10-28T12:02:04","guid":{"rendered":"https:\/\/onlinehardwareshop.de\/index.php\/produkt\/saitek-pro-flight-ruderpedale-pc-2\/"},"modified":"2025-05-15T03:11:32","modified_gmt":"2025-05-15T03:11:32","slug":"saitek-pro-flight-ruderpedale-pc","status":"publish","type":"product","link":"https:\/\/onlinehardwareshop.de\/index.php\/produkt\/saitek-pro-flight-ruderpedale-pc\/","title":{"rendered":"Saitek Pro Flight Ruderpedale PC"},"content":{"rendered":"<p>Mit den Saitek Pro Flight Ruderpedalen steuerst du Ruder und Bremsen deines Lieblingsflugzeugs wie echte Piloten mit den F\u00fc\u00dfen. Diese robusten Pedale und die Basis sind teilweise aus Metall f\u00fcr optimale Haltbarkeit. Die einstellbare D\u00e4mpfung und die einstellbaren Fu\u00dfrasten geben dir pr\u00e4zise Kontrolle \u00fcber das Ruder und die Bremsen. Wer die Standardfunktionen der Pedale anpassen m\u00f6chte, kann das mit der Saitek Smart Technology Software tun. Die Saitek Pro Flight Ruderpedale funktionieren mit allen g\u00e4ngigen Flugsimulatoren und sind f\u00fcr die Verwendung mit dem anderen Saitek Pro Flight Zubeh\u00f6r geeignet.<\/p>\n","protected":false},"excerpt":{"rendered":"<p>Mit den Saitek Pro Flight Ruderpedalen steuerst du Ruder und Bremsen deines Lieblingsflugzeugs wie echte Piloten mit den F\u00fc\u00dfen. Diese robusten Pedale und die Basis sind teilweise aus Metall f\u00fcr optimale Haltbarkeit. Die einstellbare D\u00e4mpfung und die einstellbaren Fu\u00dfrasten geben dir pr\u00e4zise Kontrolle \u00fcber das Ruder und die Bremsen. Wer die Standardfunktionen der Pedale anpassen m\u00f6chte, kann das mit der Saitek Smart Technology Software tun. Die Saitek Pro Flight Ruderpedale funktionieren mit allen g\u00e4ngigen Flugsimulatoren und sind f\u00fcr die Verwendung mit dem anderen Saitek Pro Flight Zubeh\u00f6r geeignet.<\/p>\n","protected":false},"featured_media":0,"comment_status":"closed","ping_status":"open","template":"","meta":{"_acf_changed":false},"brand":[225],"product_brand":[],"product_cat":[230],"product_tag":[231],"class_list":{"0":"post-70825","1":"product","2":"type-product","3":"status-publish","5":"brand-logitech-g","6":"product_cat-flightstick-pedale","7":"product_tag-flightstick-pedalen","8":"pa_condition-new","9":"pa_coolblue-de-verzending-morgen-gratis-geliefert","10":"pa_ean-228","11":"pa_mpn-945-000005","13":"first","14":"instock","15":"product-type-external"},"acf":[],"_links":{"self":[{"href":"https:\/\/onlinehardwareshop.de\/index.php\/wp-json\/wp\/v2\/product\/70825","targetHints":{"allow":["GET"]}}],"collection":[{"href":"https:\/\/onlinehardwareshop.de\/index.php\/wp-json\/wp\/v2\/product"}],"about":[{"href":"https:\/\/onlinehardwareshop.de\/index.php\/wp-json\/wp\/v2\/types\/product"}],"replies":[{"embeddable":true,"href":"https:\/\/onlinehardwareshop.de\/index.php\/wp-json\/wp\/v2\/comments?post=70825"}],"wp:attachment":[{"href":"https:\/\/onlinehardwareshop.de\/index.php\/wp-json\/wp\/v2\/media?parent=70825"}],"wp:term":[{"taxonomy":"brand","embeddable":true,"href":"https:\/\/onlinehardwareshop.de\/index.php\/wp-json\/wp\/v2\/brand?post=70825"},{"taxonomy":"product_brand","embeddable":true,"href":"https:\/\/onlinehardwareshop.de\/index.php\/wp-json\/wp\/v2\/product_brand?post=70825"},{"taxonomy":"product_cat","embeddable":true,"href":"https:\/\/onlinehardwareshop.de\/index.php\/wp-json\/wp\/v2\/product_cat?post=70825"},{"taxonomy":"product_tag","embeddable":true,"href":"https:\/\/onlinehardwareshop.de\/index.php\/wp-json\/wp\/v2\/product_tag?post=70825"}],"curies":[{"name":"wp","href":"https:\/\/api.w.org\/{rel}","templated":true}]}}