{"id":70813,"date":"2024-06-14T21:26:34","date_gmt":"2024-06-14T21:26:34","guid":{"rendered":"https:\/\/onlinehardwareshop.de\/index.php\/produkt\/nikon-af-s-50-mm-f-1-8g-2\/"},"modified":"2025-05-14T23:23:51","modified_gmt":"2025-05-14T23:23:51","slug":"nikon-af-s-50-mm-f-1-8g","status":"publish","type":"product","link":"https:\/\/onlinehardwareshop.de\/index.php\/produkt\/nikon-af-s-50-mm-f-1-8g\/","title":{"rendered":"Nikon AF-S 50 mm f\/1.8G"},"content":{"rendered":"<p>Das Nikon AF-S 50 mm f\/1,8G ist ein kompaktes, lichtstarkes Objektiv mit einer festen Brennweite von 50 Millimetern. Es eignet sich f\u00fcr Nikon Spiegelreflexkameras. Das Objektiv verf\u00fcgt \u00fcber einen SWM-Fokusmotor. Auf diese Weise kannst du den Autofokus verwenden, auch wenn deine Kamera keinen Autofokusmotor hat. Dank seiner Helligkeit von f\/1,8 kannst du einen angenehmen Bokeh-Effekt erzielen. Dar\u00fcber hinaus ist das Objektiv so konzipiert, dass es eine Naheinstellgrenze von nur 45 Zentimetern hat, wodurch du Motive auch aus der N\u00e4he fotografieren kannst.<\/p>\n","protected":false},"excerpt":{"rendered":"<p>Das Nikon AF-S 50 mm f\/1,8G ist ein kompaktes, lichtstarkes Objektiv mit einer festen Brennweite von 50 Millimetern. Es eignet sich f\u00fcr Nikon Spiegelreflexkameras. Das Objektiv verf\u00fcgt \u00fcber einen SWM-Fokusmotor. Auf diese Weise kannst du den Autofokus verwenden, auch wenn deine Kamera keinen Autofokusmotor hat. Dank seiner Helligkeit von f\/1,8 kannst du einen angenehmen Bokeh-Effekt erzielen. Dar\u00fcber hinaus ist das Objektiv so konzipiert, dass es eine Naheinstellgrenze von nur 45 Zentimetern hat, wodurch du Motive auch aus der N\u00e4he fotografieren kannst.<\/p>\n","protected":false},"featured_media":0,"comment_status":"closed","ping_status":"open","template":"","meta":{"_acf_changed":false},"brand":[133],"product_brand":[],"product_cat":[187],"product_tag":[188],"class_list":{"0":"post-70813","1":"product","2":"type-product","3":"status-publish","5":"brand-nikon","6":"product_cat-kameraobjektive","7":"product_tag-lenzen-voor-slr-cameras","8":"pa_condition-new","9":"pa_coolblue-de-verzending-morgen-gratis-geliefert","10":"pa_ean-185","11":"pa_mpn-jaa015da","13":"first","14":"instock","15":"product-type-external"},"acf":[],"_links":{"self":[{"href":"https:\/\/onlinehardwareshop.de\/index.php\/wp-json\/wp\/v2\/product\/70813","targetHints":{"allow":["GET"]}}],"collection":[{"href":"https:\/\/onlinehardwareshop.de\/index.php\/wp-json\/wp\/v2\/product"}],"about":[{"href":"https:\/\/onlinehardwareshop.de\/index.php\/wp-json\/wp\/v2\/types\/product"}],"replies":[{"embeddable":true,"href":"https:\/\/onlinehardwareshop.de\/index.php\/wp-json\/wp\/v2\/comments?post=70813"}],"wp:attachment":[{"href":"https:\/\/onlinehardwareshop.de\/index.php\/wp-json\/wp\/v2\/media?parent=70813"}],"wp:term":[{"taxonomy":"brand","embeddable":true,"href":"https:\/\/onlinehardwareshop.de\/index.php\/wp-json\/wp\/v2\/brand?post=70813"},{"taxonomy":"product_brand","embeddable":true,"href":"https:\/\/onlinehardwareshop.de\/index.php\/wp-json\/wp\/v2\/product_brand?post=70813"},{"taxonomy":"product_cat","embeddable":true,"href":"https:\/\/onlinehardwareshop.de\/index.php\/wp-json\/wp\/v2\/product_cat?post=70813"},{"taxonomy":"product_tag","embeddable":true,"href":"https:\/\/onlinehardwareshop.de\/index.php\/wp-json\/wp\/v2\/product_tag?post=70813"}],"curies":[{"name":"wp","href":"https:\/\/api.w.org\/{rel}","templated":true}]}}