{"id":70810,"date":"2024-04-30T13:30:58","date_gmt":"2024-04-30T13:30:58","guid":{"rendered":"https:\/\/onlinehardwareshop.de\/index.php\/produkt\/logitech-z906-5-1-surround-sound-pc-lautsprecher-receiver-2\/"},"modified":"2025-05-14T23:23:42","modified_gmt":"2025-05-14T23:23:42","slug":"logitech-z906-5-1-surround-sound-pc-lautsprecher-receiver","status":"publish","type":"product","link":"https:\/\/onlinehardwareshop.de\/index.php\/produkt\/logitech-z906-5-1-surround-sound-pc-lautsprecher-receiver\/","title":{"rendered":"Logitech Z906 5.1 Surround Sound PC-Lautsprecher + Receiver"},"content":{"rendered":"<p>Mit den Logitech Z906 5.1 Surround Sound Lautsprechern setzt du auf gro\u00dfartigen Sound. Erlebe Filme, Musik und Spiele in 5.1-Kanal-Surround-Sound. Audio kommt aus f\u00fcnf verschiedenen Richtungen zu dir. Und der solide Subwoofer liefert dir wunderbar schwere B\u00e4sse ohne Verzerrungen. Auf diese Weise klingt der Sound lebensecht und du f\u00fchlst dich wirklich mitten in deinem Film oder Spiel. Schlie\u00dfe bis zu sechs verschiedene Quellen an die Logitech Z906 an, die \u00fcber zwei optische Eing\u00e4nge, einen koaxialen Eingang, einen 3,5-mm-Miniklinkenanschluss und einen Sechs-Kanal-Direkteingang verf\u00fcgt. Die mitgelieferte Fernbedienung erm\u00f6glicht eine einfache Bedienung der Logitech Z906 5.1 Surround Lautsprecher.<\/p>\n","protected":false},"excerpt":{"rendered":"<p>Mit den Logitech Z906 5.1 Surround Sound Lautsprechern setzt du auf gro\u00dfartigen Sound. Erlebe Filme, Musik und Spiele in 5.1-Kanal-Surround-Sound. Audio kommt aus f\u00fcnf verschiedenen Richtungen zu dir. Und der solide Subwoofer liefert dir wunderbar schwere B\u00e4sse ohne Verzerrungen. Auf diese Weise klingt der Sound lebensecht und du f\u00fchlst dich wirklich mitten in deinem Film oder Spiel. Schlie\u00dfe bis zu sechs verschiedene Quellen an die Logitech Z906 an, die \u00fcber zwei optische Eing\u00e4nge, einen koaxialen Eingang, einen 3,5-mm-Miniklinkenanschluss und einen Sechs-Kanal-Direkteingang verf\u00fcgt. Die mitgelieferte Fernbedienung erm\u00f6glicht eine einfache Bedienung der Logitech Z906 5.1 Surround Lautsprecher.<\/p>\n","protected":false},"featured_media":0,"comment_status":"closed","ping_status":"open","template":"","meta":{"_acf_changed":false},"brand":[32],"product_brand":[],"product_cat":[47],"product_tag":[48],"class_list":{"0":"post-70810","1":"product","2":"type-product","3":"status-publish","5":"brand-logitech","6":"product_cat-pc-lautsprecher","7":"product_tag-pc-speakers","8":"pa_condition-new","9":"pa_coolblue-de-verzending-morgen-gratis-geliefert","10":"pa_ean-176","11":"pa_mpn-980-000468","13":"first","14":"instock","15":"product-type-external"},"acf":[],"_links":{"self":[{"href":"https:\/\/onlinehardwareshop.de\/index.php\/wp-json\/wp\/v2\/product\/70810","targetHints":{"allow":["GET"]}}],"collection":[{"href":"https:\/\/onlinehardwareshop.de\/index.php\/wp-json\/wp\/v2\/product"}],"about":[{"href":"https:\/\/onlinehardwareshop.de\/index.php\/wp-json\/wp\/v2\/types\/product"}],"replies":[{"embeddable":true,"href":"https:\/\/onlinehardwareshop.de\/index.php\/wp-json\/wp\/v2\/comments?post=70810"}],"wp:attachment":[{"href":"https:\/\/onlinehardwareshop.de\/index.php\/wp-json\/wp\/v2\/media?parent=70810"}],"wp:term":[{"taxonomy":"brand","embeddable":true,"href":"https:\/\/onlinehardwareshop.de\/index.php\/wp-json\/wp\/v2\/brand?post=70810"},{"taxonomy":"product_brand","embeddable":true,"href":"https:\/\/onlinehardwareshop.de\/index.php\/wp-json\/wp\/v2\/product_brand?post=70810"},{"taxonomy":"product_cat","embeddable":true,"href":"https:\/\/onlinehardwareshop.de\/index.php\/wp-json\/wp\/v2\/product_cat?post=70810"},{"taxonomy":"product_tag","embeddable":true,"href":"https:\/\/onlinehardwareshop.de\/index.php\/wp-json\/wp\/v2\/product_tag?post=70810"}],"curies":[{"name":"wp","href":"https:\/\/api.w.org\/{rel}","templated":true}]}}