{"id":70807,"date":"2024-01-09T17:23:51","date_gmt":"2024-01-09T17:23:51","guid":{"rendered":"https:\/\/onlinehardwareshop.de\/index.php\/produkt\/logitech-z623-2-1-lautsprechersystem-2\/"},"modified":"2025-05-14T23:23:27","modified_gmt":"2025-05-14T23:23:27","slug":"logitech-z623-2-1-lautsprechersystem","status":"publish","type":"product","link":"https:\/\/onlinehardwareshop.de\/index.php\/produkt\/logitech-z623-2-1-lautsprechersystem\/","title":{"rendered":"Logitech Z623 2.1 Lautsprechersystem"},"content":{"rendered":"<p>Das Logitech Z623 2.1 Speaker System besteht aus einem 130-Watt-Subwoofer und zwei 35-Watt-Satellitenlautsprechern. Mit diesem System kannst du also 200 RMS Leistung bekommen und die neuesten Filme und Musik in vollen Z\u00fcgen genie\u00dfen. Das Z623 Lautsprechersystem ist THX-zertifiziert. THX liefert beeindruckenden, kraftvollen Sound f\u00fcr Musik, Filme und Spiele. Dieses Logitech-System verf\u00fcgt \u00fcber zwei 3,5-mm-Eing\u00e4nge, um z. B. deinen Computer und einen MP3-Player anzuschlie\u00dfen, sowie einen Kopfh\u00f6rerausgang. \u00dcber die RCA-Buchse kannst du es u.a. an eine erweiterte Soundkarte oder einen Mediaplayer anschlie\u00dfen.<\/p>\n","protected":false},"excerpt":{"rendered":"<p>Das Logitech Z623 2.1 Speaker System besteht aus einem 130-Watt-Subwoofer und zwei 35-Watt-Satellitenlautsprechern. Mit diesem System kannst du also 200 RMS Leistung bekommen und die neuesten Filme und Musik in vollen Z\u00fcgen genie\u00dfen. Das Z623 Lautsprechersystem ist THX-zertifiziert. THX liefert beeindruckenden, kraftvollen Sound f\u00fcr Musik, Filme und Spiele. Dieses Logitech-System verf\u00fcgt \u00fcber zwei 3,5-mm-Eing\u00e4nge, um z. B. deinen Computer und einen MP3-Player anzuschlie\u00dfen, sowie einen Kopfh\u00f6rerausgang. \u00dcber die RCA-Buchse kannst du es u.a. an eine erweiterte Soundkarte oder einen Mediaplayer anschlie\u00dfen.<\/p>\n","protected":false},"featured_media":0,"comment_status":"closed","ping_status":"open","template":"","meta":{"_acf_changed":false},"brand":[32],"product_brand":[],"product_cat":[47],"product_tag":[48],"class_list":{"0":"post-70807","1":"product","2":"type-product","3":"status-publish","5":"brand-logitech","6":"product_cat-pc-lautsprecher","7":"product_tag-pc-speakers","8":"pa_condition-new","9":"pa_coolblue-de-verzending-morgen-gratis-geliefert","10":"pa_ean-169","11":"pa_mpn-980-000403","13":"first","14":"instock","15":"product-type-external"},"acf":[],"_links":{"self":[{"href":"https:\/\/onlinehardwareshop.de\/index.php\/wp-json\/wp\/v2\/product\/70807","targetHints":{"allow":["GET"]}}],"collection":[{"href":"https:\/\/onlinehardwareshop.de\/index.php\/wp-json\/wp\/v2\/product"}],"about":[{"href":"https:\/\/onlinehardwareshop.de\/index.php\/wp-json\/wp\/v2\/types\/product"}],"replies":[{"embeddable":true,"href":"https:\/\/onlinehardwareshop.de\/index.php\/wp-json\/wp\/v2\/comments?post=70807"}],"wp:attachment":[{"href":"https:\/\/onlinehardwareshop.de\/index.php\/wp-json\/wp\/v2\/media?parent=70807"}],"wp:term":[{"taxonomy":"brand","embeddable":true,"href":"https:\/\/onlinehardwareshop.de\/index.php\/wp-json\/wp\/v2\/brand?post=70807"},{"taxonomy":"product_brand","embeddable":true,"href":"https:\/\/onlinehardwareshop.de\/index.php\/wp-json\/wp\/v2\/product_brand?post=70807"},{"taxonomy":"product_cat","embeddable":true,"href":"https:\/\/onlinehardwareshop.de\/index.php\/wp-json\/wp\/v2\/product_cat?post=70807"},{"taxonomy":"product_tag","embeddable":true,"href":"https:\/\/onlinehardwareshop.de\/index.php\/wp-json\/wp\/v2\/product_tag?post=70807"}],"curies":[{"name":"wp","href":"https:\/\/api.w.org\/{rel}","templated":true}]}}