{"id":64028,"date":"2025-02-07T02:50:27","date_gmt":"2025-02-07T02:50:27","guid":{"rendered":"https:\/\/onlinehardwareshop.de\/index.php\/produkt\/apple-watch-series-10-4g-46mm-titan-gold-sportarmband-m-l\/"},"modified":"2025-05-14T14:10:43","modified_gmt":"2025-05-14T14:10:43","slug":"apple-watch-series-10-4g-46mm-titan-gold-sportarmband-m-l","status":"publish","type":"product","link":"https:\/\/onlinehardwareshop.de\/index.php\/produkt\/apple-watch-series-10-4g-46mm-titan-gold-sportarmband-m-l\/","title":{"rendered":"Apple Watch Series 10 4G 46&#xA0;mm Titan Gold Sportarmband M\/L"},"content":{"rendered":"<p>Mit der Apple Watch Series 10 4G 46\u00a0mm Titan Gold Sportarmband M\/L bist du immer \u00fcber deine Gesundheit und Smartphone-Benachrichtigungen auf dem Laufenden. Da das Uhrengeh\u00e4use aus robustem Titan besteht, wirkt deine Apple Watch elegant und bleibt l\u00e4nger wie neu. Diese neue Apple Watch hat ein gr\u00f6\u00dferes Display als ihre Vorg\u00e4ngerinnen. Dadurch liest du all deine Nachrichten und Benachrichtigungen bequem ab. Dank der abgerundeten Kanten siehst du den Displayinhalt komfortabel von der Seite. Mit einem 4G-Vertrag bist du \u00fcber deine Smartwatch immer erreichbar, auch wenn du dein iPhone nicht dabeihast. \u00dcberpr\u00fcfe, ob der Anbieter deines iPhone dies unterst\u00fctzt. Du nimmst Anrufe m\u00fchelos entgegen, indem du Zeigefinger und Daumen zweimal kurz gegeneinander tippst. Bei durchschnittlicher Nutzung betr\u00e4gt die Akkulaufzeit einen Tag. Die Apple Watch zeichnet deine Herzfrequenz, deinen Schlaf sowie Stress auf und gibt dir Tipps und \u00dcbungen, mit denen du deine mentale Gesundheit verbesserst.  Hinweis: Zum Lieferumfang geh\u00f6rt kein Ladeger\u00e4t. M\u00f6chtest du die Uhr an der Steckdose aufladen? Dann verwende das Ladeger\u00e4t deines Smartphones oder bestelle dir ein Ladeger\u00e4t einzeln dazu.  Diese Armbanduhr ist f\u00fcr einen Handgelenkumfang von 17 bis 19\u00a0cm geeignet. Hinweis: Um die Apple Watch zu verwenden, ben\u00f6tigst du ein iPhone Xs oder neuer mit iOS 18 oder neuer.<\/p>\n","protected":false},"excerpt":{"rendered":"<p>Mit der Apple Watch Series 10 4G 46\u00a0mm Titan Gold Sportarmband M\/L bist du immer \u00fcber deine Gesundheit und Smartphone-Benachrichtigungen auf dem Laufenden. Da das Uhrengeh\u00e4use aus robustem Titan besteht, wirkt deine Apple Watch elegant und bleibt l\u00e4nger wie neu. Diese neue Apple Watch hat ein gr\u00f6\u00dferes Display als ihre Vorg\u00e4ngerinnen. Dadurch liest du all deine Nachrichten und Benachrichtigungen bequem ab. Dank der abgerundeten Kanten siehst du den Displayinhalt komfortabel von der Seite. Mit einem 4G-Vertrag bist du \u00fcber deine Smartwatch immer erreichbar, auch wenn du dein iPhone nicht dabeihast. \u00dcberpr\u00fcfe, ob der Anbieter deines iPhone dies unterst\u00fctzt. Du nimmst Anrufe m\u00fchelos entgegen, indem du Zeigefinger und Daumen zweimal kurz gegeneinander tippst. Bei durchschnittlicher Nutzung betr\u00e4gt die Akkulaufzeit einen Tag. Die Apple Watch zeichnet deine Herzfrequenz, deinen Schlaf sowie Stress auf und gibt dir Tipps und \u00dcbungen, mit denen du deine mentale Gesundheit verbesserst.  Hinweis: Zum Lieferumfang geh\u00f6rt kein Ladeger\u00e4t. M\u00f6chtest du die Uhr an der Steckdose aufladen? Dann verwende das Ladeger\u00e4t deines Smartphones oder bestelle dir ein Ladeger\u00e4t einzeln dazu.  Diese Armbanduhr ist f\u00fcr einen Handgelenkumfang von 17 bis 19\u00a0cm geeignet. Hinweis: Um die Apple Watch zu verwenden, ben\u00f6tigst du ein iPhone Xs oder neuer mit iOS 18 oder neuer.<\/p>\n","protected":false},"featured_media":0,"comment_status":"closed","ping_status":"open","template":"","meta":{"_acf_changed":false},"brand":[148],"product_brand":[],"product_cat":[6848],"product_tag":[15198],"class_list":{"0":"post-64028","1":"product","2":"type-product","3":"status-publish","5":"brand-apple","6":"product_cat-smartwatches","7":"product_tag-apple-watches","8":"pa_condition-new","9":"pa_coolblue-de-verzending-morgen-gratis-geliefert","10":"pa_ean-23154","11":"pa_mpn-mwyy3qf-a","13":"first","14":"instock","15":"product-type-external"},"acf":[],"_links":{"self":[{"href":"https:\/\/onlinehardwareshop.de\/index.php\/wp-json\/wp\/v2\/product\/64028","targetHints":{"allow":["GET"]}}],"collection":[{"href":"https:\/\/onlinehardwareshop.de\/index.php\/wp-json\/wp\/v2\/product"}],"about":[{"href":"https:\/\/onlinehardwareshop.de\/index.php\/wp-json\/wp\/v2\/types\/product"}],"replies":[{"embeddable":true,"href":"https:\/\/onlinehardwareshop.de\/index.php\/wp-json\/wp\/v2\/comments?post=64028"}],"wp:attachment":[{"href":"https:\/\/onlinehardwareshop.de\/index.php\/wp-json\/wp\/v2\/media?parent=64028"}],"wp:term":[{"taxonomy":"brand","embeddable":true,"href":"https:\/\/onlinehardwareshop.de\/index.php\/wp-json\/wp\/v2\/brand?post=64028"},{"taxonomy":"product_brand","embeddable":true,"href":"https:\/\/onlinehardwareshop.de\/index.php\/wp-json\/wp\/v2\/product_brand?post=64028"},{"taxonomy":"product_cat","embeddable":true,"href":"https:\/\/onlinehardwareshop.de\/index.php\/wp-json\/wp\/v2\/product_cat?post=64028"},{"taxonomy":"product_tag","embeddable":true,"href":"https:\/\/onlinehardwareshop.de\/index.php\/wp-json\/wp\/v2\/product_tag?post=64028"}],"curies":[{"name":"wp","href":"https:\/\/api.w.org\/{rel}","templated":true}]}}