{"id":63684,"date":"2024-06-02T01:29:41","date_gmt":"2024-06-02T01:29:41","guid":{"rendered":"https:\/\/onlinehardwareshop.de\/index.php\/produkt\/caruba-glaskugel-100mm\/"},"modified":"2025-05-14T01:11:47","modified_gmt":"2025-05-14T01:11:47","slug":"caruba-glaskugel-100mm","status":"publish","type":"product","link":"https:\/\/onlinehardwareshop.de\/index.php\/produkt\/caruba-glaskugel-100mm\/","title":{"rendered":"Caruba Glaskugel 100&#xA0;mm"},"content":{"rendered":"<p>Mit der Caruba Glaskugel 100\u00a0mm kannst du kreative Fotos machen, bei denen du mit Reflexionen in der Kugel spielst. Diese Kugel hat einen Durchmesser von 100 Millimetern und besteht aus klarem Glas, sodass sich die Qualit\u00e4t deiner Fotos nicht verschlechtert. Wenn du die Glaskugel in einer Landschaft oder auf der Stra\u00dfe platzierst, siehst du ein verzerrtes Bild, das auf dem Kopf steht. Dar\u00fcber hinaus kannst du die Kugel komplett scharf ins Bild bringen und den Hintergrund unscharf werden lassen. Das ergibt einen kreativen Effekt in deinem Foto. Eine andere M\u00f6glichkeit besteht darin, einen Gegenstand hinter die Kugel zu legen, beispielsweise wird eine Bl\u00fcte vergr\u00f6\u00dfert.<\/p>\n","protected":false},"excerpt":{"rendered":"<p>Mit der Caruba Glaskugel 100\u00a0mm kannst du kreative Fotos machen, bei denen du mit Reflexionen in der Kugel spielst. Diese Kugel hat einen Durchmesser von 100 Millimetern und besteht aus klarem Glas, sodass sich die Qualit\u00e4t deiner Fotos nicht verschlechtert. Wenn du die Glaskugel in einer Landschaft oder auf der Stra\u00dfe platzierst, siehst du ein verzerrtes Bild, das auf dem Kopf steht. Dar\u00fcber hinaus kannst du die Kugel komplett scharf ins Bild bringen und den Hintergrund unscharf werden lassen. Das ergibt einen kreativen Effekt in deinem Foto. Eine andere M\u00f6glichkeit besteht darin, einen Gegenstand hinter die Kugel zu legen, beispielsweise wird eine Bl\u00fcte vergr\u00f6\u00dfert.<\/p>\n","protected":false},"featured_media":0,"comment_status":"closed","ping_status":"open","template":"","meta":{"_acf_changed":false},"brand":[1697],"product_brand":[],"product_cat":[33392],"product_tag":[33393],"class_list":{"0":"post-63684","1":"product","2":"type-product","3":"status-publish","5":"brand-caruba","6":"product_cat-lensballs","7":"product_tag-lensballen","8":"pa_condition-new","9":"pa_coolblue-de-verzending-morgen-gratis-geliefert","10":"pa_ean-33390","11":"pa_mpn-d142671","13":"first","14":"instock","15":"product-type-external"},"acf":[],"_links":{"self":[{"href":"https:\/\/onlinehardwareshop.de\/index.php\/wp-json\/wp\/v2\/product\/63684","targetHints":{"allow":["GET"]}}],"collection":[{"href":"https:\/\/onlinehardwareshop.de\/index.php\/wp-json\/wp\/v2\/product"}],"about":[{"href":"https:\/\/onlinehardwareshop.de\/index.php\/wp-json\/wp\/v2\/types\/product"}],"replies":[{"embeddable":true,"href":"https:\/\/onlinehardwareshop.de\/index.php\/wp-json\/wp\/v2\/comments?post=63684"}],"wp:attachment":[{"href":"https:\/\/onlinehardwareshop.de\/index.php\/wp-json\/wp\/v2\/media?parent=63684"}],"wp:term":[{"taxonomy":"brand","embeddable":true,"href":"https:\/\/onlinehardwareshop.de\/index.php\/wp-json\/wp\/v2\/brand?post=63684"},{"taxonomy":"product_brand","embeddable":true,"href":"https:\/\/onlinehardwareshop.de\/index.php\/wp-json\/wp\/v2\/product_brand?post=63684"},{"taxonomy":"product_cat","embeddable":true,"href":"https:\/\/onlinehardwareshop.de\/index.php\/wp-json\/wp\/v2\/product_cat?post=63684"},{"taxonomy":"product_tag","embeddable":true,"href":"https:\/\/onlinehardwareshop.de\/index.php\/wp-json\/wp\/v2\/product_tag?post=63684"}],"curies":[{"name":"wp","href":"https:\/\/api.w.org\/{rel}","templated":true}]}}