{"id":62451,"date":"2024-07-03T11:26:08","date_gmt":"2024-07-03T11:26:08","guid":{"rendered":"https:\/\/onlinehardwareshop.de\/index.php\/produkt\/severin-wk-3418\/"},"modified":"2025-05-14T19:12:15","modified_gmt":"2025-05-14T19:12:15","slug":"severin-wk-3418","status":"publish","type":"product","link":"https:\/\/onlinehardwareshop.de\/index.php\/produkt\/severin-wk-3418\/","title":{"rendered":"Severin WK 3418"},"content":{"rendered":"<p>Der Severin WK 3418 Wasserkocher erhitzt Wasser genau auf die Temperatur, die du m\u00f6chtest. Du w\u00e4hlst in 5 Grad Schritten die passende Temperatureinstellung. Auf diese Weise bereitest du etwa verschiedene Teesorten zu. Empfindlichen gr\u00fcnen Tee gie\u00dft du zum Beispiel mit 70 Grad Celsius hei\u00dfem Wasser auf. Schaltest du die Warmhaltefunktion ein, bleibt das Wasser nach dem Erhitzen l\u00e4nger auf Temperatur. Das ist praktisch, wenn du mehrere Dinge in der K\u00fcche zu tun hast. Oder wenn du deinen Tee ein zweites Mal aufgie\u00dfen m\u00f6chtest. Dank der Literanzeige des Severin Wasserkochers liest du ab, wie viel Wasser noch drin ist. So gehst du sicher, dass du nur kochst, was du wirklich brauchst. Und du sparst Wasser und Energie.<\/p>\n","protected":false},"excerpt":{"rendered":"<p>Der Severin WK 3418 Wasserkocher erhitzt Wasser genau auf die Temperatur, die du m\u00f6chtest. Du w\u00e4hlst in 5 Grad Schritten die passende Temperatureinstellung. Auf diese Weise bereitest du etwa verschiedene Teesorten zu. Empfindlichen gr\u00fcnen Tee gie\u00dft du zum Beispiel mit 70 Grad Celsius hei\u00dfem Wasser auf. Schaltest du die Warmhaltefunktion ein, bleibt das Wasser nach dem Erhitzen l\u00e4nger auf Temperatur. Das ist praktisch, wenn du mehrere Dinge in der K\u00fcche zu tun hast. Oder wenn du deinen Tee ein zweites Mal aufgie\u00dfen m\u00f6chtest. Dank der Literanzeige des Severin Wasserkochers liest du ab, wie viel Wasser noch drin ist. So gehst du sicher, dass du nur kochst, was du wirklich brauchst. Und du sparst Wasser und Energie.<\/p>\n","protected":false},"featured_media":0,"comment_status":"closed","ping_status":"open","template":"","meta":{"_acf_changed":false},"brand":[12235],"product_brand":[],"product_cat":[716],"product_tag":[717],"class_list":{"0":"post-62451","1":"product","2":"type-product","3":"status-publish","5":"brand-severin","6":"product_cat-wasserkocher","7":"product_tag-waterkokers","8":"pa_condition-new","9":"pa_coolblue-de-verzending-morgen-gratis-geliefert","10":"pa_ean-32881","11":"pa_mpn-32882","13":"first","14":"instock","15":"product-type-external"},"acf":[],"_links":{"self":[{"href":"https:\/\/onlinehardwareshop.de\/index.php\/wp-json\/wp\/v2\/product\/62451","targetHints":{"allow":["GET"]}}],"collection":[{"href":"https:\/\/onlinehardwareshop.de\/index.php\/wp-json\/wp\/v2\/product"}],"about":[{"href":"https:\/\/onlinehardwareshop.de\/index.php\/wp-json\/wp\/v2\/types\/product"}],"replies":[{"embeddable":true,"href":"https:\/\/onlinehardwareshop.de\/index.php\/wp-json\/wp\/v2\/comments?post=62451"}],"wp:attachment":[{"href":"https:\/\/onlinehardwareshop.de\/index.php\/wp-json\/wp\/v2\/media?parent=62451"}],"wp:term":[{"taxonomy":"brand","embeddable":true,"href":"https:\/\/onlinehardwareshop.de\/index.php\/wp-json\/wp\/v2\/brand?post=62451"},{"taxonomy":"product_brand","embeddable":true,"href":"https:\/\/onlinehardwareshop.de\/index.php\/wp-json\/wp\/v2\/product_brand?post=62451"},{"taxonomy":"product_cat","embeddable":true,"href":"https:\/\/onlinehardwareshop.de\/index.php\/wp-json\/wp\/v2\/product_cat?post=62451"},{"taxonomy":"product_tag","embeddable":true,"href":"https:\/\/onlinehardwareshop.de\/index.php\/wp-json\/wp\/v2\/product_tag?post=62451"}],"curies":[{"name":"wp","href":"https:\/\/api.w.org\/{rel}","templated":true}]}}