{"id":55310,"date":"2024-01-16T14:32:23","date_gmt":"2024-01-16T14:32:23","guid":{"rendered":"https:\/\/onlinehardwareshop.de\/index.php\/produkt\/wd-blue-sa510-500gb-sata-m-2-ssd\/"},"modified":"2025-05-14T06:14:47","modified_gmt":"2025-05-14T06:14:47","slug":"wd-blue-sa510-500gb-sata-m-2-ssd","status":"publish","type":"product","link":"https:\/\/onlinehardwareshop.de\/index.php\/produkt\/wd-blue-sa510-500gb-sata-m-2-ssd\/","title":{"rendered":"WD Blue SA510 500GB SATA M.2 SSD"},"content":{"rendered":"<p>Hinweis:Diese M.2-SSD hat eine SATA-Schnittstelle und funktioniert nur, wenn dein System SATA unterst\u00fctzt. \u00dcberpr\u00fcfe das in der Gebrauchsanleitung deines Laptops oder Motherboards.  Mit der WD Blue SA510 SATA M.2 SSD 500\u00a0GB erg\u00e4nzt du deinem PC oder Laptop um Speicherplatz f\u00fcr deine bevorzugten Anwendungen, Fotos und Videos. Durch den B+M-Key passt diese SSD in jeden M.2-Anschluss des Motherboards. Beachte allerdings, dass dein Motherboard SATA unterst\u00fctzen muss. Mit einer Speicherkapazit\u00e4t von insgesamt 500 Gigabyte hast du genug Platz f\u00fcr rund 50.000 Fotos oder 50 Stunden Full-HD-Bildmaterial. Du \u00fcbertr\u00e4gst Dateien mit einer Geschwindigkeit von bis zu 510 MB\/s und \u00f6ffnest sie mit einer Geschwindigkeit von bis zu 560 MB\/s. Diese Geschwindigkeiten sind h\u00f6her als bei der Version mit 250\u00a0GB Speicherplatz. Dar\u00fcber hinaus f\u00e4hrt dein PC oder Laptop innerhalb weniger Sekunden hoch und leistungshungrige Anwendungen laufen schneller und ohne zu stocken. Western Digital gew\u00e4hrt dir 5 Jahre Garantie auf diese SSD.<\/p>\n","protected":false},"excerpt":{"rendered":"<p>Hinweis:Diese M.2-SSD hat eine SATA-Schnittstelle und funktioniert nur, wenn dein System SATA unterst\u00fctzt. \u00dcberpr\u00fcfe das in der Gebrauchsanleitung deines Laptops oder Motherboards.  Mit der WD Blue SA510 SATA M.2 SSD 500\u00a0GB erg\u00e4nzt du deinem PC oder Laptop um Speicherplatz f\u00fcr deine bevorzugten Anwendungen, Fotos und Videos. Durch den B+M-Key passt diese SSD in jeden M.2-Anschluss des Motherboards. Beachte allerdings, dass dein Motherboard SATA unterst\u00fctzen muss. Mit einer Speicherkapazit\u00e4t von insgesamt 500 Gigabyte hast du genug Platz f\u00fcr rund 50.000 Fotos oder 50 Stunden Full-HD-Bildmaterial. Du \u00fcbertr\u00e4gst Dateien mit einer Geschwindigkeit von bis zu 510 MB\/s und \u00f6ffnest sie mit einer Geschwindigkeit von bis zu 560 MB\/s. Diese Geschwindigkeiten sind h\u00f6her als bei der Version mit 250\u00a0GB Speicherplatz. Dar\u00fcber hinaus f\u00e4hrt dein PC oder Laptop innerhalb weniger Sekunden hoch und leistungshungrige Anwendungen laufen schneller und ohne zu stocken. Western Digital gew\u00e4hrt dir 5 Jahre Garantie auf diese SSD.<\/p>\n","protected":false},"featured_media":0,"comment_status":"closed","ping_status":"open","template":"","meta":{"_acf_changed":false},"brand":[645],"product_brand":[],"product_cat":[2957],"product_tag":[7168],"class_list":{"0":"post-55310","1":"product","2":"type-product","3":"status-publish","5":"brand-western-digital","6":"product_cat-solid-state-drives-ssd","7":"product_tag-m-2-ssd","8":"pa_condition-new","9":"pa_coolblue-de-verzending-morgen-gratis-geliefert","10":"pa_ean-11461","11":"pa_mpn-wds500g3b0b","13":"first","14":"instock","15":"product-type-external"},"acf":[],"_links":{"self":[{"href":"https:\/\/onlinehardwareshop.de\/index.php\/wp-json\/wp\/v2\/product\/55310","targetHints":{"allow":["GET"]}}],"collection":[{"href":"https:\/\/onlinehardwareshop.de\/index.php\/wp-json\/wp\/v2\/product"}],"about":[{"href":"https:\/\/onlinehardwareshop.de\/index.php\/wp-json\/wp\/v2\/types\/product"}],"replies":[{"embeddable":true,"href":"https:\/\/onlinehardwareshop.de\/index.php\/wp-json\/wp\/v2\/comments?post=55310"}],"wp:attachment":[{"href":"https:\/\/onlinehardwareshop.de\/index.php\/wp-json\/wp\/v2\/media?parent=55310"}],"wp:term":[{"taxonomy":"brand","embeddable":true,"href":"https:\/\/onlinehardwareshop.de\/index.php\/wp-json\/wp\/v2\/brand?post=55310"},{"taxonomy":"product_brand","embeddable":true,"href":"https:\/\/onlinehardwareshop.de\/index.php\/wp-json\/wp\/v2\/product_brand?post=55310"},{"taxonomy":"product_cat","embeddable":true,"href":"https:\/\/onlinehardwareshop.de\/index.php\/wp-json\/wp\/v2\/product_cat?post=55310"},{"taxonomy":"product_tag","embeddable":true,"href":"https:\/\/onlinehardwareshop.de\/index.php\/wp-json\/wp\/v2\/product_tag?post=55310"}],"curies":[{"name":"wp","href":"https:\/\/api.w.org\/{rel}","templated":true}]}}