{"id":53762,"date":"2024-10-28T12:50:31","date_gmt":"2024-10-28T12:50:31","guid":{"rendered":"https:\/\/onlinehardwareshop.de\/index.php\/produkt\/apple-usb-c-auf-magsafe-3-kabel-2m-silber\/"},"modified":"2025-05-14T18:30:18","modified_gmt":"2025-05-14T18:30:18","slug":"apple-usb-c-auf-magsafe-3-kabel-2m-silber","status":"publish","type":"product","link":"https:\/\/onlinehardwareshop.de\/index.php\/produkt\/apple-usb-c-auf-magsafe-3-kabel-2m-silber\/","title":{"rendered":"Apple USB-C-auf-MagSafe-3-Kabel (2&#xA0;m) Silber"},"content":{"rendered":"<p>Mit dem Apple USB-C-auf-MagSafe-3-Kabel (2\u00a0m) Silber l\u00e4dst du dein MacBook mit MagSafe Anschluss auf. Das Kabel ist mit Stoff ummantelt, sodass es l\u00e4nger h\u00e4lt als ein Kabel aus Silikon. Dank des MagSafe Anschlusses befestigst du das Kabel magnetisch an deinem MacBook. Dieser Anschluss ist stark und bleibt gut an Ort und Stelle, bis du das Kabel wieder herausziehst. Stecke das Kabel in ein USB-C-Steckernetzteil und schon ist es einsatzbereit. Stolperst du aus Versehen \u00fcber das Kabel? Kein Problem. Das Kabel l\u00f6st sich automatisch und zieht dein MacBook nicht mit vom Tisch. Das L\u00e4mpchen im MagSafe Anschluss zeigt an, ob der Akku deines MacBook schon voll ist oder noch l\u00e4dt.  Hinweis: Ein Steckernetzteil wird nicht standardm\u00e4\u00dfig mitgeliefert.  Dieses Ladeger\u00e4t eignet sich f\u00fcr das MacBook Air 13\/15 Zoll (M2\/M3) und MacBook Pro 14\/16 Zoll (2021 und neuer).<\/p>\n","protected":false},"excerpt":{"rendered":"<p>Mit dem Apple USB-C-auf-MagSafe-3-Kabel (2\u00a0m) Silber l\u00e4dst du dein MacBook mit MagSafe Anschluss auf. Das Kabel ist mit Stoff ummantelt, sodass es l\u00e4nger h\u00e4lt als ein Kabel aus Silikon. Dank des MagSafe Anschlusses befestigst du das Kabel magnetisch an deinem MacBook. Dieser Anschluss ist stark und bleibt gut an Ort und Stelle, bis du das Kabel wieder herausziehst. Stecke das Kabel in ein USB-C-Steckernetzteil und schon ist es einsatzbereit. Stolperst du aus Versehen \u00fcber das Kabel? Kein Problem. Das Kabel l\u00f6st sich automatisch und zieht dein MacBook nicht mit vom Tisch. Das L\u00e4mpchen im MagSafe Anschluss zeigt an, ob der Akku deines MacBook schon voll ist oder noch l\u00e4dt.  Hinweis: Ein Steckernetzteil wird nicht standardm\u00e4\u00dfig mitgeliefert.  Dieses Ladeger\u00e4t eignet sich f\u00fcr das MacBook Air 13\/15 Zoll (M2\/M3) und MacBook Pro 14\/16 Zoll (2021 und neuer).<\/p>\n","protected":false},"featured_media":0,"comment_status":"closed","ping_status":"open","template":"","meta":{"_acf_changed":false},"brand":[148],"product_brand":[],"product_cat":[2040],"product_tag":[32222],"class_list":{"0":"post-53762","1":"product","2":"type-product","3":"status-publish","5":"brand-apple","6":"product_cat-ladegerte-fr-laptops","7":"product_tag-composed-product-opladers-voor-laptops","8":"pa_condition-new","9":"pa_coolblue-de-verzending-morgen-gratis-geliefert","10":"pa_ean-31129","11":"pa_mpn-mw613zm-a","13":"first","14":"instock","15":"product-type-external"},"acf":[],"_links":{"self":[{"href":"https:\/\/onlinehardwareshop.de\/index.php\/wp-json\/wp\/v2\/product\/53762","targetHints":{"allow":["GET"]}}],"collection":[{"href":"https:\/\/onlinehardwareshop.de\/index.php\/wp-json\/wp\/v2\/product"}],"about":[{"href":"https:\/\/onlinehardwareshop.de\/index.php\/wp-json\/wp\/v2\/types\/product"}],"replies":[{"embeddable":true,"href":"https:\/\/onlinehardwareshop.de\/index.php\/wp-json\/wp\/v2\/comments?post=53762"}],"wp:attachment":[{"href":"https:\/\/onlinehardwareshop.de\/index.php\/wp-json\/wp\/v2\/media?parent=53762"}],"wp:term":[{"taxonomy":"brand","embeddable":true,"href":"https:\/\/onlinehardwareshop.de\/index.php\/wp-json\/wp\/v2\/brand?post=53762"},{"taxonomy":"product_brand","embeddable":true,"href":"https:\/\/onlinehardwareshop.de\/index.php\/wp-json\/wp\/v2\/product_brand?post=53762"},{"taxonomy":"product_cat","embeddable":true,"href":"https:\/\/onlinehardwareshop.de\/index.php\/wp-json\/wp\/v2\/product_cat?post=53762"},{"taxonomy":"product_tag","embeddable":true,"href":"https:\/\/onlinehardwareshop.de\/index.php\/wp-json\/wp\/v2\/product_tag?post=53762"}],"curies":[{"name":"wp","href":"https:\/\/api.w.org\/{rel}","templated":true}]}}