{"id":52648,"date":"2024-10-25T18:42:35","date_gmt":"2024-10-25T18:42:35","guid":{"rendered":"https:\/\/onlinehardwareshop.de\/index.php\/produkt\/apple-macbook-pro-16-m4-max-16-core-cpu-40-core-gpu-64gb-2tb-space-schwarz-qwertz\/"},"modified":"2025-05-14T16:22:25","modified_gmt":"2025-05-14T16:22:25","slug":"apple-macbook-pro-16-m4-max-16-core-cpu-40-core-gpu-64gb-2tb-space-schwarz-qwertz","status":"publish","type":"product","link":"https:\/\/onlinehardwareshop.de\/index.php\/produkt\/apple-macbook-pro-16-m4-max-16-core-cpu-40-core-gpu-64gb-2tb-space-schwarz-qwertz\/","title":{"rendered":"Apple MacBook Pro 16&#xBF; M4 Max (16 core CPU\/40 core GPU) 64GB\/2TB Space Schwarz QWERTZ"},"content":{"rendered":"<p>Mit dem Apple MacBook Pro 16 Zoll M4 Max (16 Core CPU\/40 Core GPU) 64GB \/ 2TB in Space Schwarz bearbeitest du m\u00fchelos die gr\u00f6\u00dften 3D Designs und entwickelst Apps. Du arbeitest an komplexen 3D Designs in Cinema 4D und entwickelst mehrere Apps in anspruchsvollen Programmen wie Xcode. Der Apple M4 Max Chip, 64 Gigabyte Arbeitsspeicher und die 16 Core NPU bieten daf\u00fcr die n\u00f6tige Leistung. Deine Dateien speicherst du bequem auf der gro\u00dfz\u00fcgigen 2 Terabyte Festplatte. Du arbeitest problemlos in hell beleuchteten R\u00e4umen, genie\u00dft realistische Farben und erkennst jedes Detail auf dem 1600 Nits Liquid Retina XDR Display. Ben\u00f6tigst du mehr Bildschirmfl\u00e4che? Kein Problem, du schlie\u00dft ganz einfach 4 zus\u00e4tzliche hochaufl\u00f6sende Monitore an. Du arbeitest den ganzen Tag reibungslos an deinen Projekten arbeiten, denn ein vollst\u00e4ndig aufgeladenes MacBook Pro h\u00e4lt bis zu 24 Stunden durch. Und dank der Mittelpunkt Technologie bleibst du bei Videogespr\u00e4chen immer im Fokus, auch wenn du dich im Raum bewegst.<\/p>\n<p> Ratschlag unseres Apple Spezialisten<br \/>\n Im Internet surfen, E-Mails schreiben &#038; Textverarbeitung: geeignet<br \/>\n Filme &#038; Serien schauen: geeignet<br \/>\n Fotos bearbeiten: geeignet<br \/>\n Videos bearbeiten: geeignet<br \/>\n 3D Designs erstellen und rendern: geeignet<br \/>\n Apps in Xcode entwickeln: geeignet<br \/>\n Gaming: m\u00f6glich, aber vor allem leichte Spiele. Alle Spiele von Apple Arcade sind jedoch geeignet<\/p>\n","protected":false},"excerpt":{"rendered":"<p>Mit dem Apple MacBook Pro 16 Zoll M4 Max (16 Core CPU\/40 Core GPU) 64GB \/ 2TB in Space Schwarz bearbeitest du m\u00fchelos die gr\u00f6\u00dften 3D Designs und entwickelst Apps. Du arbeitest an komplexen 3D Designs in Cinema 4D und entwickelst mehrere Apps in anspruchsvollen Programmen wie Xcode. Der Apple M4 Max Chip, 64 Gigabyte Arbeitsspeicher und die 16 Core NPU bieten daf\u00fcr die n\u00f6tige Leistung. Deine Dateien speicherst du bequem auf der gro\u00dfz\u00fcgigen 2 Terabyte Festplatte. Du arbeitest problemlos in hell beleuchteten R\u00e4umen, genie\u00dft realistische Farben und erkennst jedes Detail auf dem 1600 Nits Liquid Retina XDR Display. Ben\u00f6tigst du mehr Bildschirmfl\u00e4che? Kein Problem, du schlie\u00dft ganz einfach 4 zus\u00e4tzliche hochaufl\u00f6sende Monitore an. Du arbeitest den ganzen Tag reibungslos an deinen Projekten arbeiten, denn ein vollst\u00e4ndig aufgeladenes MacBook Pro h\u00e4lt bis zu 24 Stunden durch. Und dank der Mittelpunkt Technologie bleibst du bei Videogespr\u00e4chen immer im Fokus, auch wenn du dich im Raum bewegst.<\/p>\n<p> Ratschlag unseres Apple Spezialisten<br \/>\n Im Internet surfen, E-Mails schreiben &#038; Textverarbeitung: geeignet<br \/>\n Filme &#038; Serien schauen: geeignet<br \/>\n Fotos bearbeiten: geeignet<br \/>\n Videos bearbeiten: geeignet<br \/>\n 3D Designs erstellen und rendern: geeignet<br \/>\n Apps in Xcode entwickeln: geeignet<br \/>\n Gaming: m\u00f6glich, aber vor allem leichte Spiele. Alle Spiele von Apple Arcade sind jedoch geeignet<\/p>\n","protected":false},"featured_media":0,"comment_status":"closed","ping_status":"open","template":"","meta":{"_acf_changed":false},"brand":[148],"product_brand":[],"product_cat":[8884],"product_tag":[8885],"class_list":{"0":"post-52648","1":"product","2":"type-product","3":"status-publish","5":"brand-apple","6":"product_cat-laptops","7":"product_tag-macbooks-qwertz","8":"pa_condition-new","9":"pa_coolblue-de-verzending-morgen-gratis-geliefert","10":"pa_ean-27158","11":"pa_mpn-z1fw_838_de_cto","13":"first","14":"instock","15":"product-type-external"},"acf":[],"_links":{"self":[{"href":"https:\/\/onlinehardwareshop.de\/index.php\/wp-json\/wp\/v2\/product\/52648","targetHints":{"allow":["GET"]}}],"collection":[{"href":"https:\/\/onlinehardwareshop.de\/index.php\/wp-json\/wp\/v2\/product"}],"about":[{"href":"https:\/\/onlinehardwareshop.de\/index.php\/wp-json\/wp\/v2\/types\/product"}],"replies":[{"embeddable":true,"href":"https:\/\/onlinehardwareshop.de\/index.php\/wp-json\/wp\/v2\/comments?post=52648"}],"wp:attachment":[{"href":"https:\/\/onlinehardwareshop.de\/index.php\/wp-json\/wp\/v2\/media?parent=52648"}],"wp:term":[{"taxonomy":"brand","embeddable":true,"href":"https:\/\/onlinehardwareshop.de\/index.php\/wp-json\/wp\/v2\/brand?post=52648"},{"taxonomy":"product_brand","embeddable":true,"href":"https:\/\/onlinehardwareshop.de\/index.php\/wp-json\/wp\/v2\/product_brand?post=52648"},{"taxonomy":"product_cat","embeddable":true,"href":"https:\/\/onlinehardwareshop.de\/index.php\/wp-json\/wp\/v2\/product_cat?post=52648"},{"taxonomy":"product_tag","embeddable":true,"href":"https:\/\/onlinehardwareshop.de\/index.php\/wp-json\/wp\/v2\/product_tag?post=52648"}],"curies":[{"name":"wp","href":"https:\/\/api.w.org\/{rel}","templated":true}]}}