{"id":50112,"date":"2024-10-09T00:03:45","date_gmt":"2024-10-09T00:03:45","guid":{"rendered":"https:\/\/onlinehardwareshop.de\/index.php\/produkt\/bluebuilt-ablaufschlauch-15meter-mit-verlngerung-fr-waschmaschinen-und-splmaschinen\/"},"modified":"2025-05-14T12:08:07","modified_gmt":"2025-05-14T12:08:07","slug":"bluebuilt-ablaufschlauch-15meter-mit-verlngerung-fr-waschmaschinen-und-splmaschinen","status":"publish","type":"product","link":"https:\/\/onlinehardwareshop.de\/index.php\/produkt\/bluebuilt-ablaufschlauch-15meter-mit-verlngerung-fr-waschmaschinen-und-splmaschinen\/","title":{"rendered":"BlueBuilt Ablaufschlauch (1,5&#xA0;Meter) mit Verl&#xE4;ngerung f&#xFC;r Waschmaschinen und Sp&#xFC;lmaschinen"},"content":{"rendered":"<p>Den BlueBuilt Ablaufschlauch mit Verl\u00e4ngerung schlie\u00dft du an Waschmaschinen und Sp\u00fclmaschinen an. Da der Schlauch 1,5\u00a0m lang ist, schlie\u00dft du deine Maschine auch m\u00fchelos an, wenn sie etwas weiter vom Ablauf entfernt steht. Mit der Verl\u00e4ngerung schlie\u00dft du den Ablaufschlauch an den bestehenden Schlauch der Waschmaschine oder Sp\u00fclmaschine an.<\/p>\n","protected":false},"excerpt":{"rendered":"<p>Den BlueBuilt Ablaufschlauch mit Verl\u00e4ngerung schlie\u00dft du an Waschmaschinen und Sp\u00fclmaschinen an. Da der Schlauch 1,5\u00a0m lang ist, schlie\u00dft du deine Maschine auch m\u00fchelos an, wenn sie etwas weiter vom Ablauf entfernt steht. Mit der Verl\u00e4ngerung schlie\u00dft du den Ablaufschlauch an den bestehenden Schlauch der Waschmaschine oder Sp\u00fclmaschine an.<\/p>\n","protected":false},"featured_media":0,"comment_status":"closed","ping_status":"open","template":"","meta":{"_acf_changed":false},"brand":[5893],"product_brand":[],"product_cat":[20257],"product_tag":[20258],"class_list":{"0":"post-50112","1":"product","2":"type-product","3":"status-publish","5":"brand-bluebuilt","6":"product_cat-wasserablaufschluche","7":"product_tag-afvoerslangen-wasmachines","8":"pa_condition-new","9":"pa_coolblue-de-verzending-morgen-gratis-geliefert","10":"pa_ean-20255","11":"pa_mpn-bbdh15","13":"first","14":"instock","15":"product-type-external"},"acf":[],"_links":{"self":[{"href":"https:\/\/onlinehardwareshop.de\/index.php\/wp-json\/wp\/v2\/product\/50112","targetHints":{"allow":["GET"]}}],"collection":[{"href":"https:\/\/onlinehardwareshop.de\/index.php\/wp-json\/wp\/v2\/product"}],"about":[{"href":"https:\/\/onlinehardwareshop.de\/index.php\/wp-json\/wp\/v2\/types\/product"}],"replies":[{"embeddable":true,"href":"https:\/\/onlinehardwareshop.de\/index.php\/wp-json\/wp\/v2\/comments?post=50112"}],"wp:attachment":[{"href":"https:\/\/onlinehardwareshop.de\/index.php\/wp-json\/wp\/v2\/media?parent=50112"}],"wp:term":[{"taxonomy":"brand","embeddable":true,"href":"https:\/\/onlinehardwareshop.de\/index.php\/wp-json\/wp\/v2\/brand?post=50112"},{"taxonomy":"product_brand","embeddable":true,"href":"https:\/\/onlinehardwareshop.de\/index.php\/wp-json\/wp\/v2\/product_brand?post=50112"},{"taxonomy":"product_cat","embeddable":true,"href":"https:\/\/onlinehardwareshop.de\/index.php\/wp-json\/wp\/v2\/product_cat?post=50112"},{"taxonomy":"product_tag","embeddable":true,"href":"https:\/\/onlinehardwareshop.de\/index.php\/wp-json\/wp\/v2\/product_tag?post=50112"}],"curies":[{"name":"wp","href":"https:\/\/api.w.org\/{rel}","templated":true}]}}