{"id":30492,"date":"2024-02-24T10:51:48","date_gmt":"2024-02-24T10:51:48","guid":{"rendered":"https:\/\/onlinehardwareshop.de\/index.php\/produkt\/siemens-et675fnp1e\/"},"modified":"2025-05-14T08:58:17","modified_gmt":"2025-05-14T08:58:17","slug":"siemens-et675fnp1e","status":"publish","type":"product","link":"https:\/\/onlinehardwareshop.de\/index.php\/produkt\/siemens-et675fnp1e\/","title":{"rendered":"Siemens ET675FNP1E"},"content":{"rendered":"<p>Auf dem Siemens ET675FNP1E Einbau-Elektrokochfeld aus Glaskeramik hast du gen\u00fcgend Platz, um gr\u00f6\u00dfere Pfannen abzustellen. Denn wenn du mehr Platz ben\u00f6tigst, schaltest du einfach die Br\u00e4terzone dazu, wodurch du gr\u00f6\u00dfere T\u00f6pfe und l\u00e4ngliche Pfannen problemlos auf dein Kochfeld stellst. Hast du es besonders eilig? Kein Problem. Ausgestattet mit der powerBoost Funktion erh\u00f6hst du die Hitze des Siemens Einbau-Elektrokochfelds und zauberst dir so schnell etwas zum Abendessen. Dank der 17 Kochmodi stellst du die erforderliche Temperatur genau ein. M\u00f6chtest du m\u00f6glichst schnell zwischen unterschiedlichen Temperaturen wechseln? Mit Touch &#038; Slide Bedienung tust du das mit nur einer Fingerber\u00fchrung. Zudem verf\u00fcgt das Kochfeld \u00fcber einen Timer mit Sicherheitsabschaltung, sodass sich deine Kochzonen nach der eingestellten Zeit von selbst ausschalten.<\/p>\n","protected":false},"excerpt":{"rendered":"<p>Auf dem Siemens ET675FNP1E Einbau-Elektrokochfeld aus Glaskeramik hast du gen\u00fcgend Platz, um gr\u00f6\u00dfere Pfannen abzustellen. Denn wenn du mehr Platz ben\u00f6tigst, schaltest du einfach die Br\u00e4terzone dazu, wodurch du gr\u00f6\u00dfere T\u00f6pfe und l\u00e4ngliche Pfannen problemlos auf dein Kochfeld stellst. Hast du es besonders eilig? Kein Problem. Ausgestattet mit der powerBoost Funktion erh\u00f6hst du die Hitze des Siemens Einbau-Elektrokochfelds und zauberst dir so schnell etwas zum Abendessen. Dank der 17 Kochmodi stellst du die erforderliche Temperatur genau ein. M\u00f6chtest du m\u00f6glichst schnell zwischen unterschiedlichen Temperaturen wechseln? Mit Touch &#038; Slide Bedienung tust du das mit nur einer Fingerber\u00fchrung. Zudem verf\u00fcgt das Kochfeld \u00fcber einen Timer mit Sicherheitsabschaltung, sodass sich deine Kochzonen nach der eingestellten Zeit von selbst ausschalten.<\/p>\n","protected":false},"featured_media":0,"comment_status":"closed","ping_status":"open","template":"","meta":{"_acf_changed":false},"brand":[2594],"product_brand":[],"product_cat":[2595],"product_tag":[2596],"class_list":{"0":"post-30492","1":"product","2":"type-product","3":"status-publish","5":"brand-siemens","6":"product_cat-kochfelder","7":"product_tag-inbouw-keramische-kookplaten","8":"pa_condition-new","9":"pa_coolblue-de-verzending-morgen-gratis-geliefert","10":"pa_ean-28347","11":"pa_mpn-et675fnp1e","13":"first","14":"instock","15":"product-type-external"},"acf":[],"_links":{"self":[{"href":"https:\/\/onlinehardwareshop.de\/index.php\/wp-json\/wp\/v2\/product\/30492","targetHints":{"allow":["GET"]}}],"collection":[{"href":"https:\/\/onlinehardwareshop.de\/index.php\/wp-json\/wp\/v2\/product"}],"about":[{"href":"https:\/\/onlinehardwareshop.de\/index.php\/wp-json\/wp\/v2\/types\/product"}],"replies":[{"embeddable":true,"href":"https:\/\/onlinehardwareshop.de\/index.php\/wp-json\/wp\/v2\/comments?post=30492"}],"wp:attachment":[{"href":"https:\/\/onlinehardwareshop.de\/index.php\/wp-json\/wp\/v2\/media?parent=30492"}],"wp:term":[{"taxonomy":"brand","embeddable":true,"href":"https:\/\/onlinehardwareshop.de\/index.php\/wp-json\/wp\/v2\/brand?post=30492"},{"taxonomy":"product_brand","embeddable":true,"href":"https:\/\/onlinehardwareshop.de\/index.php\/wp-json\/wp\/v2\/product_brand?post=30492"},{"taxonomy":"product_cat","embeddable":true,"href":"https:\/\/onlinehardwareshop.de\/index.php\/wp-json\/wp\/v2\/product_cat?post=30492"},{"taxonomy":"product_tag","embeddable":true,"href":"https:\/\/onlinehardwareshop.de\/index.php\/wp-json\/wp\/v2\/product_tag?post=30492"}],"curies":[{"name":"wp","href":"https:\/\/api.w.org\/{rel}","templated":true}]}}